{"id":10,"date":"2022-10-27T14:48:08","date_gmt":"2022-10-27T14:48:08","guid":{"rendered":"https:\/\/intikisa.pe\/?page_id=10"},"modified":"2022-10-27T14:51:52","modified_gmt":"2022-10-27T14:51:52","slug":"reembolso_devoluciones","status":"publish","type":"page","link":"https:\/\/intikisa.pe\/en\/reembolso_devoluciones\/","title":{"rendered":"Pol\u00edtica de devoluciones y reembolsos"},"content":{"rendered":"<!-- wp:p\u00e1rrafo --><!-- \/wp:p\u00e1rrafo -->\r\n\r\n<!-- wp:p\u00e1rrafo -->\r\n<h3>Resumen<\/h3>\r\n<!-- \/wp:p\u00e1rrafo -->\r\n\r\n<!-- wp:p\u00e1rrafo -->\r\n<p>Nuestra pol\u00edtica de reembolso y devoluciones tiene una duraci\u00f3n de 30 d\u00edas. Si han pasado 30 d\u00edas desde su compra, no podemos ofrecerle un reembolso completo o un cambio.<\/p>\r\n<!-- \/wp:p\u00e1rrafo -->\r\n\r\n<!-- wp:p\u00e1rrafo -->\r\n<p>Para ser elegible para una devoluci\u00f3n, su art\u00edculo debe estar sin usar y en las mismas condiciones en que lo recibi\u00f3. Tambi\u00e9n debe estar en el embalaje original.<\/p>\r\n<!-- \/wp:p\u00e1rrafo -->\r\n\r\n<!-- wp:p\u00e1rrafo -->\r\n<p>Varios tipos de bienes est\u00e1n exentos de devoluci\u00f3n. Los productos perecederos como alimentos, flores, peri\u00f3dicos o revistas no se pueden devolver. Tampoco aceptamos productos que sean art\u00edculos \u00edntimos o sanitarios, materiales peligrosos o l\u00edquidos o gases inflamables.<\/p>\r\n<!-- \/wp:p\u00e1rrafo -->\r\n\r\n<!-- wp:p\u00e1rrafo -->\r\n<p>Art\u00edculos adicionales no retornables:<\/p>\r\n<!-- \/wp:p\u00e1rrafo -->\r\n\r\n<!-- wp: lista -->\r\n<ul>\r\n<li>Tarjetas de regalo<\/li>\r\n<li>Productos de software descargables<\/li>\r\n<li>Algunos art\u00edculos de salud y cuidado personal<\/li>\r\n<\/ul>\r\n<!-- \/wp:post-content -->\r\n\r\n<!-- wp:p\u00e1rrafo -->\r\n<p>Para completar su devoluci\u00f3n, requerimos un recibo o comprobante de compra.<\/p>\r\n<!-- \/wp:p\u00e1rrafo -->\r\n\r\n<!-- wp:p\u00e1rrafo -->\r\n<p>Por favor, no devuelva su compra al fabricante.<\/p>\r\n<!-- \/wp:p\u00e1rrafo -->\r\n\r\n<!-- wp:p\u00e1rrafo -->\r\n<p>Hay ciertas situaciones en las que solo se otorgan reembolsos parciales:<\/p>\r\n<!-- \/wp:p\u00e1rrafo -->\r\n\r\n<!-- wp: lista -->\r\n<ul>\r\n<li>Libro con signos evidentes de uso<\/li>\r\n<li>CD, DVD, cinta VHS, software, videojuego, cinta de casete o disco de vinilo que se haya abierto.<\/li>\r\n<li>Cualquier art\u00edculo que no est\u00e9 en su estado original, est\u00e9 da\u00f1ado o le falten piezas por motivos que no se deban a un error nuestro.<\/li>\r\n<li>Cualquier art\u00edculo que se devuelva m\u00e1s de 30 d\u00edas despu\u00e9s de la entrega<\/li>\r\n<\/ul>\r\n<!-- \/wp:lista -->\r\n\r\n<!-- wp:p\u00e1rrafo -->\r\n<h2>Reembolsos<\/h2>\r\n<!-- \/wp:p\u00e1rrafo -->\r\n\r\n<!-- wp:p\u00e1rrafo -->\r\n<p>Una vez que se reciba e inspeccione su devoluci\u00f3n, le enviaremos un correo electr\u00f3nico para notificarle que hemos recibido su art\u00edculo devuelto. Tambi\u00e9n le notificaremos la aprobaci\u00f3n o rechazo de su reembolso.<\/p>\r\n<!-- \/wp:p\u00e1rrafo -->\r\n\r\n<!-- wp:p\u00e1rrafo -->\r\n<p>Si se aprueba, se procesar\u00e1 su reembolso y se aplicar\u00e1 autom\u00e1ticamente un cr\u00e9dito a su tarjeta de cr\u00e9dito o m\u00e9todo de pago original, dentro de una cierta cantidad de d\u00edas.<\/p>\r\n<!-- \/wp:p\u00e1rrafo -->\r\n\r\n<!-- wp:p\u00e1rrafo -->\r\n<p><b>Reembolsos atrasados \u200b\u200bo faltantes<\/b><\/p>\r\n<!-- \/wp:p\u00e1rrafo -->\r\n\r\n<!-- wp:p\u00e1rrafo -->\r\n<p>Si a\u00fan no ha recibido un reembolso, primero verifique su cuenta bancaria nuevamente.<\/p>\r\n<!-- \/wp:p\u00e1rrafo -->\r\n\r\n<!-- wp:p\u00e1rrafo -->\r\n<p>Luego, comun\u00edquese con la compa\u00f1\u00eda de su tarjeta de cr\u00e9dito, puede tomar alg\u00fan tiempo antes de que se publique oficialmente su reembolso.<\/p>\r\n<!-- \/wp:p\u00e1rrafo -->\r\n\r\n<!-- wp:p\u00e1rrafo -->\r\n<p>A continuaci\u00f3n, p\u00f3ngase en contacto con su banco. A menudo hay alg\u00fan tiempo de procesamiento antes de que se publique un reembolso.<\/p>\r\n<!-- \/wp:p\u00e1rrafo -->\r\n\r\n<!-- wp:p\u00e1rrafo -->\r\n<p>Si ha hecho todo esto y a\u00fan no ha recibido su reembolso, comun\u00edquese con nosotros a la {direcci\u00f3n de correo electr\u00f3nico}.<\/p>\r\n<!-- \/wp:p\u00e1rrafo -->\r\n\r\n<!-- wp:p\u00e1rrafo -->\r\n<p><b>Art\u00edculos en oferta<\/b><\/p>\r\n<!-- \/wp:p\u00e1rrafo -->\r\n\r\n<!-- wp:p\u00e1rrafo -->\r\n<p>Solo se pueden reembolsar los art\u00edculos de precio regular. Los art\u00edculos en oferta no se pueden reembolsar.<\/p>\r\n<!-- \/wp:p\u00e1rrafo -->\r\n\r\n<!-- wp:p\u00e1rrafo -->\r\n<h2>Intercambios<\/h2>\r\n<!-- \/wp:p\u00e1rrafo -->\r\n\r\n<!-- wp:p\u00e1rrafo -->\r\n<p>Solo reemplazamos art\u00edculos si est\u00e1n defectuosos o da\u00f1ados. Si necesita cambiarlo por el mismo art\u00edculo, env\u00edenos un correo electr\u00f3nico a {direcci\u00f3n de correo electr\u00f3nico} y env\u00ede su art\u00edculo a: {direcci\u00f3n f\u00edsica}.<\/p>\r\n<!-- \/wp:p\u00e1rrafo -->\r\n\r\n<!-- wp:p\u00e1rrafo -->\r\n<h2>Regalos<\/h2>\r\n<!-- \/wp:p\u00e1rrafo -->\r\n\r\n<!-- wp:p\u00e1rrafo -->\r\n<p>Si el art\u00edculo se marc\u00f3 como regalo cuando se compr\u00f3 y se lo enviamos directamente, recibir\u00e1 un cr\u00e9dito de regalo por el valor de su devoluci\u00f3n. Una vez que se reciba el art\u00edculo devuelto, se le enviar\u00e1 por correo un certificado de regalo.<\/p>\r\n<!-- \/wp:p\u00e1rrafo -->\r\n\r\n<!-- wp:p\u00e1rrafo -->\r\n<p>Si el art\u00edculo no se marc\u00f3 como un regalo cuando se compr\u00f3, o si el obsequio envi\u00f3 el pedido para entreg\u00e1rselo a usted m\u00e1s tarde, le enviaremos un reembolso al obsequio y se enterar\u00e1 de su devoluci\u00f3n. <\/p>\r\n<!-- \/wp:p\u00e1rrafo -->\r\n\r\n<!-- wp:p\u00e1rrafo -->\r\n<h2>Devoluciones de env\u00edo<\/h2>\r\n<!-- \/wp:p\u00e1rrafo -->\r\n\r\n<!-- wp:p\u00e1rrafo -->\r\n<p>Para devolver su producto, debe enviarlo por correo a: {direcci\u00f3n f\u00edsica}.<\/p>\r\n<!-- \/wp:p\u00e1rrafo -->\r\n\r\n<!-- wp:p\u00e1rrafo -->\r\n<p>Usted ser\u00e1 responsable de pagar sus propios costos de env\u00edo para devolver su art\u00edculo. Los gastos de env\u00edo no son reembolsables. Si recibe un reembolso, el costo del env\u00edo de devoluci\u00f3n se deducir\u00e1 de su reembolso.<\/p>\r\n<!-- \/wp:p\u00e1rrafo -->\r\n\r\n<!-- wp:p\u00e1rrafo -->\r\n<p>Dependiendo de d\u00f3nde viva, el tiempo que puede tardar en llegarle el producto intercambiado puede variar.<\/p>\r\n<!-- \/wp:p\u00e1rrafo -->\r\n\r\n<!-- wp:p\u00e1rrafo -->\r\n<p>Si est\u00e1 devolviendo art\u00edculos m\u00e1s caros, puede considerar usar un servicio de env\u00edo rastreable o comprar un seguro de env\u00edo. No garantizamos que recibiremos su art\u00edculo devuelto.<\/p>\r\n<!-- \/wp:p\u00e1rrafo -->\r\n\r\n<!-- wp:p\u00e1rrafo -->\r\n<h2>\u00bfNecesitas ayuda?<\/h2>\r\n<!-- \/wp:p\u00e1rrafo -->\r\n\r\n<!-- wp:p\u00e1rrafo -->\r\n<p>Cont\u00e1ctenos en {email} si tiene preguntas relacionadas con reembolsos y devoluciones.<\/p>\r\n<!-- \/wp:p\u00e1rrafo -->","protected":false},"excerpt":{"rendered":"<p>Resumen Nuestra pol\u00edtica de reembolso y devoluciones tiene una duraci\u00f3n de 30 d\u00edas. Si han pasado 30 d\u00edas desde su compra, no podemos ofrecerle un reembolso completo o un cambio. Para ser elegible para una devoluci\u00f3n, su art\u00edculo debe estar sin usar y en las mismas condiciones en que lo recibi\u00f3. Tambi\u00e9n debe estar en [&hellip;]<\/p>","protected":false},"author":1,"featured_media":0,"parent":0,"menu_order":0,"comment_status":"closed","ping_status":"closed","template":"","meta":{"footnotes":""},"class_list":["post-10","page","type-page","status-publish","hentry"],"acf":[],"_links":{"self":[{"href":"https:\/\/intikisa.pe\/en\/wp-json\/wp\/v2\/pages\/10","targetHints":{"allow":["GET"]}}],"collection":[{"href":"https:\/\/intikisa.pe\/en\/wp-json\/wp\/v2\/pages"}],"about":[{"href":"https:\/\/intikisa.pe\/en\/wp-json\/wp\/v2\/types\/page"}],"author":[{"embeddable":true,"href":"https:\/\/intikisa.pe\/en\/wp-json\/wp\/v2\/users\/1"}],"replies":[{"embeddable":true,"href":"https:\/\/intikisa.pe\/en\/wp-json\/wp\/v2\/comments?post=10"}],"version-history":[{"count":3,"href":"https:\/\/intikisa.pe\/en\/wp-json\/wp\/v2\/pages\/10\/revisions"}],"predecessor-version":[{"id":1724,"href":"https:\/\/intikisa.pe\/en\/wp-json\/wp\/v2\/pages\/10\/revisions\/1724"}],"wp:attachment":[{"href":"https:\/\/intikisa.pe\/en\/wp-json\/wp\/v2\/media?parent=10"}],"curies":[{"name":"wp","href":"https:\/\/api.w.org\/{rel}","templated":true}]}}