{"id":1415,"date":"2022-05-17T23:12:27","date_gmt":"2022-05-17T23:12:27","guid":{"rendered":"https:\/\/intikisa.pe\/?page_id=1415"},"modified":"2022-05-17T23:23:21","modified_gmt":"2022-05-17T23:23:21","slug":"certificaciones","status":"publish","type":"page","link":"https:\/\/intikisa.pe\/en\/certificaciones\/","title":{"rendered":"Certificaciones"},"content":{"rendered":"<div data-elementor-type=\"wp-page\" data-elementor-id=\"1415\" class=\"elementor elementor-1415\">\n\t\t\t\t\t\t\t\t\t<section class=\"has_ae_slider elementor-section elementor-top-section elementor-element elementor-element-6652d0a elementor-section-boxed elementor-section-height-default elementor-section-height-default ae-bg-gallery-type-default\" data-id=\"6652d0a\" data-element_type=\"section\">\n\t\t\t\t\t\t<div class=\"elementor-container elementor-column-gap-default\">\n\t\t\t\t\t<div class=\"has_ae_slider elementor-column elementor-col-100 elementor-top-column elementor-element elementor-element-d7e2e61 ae-bg-gallery-type-default\" data-id=\"d7e2e61\" data-element_type=\"column\">\n\t\t\t<div class=\"elementor-widget-wrap elementor-element-populated\">\n\t\t\t\t\t\t\t\t<div class=\"elementor-element elementor-element-e4b772e elementor-widget elementor-widget-heading\" data-id=\"e4b772e\" data-element_type=\"widget\" data-widget_type=\"heading.default\">\n\t\t\t\t<div class=\"elementor-widget-container\">\n\t\t\t<style>\/*! elementor - v3.17.0 - 01-11-2023 *\/\n.elementor-heading-title{padding:0;margin:0;line-height:1}.elementor-widget-heading .elementor-heading-title[class*=elementor-size-]>a{color:inherit;font-size:inherit;line-height:inherit}.elementor-widget-heading .elementor-heading-title.elementor-size-small{font-size:15px}.elementor-widget-heading .elementor-heading-title.elementor-size-medium{font-size:19px}.elementor-widget-heading .elementor-heading-title.elementor-size-large{font-size:29px}.elementor-widget-heading .elementor-heading-title.elementor-size-xl{font-size:39px}.elementor-widget-heading .elementor-heading-title.elementor-size-xxl{font-size:59px}<\/style><h1 class=\"elementor-heading-title elementor-size-default\">Certificaciones<\/h1>\t\t<\/div>\n\t\t\t\t<\/div>\n\t\t\t\t<div class=\"elementor-element elementor-element-e513768 elementor-widget elementor-widget-heading\" data-id=\"e513768\" data-element_type=\"widget\" data-widget_type=\"heading.default\">\n\t\t\t\t<div class=\"elementor-widget-container\">\n\t\t\t<h2 class=\"elementor-heading-title elementor-size-default\">FDA<\/h2>\t\t<\/div>\n\t\t\t\t<\/div>\n\t\t\t\t<div class=\"elementor-element elementor-element-6f699a2 elementor-widget elementor-widget-text-editor\" data-id=\"6f699a2\" data-element_type=\"widget\" data-widget_type=\"text-editor.default\">\n\t\t\t\t<div class=\"elementor-widget-container\">\n\t\t\t<style>\/*! elementor - v3.17.0 - 01-11-2023 *\/\n.elementor-widget-text-editor.elementor-drop-cap-view-stacked .elementor-drop-cap{background-color:#69727d;color:#fff}.elementor-widget-text-editor.elementor-drop-cap-view-framed .elementor-drop-cap{color:#69727d;border:3px solid;background-color:transparent}.elementor-widget-text-editor:not(.elementor-drop-cap-view-default) .elementor-drop-cap{margin-top:8px}.elementor-widget-text-editor:not(.elementor-drop-cap-view-default) .elementor-drop-cap-letter{width:1em;height:1em}.elementor-widget-text-editor .elementor-drop-cap{float:left;text-align:center;line-height:1;font-size:50px}.elementor-widget-text-editor .elementor-drop-cap-letter{display:inline-block}<\/style>\t\t\t\t<p>La Administraci\u00f3n de Medicamentos y Alimentos de los EE.UU. (FDA) examinan, eval\u00faa y aprueba una amplia gama de productos para uso m\u00e9dico, alimentos, cosm\u00e9ticos y muchos otros productos relacionados con la salud. En otras palabras, la aprobaci\u00f3n de la FDA significa que la FDA ha decidido que los beneficios del producto aprobado superan sus riesgos potenciales.<\/p><p>Antes de la FDA, las empresas pod\u00edan hacer afirmaciones sobre un producto sin pruebas de que era seguro o incluso de que funcionaba. Esto hac\u00eda a los consumidores extremadamente vulnerables. En la actualidad, los productos nuevos deben someterse al proceso de aprobaci\u00f3n de la FDA antes de que est\u00e9n disponibles al p\u00fablico.<\/p>\t\t\t\t\t\t<\/div>\n\t\t\t\t<\/div>\n\t\t\t\t<div class=\"elementor-element elementor-element-c53f752 elementor-widget elementor-widget-heading\" data-id=\"c53f752\" data-element_type=\"widget\" data-widget_type=\"heading.default\">\n\t\t\t\t<div class=\"elementor-widget-container\">\n\t\t\t<h3 class=\"elementor-heading-title elementor-size-default\">\u00bfPor qu\u00e9 es importante el proceso de aprobaci\u00f3n de la FDA? <\/h3>\t\t<\/div>\n\t\t\t\t<\/div>\n\t\t\t\t<div class=\"elementor-element elementor-element-d8752b8 elementor-widget elementor-widget-text-editor\" data-id=\"d8752b8\" data-element_type=\"widget\" data-widget_type=\"text-editor.default\">\n\t\t\t\t<div class=\"elementor-widget-container\">\n\t\t\t\t\t\t\t<p>La aprobaci\u00f3n de la FDA es importante porque valida la necesidad de hacer estudios de investigaci\u00f3n en alimentos para ni\u00f1osy\u00a0 adultos. Tambi\u00e9n nos permite determinar si son propicios para la salud y la alimentaci\u00f3n, determina los mejores alimentos aptos para el consumo humano<\/p>\t\t\t\t\t\t<\/div>\n\t\t\t\t<\/div>\n\t\t\t\t<div class=\"elementor-element elementor-element-44cde4a elementor-widget elementor-widget-heading\" data-id=\"44cde4a\" data-element_type=\"widget\" data-widget_type=\"heading.default\">\n\t\t\t\t<div class=\"elementor-widget-container\">\n\t\t\t<h3 class=\"elementor-heading-title elementor-size-default\">Certificado FDA Intikisa<\/h3>\t\t<\/div>\n\t\t\t\t<\/div>\n\t\t\t\t<div class=\"elementor-element elementor-element-11bde21 elementor-widget elementor-widget-text-editor\" data-id=\"11bde21\" data-element_type=\"widget\" data-widget_type=\"text-editor.default\">\n\t\t\t\t<div class=\"elementor-widget-container\">\n\t\t\t\t\t\t\t<p>Presentamos la certificacion FDA en todos nuestros productos de Intikisa.<\/p>\t\t\t\t\t\t<\/div>\n\t\t\t\t<\/div>\n\t\t\t\t<section class=\"has_ae_slider elementor-section elementor-inner-section elementor-element elementor-element-51d599f elementor-section-boxed elementor-section-height-default elementor-section-height-default ae-bg-gallery-type-default\" data-id=\"51d599f\" data-element_type=\"section\">\n\t\t\t\t\t\t<div class=\"elementor-container elementor-column-gap-default\">\n\t\t\t\t\t<div class=\"has_ae_slider elementor-column elementor-col-50 elementor-inner-column elementor-element elementor-element-56cbd67 ae-bg-gallery-type-default\" data-id=\"56cbd67\" data-element_type=\"column\">\n\t\t\t<div class=\"elementor-widget-wrap elementor-element-populated\">\n\t\t\t\t\t\t\t\t<div class=\"elementor-element elementor-element-b2fa7c4 elementor-widget elementor-widget-image\" data-id=\"b2fa7c4\" data-element_type=\"widget\" data-widget_type=\"image.default\">\n\t\t\t\t<div class=\"elementor-widget-container\">\n\t\t\t<style>\/*! elementor - v3.17.0 - 01-11-2023 *\/\n.elementor-widget-image{text-align:center}.elementor-widget-image a{display:inline-block}.elementor-widget-image a img[src$=\".svg\"]{width:48px}.elementor-widget-image img{vertical-align:middle;display:inline-block}<\/style>\t\t\t\t\t\t\t\t\t\t\t\t<img decoding=\"async\" width=\"553\" height=\"712\" data-src=\"https:\/\/intikisa.pe\/wp-content\/uploads\/2022\/05\/certificado-de-la-fba.png\" class=\"attachment-large size-large wp-image-1420 lazyload\" alt=\"\" data-srcset=\"https:\/\/intikisa.pe\/wp-content\/uploads\/2022\/05\/certificado-de-la-fba.png 553w, https:\/\/intikisa.pe\/wp-content\/uploads\/2022\/05\/certificado-de-la-fba-233x300.png 233w, https:\/\/intikisa.pe\/wp-content\/uploads\/2022\/05\/certificado-de-la-fba-380x489.png 380w\" data-sizes=\"(max-width: 553px) 100vw, 553px\" src=\"data:image\/svg+xml;base64,PHN2ZyB3aWR0aD0iMSIgaGVpZ2h0PSIxIiB4bWxucz0iaHR0cDovL3d3dy53My5vcmcvMjAwMC9zdmciPjwvc3ZnPg==\" style=\"--smush-placeholder-width: 553px; --smush-placeholder-aspect-ratio: 553\/712;\" \/>\t\t\t\t\t\t\t\t\t\t\t\t\t\t\t<\/div>\n\t\t\t\t<\/div>\n\t\t\t\t\t<\/div>\n\t\t<\/div>\n\t\t\t\t<div class=\"has_ae_slider elementor-column elementor-col-50 elementor-inner-column elementor-element elementor-element-a9f5ca1 ae-bg-gallery-type-default\" data-id=\"a9f5ca1\" data-element_type=\"column\">\n\t\t\t<div class=\"elementor-widget-wrap elementor-element-populated\">\n\t\t\t\t\t\t\t\t<div class=\"elementor-element elementor-element-a7c881c elementor-widget elementor-widget-image\" data-id=\"a7c881c\" data-element_type=\"widget\" data-widget_type=\"image.default\">\n\t\t\t\t<div class=\"elementor-widget-container\">\n\t\t\t\t\t\t\t\t\t\t\t\t\t\t\t<img decoding=\"async\" width=\"567\" height=\"663\" data-src=\"https:\/\/intikisa.pe\/wp-content\/uploads\/2022\/05\/certificado-de-la-empresa-INTIKISA-PERU-LLC.png\" class=\"attachment-large size-large wp-image-1418 lazyload\" alt=\"\" data-srcset=\"https:\/\/intikisa.pe\/wp-content\/uploads\/2022\/05\/certificado-de-la-empresa-INTIKISA-PERU-LLC.png 567w, https:\/\/intikisa.pe\/wp-content\/uploads\/2022\/05\/certificado-de-la-empresa-INTIKISA-PERU-LLC-257x300.png 257w, https:\/\/intikisa.pe\/wp-content\/uploads\/2022\/05\/certificado-de-la-empresa-INTIKISA-PERU-LLC-380x444.png 380w\" data-sizes=\"(max-width: 567px) 100vw, 567px\" src=\"data:image\/svg+xml;base64,PHN2ZyB3aWR0aD0iMSIgaGVpZ2h0PSIxIiB4bWxucz0iaHR0cDovL3d3dy53My5vcmcvMjAwMC9zdmciPjwvc3ZnPg==\" style=\"--smush-placeholder-width: 567px; --smush-placeholder-aspect-ratio: 567\/663;\" \/>\t\t\t\t\t\t\t\t\t\t\t\t\t\t\t<\/div>\n\t\t\t\t<\/div>\n\t\t\t\t\t<\/div>\n\t\t<\/div>\n\t\t\t\t\t\t\t<\/div>\n\t\t<\/section>\n\t\t\t\t<div class=\"elementor-element elementor-element-0cf1047 elementor-widget elementor-widget-spacer\" data-id=\"0cf1047\" data-element_type=\"widget\" data-widget_type=\"spacer.default\">\n\t\t\t\t<div class=\"elementor-widget-container\">\n\t\t\t<style>\/*! elementor - v3.17.0 - 01-11-2023 *\/\n.elementor-column .elementor-spacer-inner{height:var(--spacer-size)}.e-con{--container-widget-width:100%}.e-con-inner>.elementor-widget-spacer,.e-con>.elementor-widget-spacer{width:var(--container-widget-width,var(--spacer-size));--align-self:var(--container-widget-align-self,initial);--flex-shrink:0}.e-con-inner>.elementor-widget-spacer>.elementor-widget-container,.e-con>.elementor-widget-spacer>.elementor-widget-container{height:100%;width:100%}.e-con-inner>.elementor-widget-spacer>.elementor-widget-container>.elementor-spacer,.e-con>.elementor-widget-spacer>.elementor-widget-container>.elementor-spacer{height:100%}.e-con-inner>.elementor-widget-spacer>.elementor-widget-container>.elementor-spacer>.elementor-spacer-inner,.e-con>.elementor-widget-spacer>.elementor-widget-container>.elementor-spacer>.elementor-spacer-inner{height:var(--container-widget-height,var(--spacer-size))}.e-con-inner>.elementor-widget-spacer.elementor-widget-empty,.e-con>.elementor-widget-spacer.elementor-widget-empty{position:relative;min-height:22px;min-width:22px}.e-con-inner>.elementor-widget-spacer.elementor-widget-empty .elementor-widget-empty-icon,.e-con>.elementor-widget-spacer.elementor-widget-empty .elementor-widget-empty-icon{position:absolute;top:0;bottom:0;left:0;right:0;margin:auto;padding:0;width:22px;height:22px}<\/style>\t\t<div class=\"elementor-spacer\">\n\t\t\t<div class=\"elementor-spacer-inner\"><\/div>\n\t\t<\/div>\n\t\t\t\t<\/div>\n\t\t\t\t<\/div>\n\t\t\t\t<div class=\"elementor-element elementor-element-cabfc9b elementor-widget elementor-widget-heading\" data-id=\"cabfc9b\" data-element_type=\"widget\" data-widget_type=\"heading.default\">\n\t\t\t\t<div class=\"elementor-widget-container\">\n\t\t\t<h2 class=\"elementor-heading-title elementor-size-default\">KOSHER<\/h2>\t\t<\/div>\n\t\t\t\t<\/div>\n\t\t\t\t<div class=\"elementor-element elementor-element-78eaa71 elementor-widget elementor-widget-text-editor\" data-id=\"78eaa71\" data-element_type=\"widget\" data-widget_type=\"text-editor.default\">\n\t\t\t\t<div class=\"elementor-widget-container\">\n\t\t\t\t\t\t\t<p>a<strong>\u00a0certificaci\u00f3n kosher garantiza a los consumidores que la elaboraci\u00f3n de los productos e ingredientes que contienen cumple con la pol\u00edtica de alimentos kosher<\/strong>, adem\u00e1s, es indicador de que el producto cumple con estrictas normas de limpieza, pureza y calidad.<\/p><p>La demanda de productos con etiqueta kosher ha crecido exponencialmente en mercados como Europa y Estados Unidos, incluso superando otro tipo de etiquetas. El mercado de productos kosher en Am\u00e9rica Latina ha alcanzado los 100 millones de d\u00f3lares anuales, lo que representa una alta tasa de crecimiento<\/p>\t\t\t\t\t\t<\/div>\n\t\t\t\t<\/div>\n\t\t\t\t<div class=\"elementor-element elementor-element-f249be0 elementor-widget elementor-widget-text-editor\" data-id=\"f249be0\" data-element_type=\"widget\" data-widget_type=\"text-editor.default\">\n\t\t\t\t<div class=\"elementor-widget-container\">\n\t\t\t\t\t\t\t<p>Presentamos la certificacion KOSHER en todos nuestros productos de Intikisa.<\/p>\t\t\t\t\t\t<\/div>\n\t\t\t\t<\/div>\n\t\t\t\t\t<\/div>\n\t\t<\/div>\n\t\t\t\t\t\t\t<\/div>\n\t\t<\/section>\n\t\t\t\t\t\t\t<\/div>","protected":false},"excerpt":{"rendered":"<p>Certificaciones FDA La Administraci\u00f3n de Medicamentos y Alimentos de los EE.UU. (FDA) examinan, eval\u00faa y aprueba una amplia gama de productos para uso m\u00e9dico, alimentos, cosm\u00e9ticos y muchos otros productos relacionados con la salud. En otras palabras, la aprobaci\u00f3n de la FDA significa que la FDA ha decidido que los beneficios del producto aprobado superan [&hellip;]<\/p>","protected":false},"author":1,"featured_media":0,"parent":0,"menu_order":0,"comment_status":"closed","ping_status":"closed","template":"","meta":{"footnotes":""},"class_list":["post-1415","page","type-page","status-publish","hentry"],"acf":[],"_links":{"self":[{"href":"https:\/\/intikisa.pe\/en\/wp-json\/wp\/v2\/pages\/1415","targetHints":{"allow":["GET"]}}],"collection":[{"href":"https:\/\/intikisa.pe\/en\/wp-json\/wp\/v2\/pages"}],"about":[{"href":"https:\/\/intikisa.pe\/en\/wp-json\/wp\/v2\/types\/page"}],"author":[{"embeddable":true,"href":"https:\/\/intikisa.pe\/en\/wp-json\/wp\/v2\/users\/1"}],"replies":[{"embeddable":true,"href":"https:\/\/intikisa.pe\/en\/wp-json\/wp\/v2\/comments?post=1415"}],"version-history":[{"count":4,"href":"https:\/\/intikisa.pe\/en\/wp-json\/wp\/v2\/pages\/1415\/revisions"}],"predecessor-version":[{"id":1424,"href":"https:\/\/intikisa.pe\/en\/wp-json\/wp\/v2\/pages\/1415\/revisions\/1424"}],"wp:attachment":[{"href":"https:\/\/intikisa.pe\/en\/wp-json\/wp\/v2\/media?parent=1415"}],"curies":[{"name":"wp","href":"https:\/\/api.w.org\/{rel}","templated":true}]}}