{"id":3790,"date":"2024-08-01T21:26:16","date_gmt":"2024-08-01T21:26:16","guid":{"rendered":"https:\/\/intikisa.pe\/?page_id=3790"},"modified":"2024-08-01T21:27:07","modified_gmt":"2024-08-01T21:27:07","slug":"habitos-saludables","status":"publish","type":"page","link":"https:\/\/intikisa.pe\/en\/habitos-saludables\/","title":{"rendered":"Habitos saludables"},"content":{"rendered":"<div data-elementor-type=\"wp-page\" data-elementor-id=\"3790\" class=\"elementor elementor-3790\">\n\t\t\t\t\t\t\t\t\t<section class=\"has_ae_slider elementor-section elementor-top-section elementor-element elementor-element-748228a elementor-section-boxed elementor-section-height-default elementor-section-height-default ae-bg-gallery-type-default\" data-id=\"748228a\" data-element_type=\"section\">\n\t\t\t\t\t\t<div class=\"elementor-container elementor-column-gap-default\">\n\t\t\t\t\t<div class=\"has_ae_slider elementor-column elementor-col-100 elementor-top-column elementor-element elementor-element-fcea8c8 ae-bg-gallery-type-default\" data-id=\"fcea8c8\" data-element_type=\"column\">\n\t\t\t<div class=\"elementor-widget-wrap elementor-element-populated\">\n\t\t\t\t\t\t\t\t<div class=\"elementor-element elementor-element-f7b8b69 elementor-widget elementor-widget-heading\" data-id=\"f7b8b69\" data-element_type=\"widget\" data-widget_type=\"heading.default\">\n\t\t\t\t<div class=\"elementor-widget-container\">\n\t\t\t<style>\/*! elementor - v3.17.0 - 01-11-2023 *\/\n.elementor-heading-title{padding:0;margin:0;line-height:1}.elementor-widget-heading .elementor-heading-title[class*=elementor-size-]>a{color:inherit;font-size:inherit;line-height:inherit}.elementor-widget-heading .elementor-heading-title.elementor-size-small{font-size:15px}.elementor-widget-heading .elementor-heading-title.elementor-size-medium{font-size:19px}.elementor-widget-heading .elementor-heading-title.elementor-size-large{font-size:29px}.elementor-widget-heading .elementor-heading-title.elementor-size-xl{font-size:39px}.elementor-widget-heading .elementor-heading-title.elementor-size-xxl{font-size:59px}<\/style><h2 class=\"elementor-heading-title elementor-size-default\">Habitos saludables<\/h2>\t\t<\/div>\n\t\t\t\t<\/div>\n\t\t\t\t<div class=\"elementor-element elementor-element-2a3c576 elementor-grid-2 elementor-grid-tablet-2 elementor-grid-mobile-1 elementor-posts--thumbnail-top elementor-widget elementor-widget-posts\" data-id=\"2a3c576\" data-element_type=\"widget\" data-settings=\"{&quot;classic_columns&quot;:&quot;2&quot;,&quot;pagination_type&quot;:&quot;load_more_infinite_scroll&quot;,&quot;classic_columns_tablet&quot;:&quot;2&quot;,&quot;classic_columns_mobile&quot;:&quot;1&quot;,&quot;classic_row_gap&quot;:{&quot;unit&quot;:&quot;px&quot;,&quot;size&quot;:35,&quot;sizes&quot;:[]},&quot;classic_row_gap_widescreen&quot;:{&quot;unit&quot;:&quot;px&quot;,&quot;size&quot;:&quot;&quot;,&quot;sizes&quot;:[]},&quot;classic_row_gap_laptop&quot;:{&quot;unit&quot;:&quot;px&quot;,&quot;size&quot;:&quot;&quot;,&quot;sizes&quot;:[]},&quot;classic_row_gap_tablet_extra&quot;:{&quot;unit&quot;:&quot;px&quot;,&quot;size&quot;:&quot;&quot;,&quot;sizes&quot;:[]},&quot;classic_row_gap_tablet&quot;:{&quot;unit&quot;:&quot;px&quot;,&quot;size&quot;:&quot;&quot;,&quot;sizes&quot;:[]},&quot;classic_row_gap_mobile_extra&quot;:{&quot;unit&quot;:&quot;px&quot;,&quot;size&quot;:&quot;&quot;,&quot;sizes&quot;:[]},&quot;classic_row_gap_mobile&quot;:{&quot;unit&quot;:&quot;px&quot;,&quot;size&quot;:&quot;&quot;,&quot;sizes&quot;:[]},&quot;load_more_spinner&quot;:{&quot;value&quot;:&quot;fas fa-spinner&quot;,&quot;library&quot;:&quot;fa-solid&quot;}}\" data-widget_type=\"posts.classic\">\n\t\t\t\t<div class=\"elementor-widget-container\">\n\t\t\t<link rel=\"stylesheet\" href=\"https:\/\/intikisa.pe\/wp-content\/plugins\/elementor-pro\/assets\/css\/widget-posts.min.css\">\t\t<div class=\"elementor-posts-container elementor-posts elementor-posts--skin-classic elementor-grid\">\n\t\t\t\t<article class=\"elementor-post elementor-grid-item post-5992 post type-post status-publish format-standard has-post-thumbnail hentry category-habitos-saludables\">\n\t\t\t\t<a class=\"elementor-post__thumbnail__link\" href=\"https:\/\/intikisa.pe\/en\/no-todos-los-momentos-del-dia-se-alimentan-igual-como-ajustar-lo-que-consumes-segun-tu-ritmo-diario\/\" >\n\t\t\t<div class=\"elementor-post__thumbnail\"><img decoding=\"async\" width=\"1728\" height=\"864\" data-src=\"https:\/\/intikisa.pe\/wp-content\/uploads\/2026\/03\/No-todos-los-momentos-del-dia-se-alimentan-igual-como-ajustar-lo-que-consumes-segun-tu-ritmo-diario.jpg\" class=\"attachment-full size-full wp-image-5993 lazyload\" alt=\"\" data-srcset=\"https:\/\/intikisa.pe\/wp-content\/uploads\/2026\/03\/No-todos-los-momentos-del-dia-se-alimentan-igual-como-ajustar-lo-que-consumes-segun-tu-ritmo-diario.jpg 1728w, https:\/\/intikisa.pe\/wp-content\/uploads\/2026\/03\/No-todos-los-momentos-del-dia-se-alimentan-igual-como-ajustar-lo-que-consumes-segun-tu-ritmo-diario-300x150.jpg 300w, https:\/\/intikisa.pe\/wp-content\/uploads\/2026\/03\/No-todos-los-momentos-del-dia-se-alimentan-igual-como-ajustar-lo-que-consumes-segun-tu-ritmo-diario-1024x512.jpg 1024w, https:\/\/intikisa.pe\/wp-content\/uploads\/2026\/03\/No-todos-los-momentos-del-dia-se-alimentan-igual-como-ajustar-lo-que-consumes-segun-tu-ritmo-diario-768x384.jpg 768w, https:\/\/intikisa.pe\/wp-content\/uploads\/2026\/03\/No-todos-los-momentos-del-dia-se-alimentan-igual-como-ajustar-lo-que-consumes-segun-tu-ritmo-diario-1536x768.jpg 1536w, https:\/\/intikisa.pe\/wp-content\/uploads\/2026\/03\/No-todos-los-momentos-del-dia-se-alimentan-igual-como-ajustar-lo-que-consumes-segun-tu-ritmo-diario-18x9.jpg 18w, https:\/\/intikisa.pe\/wp-content\/uploads\/2026\/03\/No-todos-los-momentos-del-dia-se-alimentan-igual-como-ajustar-lo-que-consumes-segun-tu-ritmo-diario-600x300.jpg 600w\" data-sizes=\"(max-width: 1728px) 100vw, 1728px\" src=\"data:image\/svg+xml;base64,PHN2ZyB3aWR0aD0iMSIgaGVpZ2h0PSIxIiB4bWxucz0iaHR0cDovL3d3dy53My5vcmcvMjAwMC9zdmciPjwvc3ZnPg==\" style=\"--smush-placeholder-width: 1728px; --smush-placeholder-aspect-ratio: 1728\/864;\" \/><\/div>\n\t\t<\/a>\n\t\t\t\t<div class=\"elementor-post__text\">\n\t\t\t\t<h3 class=\"elementor-post__title\">\n\t\t\t<a href=\"https:\/\/intikisa.pe\/en\/no-todos-los-momentos-del-dia-se-alimentan-igual-como-ajustar-lo-que-consumes-segun-tu-ritmo-diario\/\" >\n\t\t\t\tNo todos los momentos del d\u00eda se alimentan igual: c\u00f3mo ajustar lo que consumes seg\u00fan tu ritmo diario\t\t\t<\/a>\n\t\t<\/h3>\n\t\t\t\t<\/div>\n\t\t\t\t<\/article>\n\t\t\t\t<article class=\"elementor-post elementor-grid-item post-5980 post type-post status-publish format-standard has-post-thumbnail hentry category-habitos-saludables\">\n\t\t\t\t<a class=\"elementor-post__thumbnail__link\" href=\"https:\/\/intikisa.pe\/en\/crononutricion-por-que-no-solo-importa-lo-que-comes-sino-cuando-lo-comes\/\" >\n\t\t\t<div class=\"elementor-post__thumbnail\"><img decoding=\"async\" width=\"1728\" height=\"864\" data-src=\"https:\/\/intikisa.pe\/wp-content\/uploads\/2026\/03\/Crononutricion-por-que-no-solo-importa-lo-que-comes-sino-cuando-lo-comes.jpg\" class=\"attachment-full size-full wp-image-5981 lazyload\" alt=\"\" data-srcset=\"https:\/\/intikisa.pe\/wp-content\/uploads\/2026\/03\/Crononutricion-por-que-no-solo-importa-lo-que-comes-sino-cuando-lo-comes.jpg 1728w, https:\/\/intikisa.pe\/wp-content\/uploads\/2026\/03\/Crononutricion-por-que-no-solo-importa-lo-que-comes-sino-cuando-lo-comes-300x150.jpg 300w, https:\/\/intikisa.pe\/wp-content\/uploads\/2026\/03\/Crononutricion-por-que-no-solo-importa-lo-que-comes-sino-cuando-lo-comes-1024x512.jpg 1024w, https:\/\/intikisa.pe\/wp-content\/uploads\/2026\/03\/Crononutricion-por-que-no-solo-importa-lo-que-comes-sino-cuando-lo-comes-768x384.jpg 768w, https:\/\/intikisa.pe\/wp-content\/uploads\/2026\/03\/Crononutricion-por-que-no-solo-importa-lo-que-comes-sino-cuando-lo-comes-1536x768.jpg 1536w, https:\/\/intikisa.pe\/wp-content\/uploads\/2026\/03\/Crononutricion-por-que-no-solo-importa-lo-que-comes-sino-cuando-lo-comes-18x9.jpg 18w, https:\/\/intikisa.pe\/wp-content\/uploads\/2026\/03\/Crononutricion-por-que-no-solo-importa-lo-que-comes-sino-cuando-lo-comes-600x300.jpg 600w\" data-sizes=\"(max-width: 1728px) 100vw, 1728px\" src=\"data:image\/svg+xml;base64,PHN2ZyB3aWR0aD0iMSIgaGVpZ2h0PSIxIiB4bWxucz0iaHR0cDovL3d3dy53My5vcmcvMjAwMC9zdmciPjwvc3ZnPg==\" style=\"--smush-placeholder-width: 1728px; --smush-placeholder-aspect-ratio: 1728\/864;\" \/><\/div>\n\t\t<\/a>\n\t\t\t\t<div class=\"elementor-post__text\">\n\t\t\t\t<h3 class=\"elementor-post__title\">\n\t\t\t<a href=\"https:\/\/intikisa.pe\/en\/crononutricion-por-que-no-solo-importa-lo-que-comes-sino-cuando-lo-comes\/\" >\n\t\t\t\tCrononutrici\u00f3n: por qu\u00e9 no solo importa lo que comes, sino cu\u00e1ndo lo comes\t\t\t<\/a>\n\t\t<\/h3>\n\t\t\t\t<\/div>\n\t\t\t\t<\/article>\n\t\t\t\t<article class=\"elementor-post elementor-grid-item post-5967 post type-post status-publish format-standard has-post-thumbnail hentry category-habitos-saludables\">\n\t\t\t\t<a class=\"elementor-post__thumbnail__link\" href=\"https:\/\/intikisa.pe\/en\/nutricion-portatil-la-forma-inteligente-de-alimentarte-sin-frenar-tu-ritmo\/\" >\n\t\t\t<div class=\"elementor-post__thumbnail\"><img decoding=\"async\" width=\"1728\" height=\"864\" data-src=\"https:\/\/intikisa.pe\/wp-content\/uploads\/2026\/02\/Nutricion-portatil-la-forma-inteligente-de-alimentarte-sin-frenar-tu-ritmo.jpg\" class=\"attachment-full size-full wp-image-5968 lazyload\" alt=\"\" data-srcset=\"https:\/\/intikisa.pe\/wp-content\/uploads\/2026\/02\/Nutricion-portatil-la-forma-inteligente-de-alimentarte-sin-frenar-tu-ritmo.jpg 1728w, https:\/\/intikisa.pe\/wp-content\/uploads\/2026\/02\/Nutricion-portatil-la-forma-inteligente-de-alimentarte-sin-frenar-tu-ritmo-300x150.jpg 300w, https:\/\/intikisa.pe\/wp-content\/uploads\/2026\/02\/Nutricion-portatil-la-forma-inteligente-de-alimentarte-sin-frenar-tu-ritmo-1024x512.jpg 1024w, https:\/\/intikisa.pe\/wp-content\/uploads\/2026\/02\/Nutricion-portatil-la-forma-inteligente-de-alimentarte-sin-frenar-tu-ritmo-768x384.jpg 768w, https:\/\/intikisa.pe\/wp-content\/uploads\/2026\/02\/Nutricion-portatil-la-forma-inteligente-de-alimentarte-sin-frenar-tu-ritmo-1536x768.jpg 1536w, https:\/\/intikisa.pe\/wp-content\/uploads\/2026\/02\/Nutricion-portatil-la-forma-inteligente-de-alimentarte-sin-frenar-tu-ritmo-18x9.jpg 18w, https:\/\/intikisa.pe\/wp-content\/uploads\/2026\/02\/Nutricion-portatil-la-forma-inteligente-de-alimentarte-sin-frenar-tu-ritmo-600x300.jpg 600w\" data-sizes=\"(max-width: 1728px) 100vw, 1728px\" src=\"data:image\/svg+xml;base64,PHN2ZyB3aWR0aD0iMSIgaGVpZ2h0PSIxIiB4bWxucz0iaHR0cDovL3d3dy53My5vcmcvMjAwMC9zdmciPjwvc3ZnPg==\" style=\"--smush-placeholder-width: 1728px; --smush-placeholder-aspect-ratio: 1728\/864;\" \/><\/div>\n\t\t<\/a>\n\t\t\t\t<div class=\"elementor-post__text\">\n\t\t\t\t<h3 class=\"elementor-post__title\">\n\t\t\t<a href=\"https:\/\/intikisa.pe\/en\/nutricion-portatil-la-forma-inteligente-de-alimentarte-sin-frenar-tu-ritmo\/\" >\n\t\t\t\tNutrici\u00f3n port\u00e1til:  la forma inteligente de alimentarte sin frenar tu ritmo\t\t\t<\/a>\n\t\t<\/h3>\n\t\t\t\t<\/div>\n\t\t\t\t<\/article>\n\t\t\t\t<article class=\"elementor-post elementor-grid-item post-5951 post type-post status-publish format-standard has-post-thumbnail hentry category-habitos-saludables\">\n\t\t\t\t<a class=\"elementor-post__thumbnail__link\" href=\"https:\/\/intikisa.pe\/en\/el-cansancio-moderno-por-que-comer-mas-no-siempre-significa-tener-mas-energia\/\" >\n\t\t\t<div class=\"elementor-post__thumbnail\"><img decoding=\"async\" width=\"1728\" height=\"864\" data-src=\"https:\/\/intikisa.pe\/wp-content\/uploads\/2026\/02\/El-cansancio-moderno-por-que-comer-mas-no-siempre-significa-tener-mas-energia.jpg\" class=\"attachment-full size-full wp-image-5958 lazyload\" alt=\"\" data-srcset=\"https:\/\/intikisa.pe\/wp-content\/uploads\/2026\/02\/El-cansancio-moderno-por-que-comer-mas-no-siempre-significa-tener-mas-energia.jpg 1728w, https:\/\/intikisa.pe\/wp-content\/uploads\/2026\/02\/El-cansancio-moderno-por-que-comer-mas-no-siempre-significa-tener-mas-energia-300x150.jpg 300w, https:\/\/intikisa.pe\/wp-content\/uploads\/2026\/02\/El-cansancio-moderno-por-que-comer-mas-no-siempre-significa-tener-mas-energia-1024x512.jpg 1024w, https:\/\/intikisa.pe\/wp-content\/uploads\/2026\/02\/El-cansancio-moderno-por-que-comer-mas-no-siempre-significa-tener-mas-energia-768x384.jpg 768w, https:\/\/intikisa.pe\/wp-content\/uploads\/2026\/02\/El-cansancio-moderno-por-que-comer-mas-no-siempre-significa-tener-mas-energia-1536x768.jpg 1536w, https:\/\/intikisa.pe\/wp-content\/uploads\/2026\/02\/El-cansancio-moderno-por-que-comer-mas-no-siempre-significa-tener-mas-energia-18x9.jpg 18w, https:\/\/intikisa.pe\/wp-content\/uploads\/2026\/02\/El-cansancio-moderno-por-que-comer-mas-no-siempre-significa-tener-mas-energia-600x300.jpg 600w\" data-sizes=\"(max-width: 1728px) 100vw, 1728px\" src=\"data:image\/svg+xml;base64,PHN2ZyB3aWR0aD0iMSIgaGVpZ2h0PSIxIiB4bWxucz0iaHR0cDovL3d3dy53My5vcmcvMjAwMC9zdmciPjwvc3ZnPg==\" style=\"--smush-placeholder-width: 1728px; --smush-placeholder-aspect-ratio: 1728\/864;\" \/><\/div>\n\t\t<\/a>\n\t\t\t\t<div class=\"elementor-post__text\">\n\t\t\t\t<h3 class=\"elementor-post__title\">\n\t\t\t<a href=\"https:\/\/intikisa.pe\/en\/el-cansancio-moderno-por-que-comer-mas-no-siempre-significa-tener-mas-energia\/\" >\n\t\t\t\tEl cansancio moderno: por qu\u00e9 comer m\u00e1s no siempre significa tener m\u00e1s energ\u00eda\t\t\t<\/a>\n\t\t<\/h3>\n\t\t\t\t<\/div>\n\t\t\t\t<\/article>\n\t\t\t\t<article class=\"elementor-post elementor-grid-item post-5933 post type-post status-publish format-standard has-post-thumbnail hentry category-habitos-saludables\">\n\t\t\t\t<a class=\"elementor-post__thumbnail__link\" href=\"https:\/\/intikisa.pe\/en\/constancia-vs-motivacion-lo-que-realmente-sostiene-un-habito-saludable\/\" >\n\t\t\t<div class=\"elementor-post__thumbnail\"><img decoding=\"async\" width=\"1728\" height=\"864\" data-src=\"https:\/\/intikisa.pe\/wp-content\/uploads\/2026\/01\/Constancia-vs.-motivacion-lo-que-realmente-sostiene-un-habito-saludable.jpg\" class=\"attachment-full size-full wp-image-5937 lazyload\" alt=\"\" data-srcset=\"https:\/\/intikisa.pe\/wp-content\/uploads\/2026\/01\/Constancia-vs.-motivacion-lo-que-realmente-sostiene-un-habito-saludable.jpg 1728w, https:\/\/intikisa.pe\/wp-content\/uploads\/2026\/01\/Constancia-vs.-motivacion-lo-que-realmente-sostiene-un-habito-saludable-300x150.jpg 300w, https:\/\/intikisa.pe\/wp-content\/uploads\/2026\/01\/Constancia-vs.-motivacion-lo-que-realmente-sostiene-un-habito-saludable-1024x512.jpg 1024w, https:\/\/intikisa.pe\/wp-content\/uploads\/2026\/01\/Constancia-vs.-motivacion-lo-que-realmente-sostiene-un-habito-saludable-768x384.jpg 768w, https:\/\/intikisa.pe\/wp-content\/uploads\/2026\/01\/Constancia-vs.-motivacion-lo-que-realmente-sostiene-un-habito-saludable-1536x768.jpg 1536w, https:\/\/intikisa.pe\/wp-content\/uploads\/2026\/01\/Constancia-vs.-motivacion-lo-que-realmente-sostiene-un-habito-saludable-18x9.jpg 18w, https:\/\/intikisa.pe\/wp-content\/uploads\/2026\/01\/Constancia-vs.-motivacion-lo-que-realmente-sostiene-un-habito-saludable-600x300.jpg 600w\" data-sizes=\"(max-width: 1728px) 100vw, 1728px\" src=\"data:image\/svg+xml;base64,PHN2ZyB3aWR0aD0iMSIgaGVpZ2h0PSIxIiB4bWxucz0iaHR0cDovL3d3dy53My5vcmcvMjAwMC9zdmciPjwvc3ZnPg==\" style=\"--smush-placeholder-width: 1728px; --smush-placeholder-aspect-ratio: 1728\/864;\" \/><\/div>\n\t\t<\/a>\n\t\t\t\t<div class=\"elementor-post__text\">\n\t\t\t\t<h3 class=\"elementor-post__title\">\n\t\t\t<a href=\"https:\/\/intikisa.pe\/en\/constancia-vs-motivacion-lo-que-realmente-sostiene-un-habito-saludable\/\" >\n\t\t\t\tConstancia vs. motivaci\u00f3n: lo que realmente sostiene un h\u00e1bito saludable\t\t\t<\/a>\n\t\t<\/h3>\n\t\t\t\t<\/div>\n\t\t\t\t<\/article>\n\t\t\t\t<article class=\"elementor-post elementor-grid-item post-5705 post type-post status-publish format-standard has-post-thumbnail hentry category-habitos-saludables\">\n\t\t\t\t<a class=\"elementor-post__thumbnail__link\" href=\"https:\/\/intikisa.pe\/en\/kefir-el-elixir-ancestral-que-renace-y-como-potenciarlo-con-los-superfoods-de-intikisa\/\" >\n\t\t\t<div class=\"elementor-post__thumbnail\"><img decoding=\"async\" width=\"1728\" height=\"864\" data-src=\"https:\/\/intikisa.pe\/wp-content\/uploads\/2025\/10\/BANNER-BLOG-PERU-1728-x-864-px-5.jpg\" class=\"attachment-full size-full wp-image-5706 lazyload\" alt=\"\" data-srcset=\"https:\/\/intikisa.pe\/wp-content\/uploads\/2025\/10\/BANNER-BLOG-PERU-1728-x-864-px-5.jpg 1728w, https:\/\/intikisa.pe\/wp-content\/uploads\/2025\/10\/BANNER-BLOG-PERU-1728-x-864-px-5-300x150.jpg 300w, https:\/\/intikisa.pe\/wp-content\/uploads\/2025\/10\/BANNER-BLOG-PERU-1728-x-864-px-5-1024x512.jpg 1024w, https:\/\/intikisa.pe\/wp-content\/uploads\/2025\/10\/BANNER-BLOG-PERU-1728-x-864-px-5-768x384.jpg 768w, https:\/\/intikisa.pe\/wp-content\/uploads\/2025\/10\/BANNER-BLOG-PERU-1728-x-864-px-5-1536x768.jpg 1536w, https:\/\/intikisa.pe\/wp-content\/uploads\/2025\/10\/BANNER-BLOG-PERU-1728-x-864-px-5-18x9.jpg 18w, https:\/\/intikisa.pe\/wp-content\/uploads\/2025\/10\/BANNER-BLOG-PERU-1728-x-864-px-5-600x300.jpg 600w\" data-sizes=\"(max-width: 1728px) 100vw, 1728px\" src=\"data:image\/svg+xml;base64,PHN2ZyB3aWR0aD0iMSIgaGVpZ2h0PSIxIiB4bWxucz0iaHR0cDovL3d3dy53My5vcmcvMjAwMC9zdmciPjwvc3ZnPg==\" style=\"--smush-placeholder-width: 1728px; --smush-placeholder-aspect-ratio: 1728\/864;\" \/><\/div>\n\t\t<\/a>\n\t\t\t\t<div class=\"elementor-post__text\">\n\t\t\t\t<h3 class=\"elementor-post__title\">\n\t\t\t<a href=\"https:\/\/intikisa.pe\/en\/kefir-el-elixir-ancestral-que-renace-y-como-potenciarlo-con-los-superfoods-de-intikisa\/\" >\n\t\t\t\tK\u00e9fir: El Elixir Ancestral que Renace \u2014 y C\u00f3mo Potenciarlo con los Superfoods de Intikisa\t\t\t<\/a>\n\t\t<\/h3>\n\t\t\t\t<\/div>\n\t\t\t\t<\/article>\n\t\t\t\t<\/div>\n\n\n\t\t\t\t\t<span class=\"e-load-more-spinner\">\n\t\t\t\t<i aria-hidden=\"true\" class=\"fas fa-spinner\"><\/i>\t\t\t<\/span>\n\t\t\n\t\t\t\t<div class=\"e-load-more-anchor\" data-page=\"1\" data-max-page=\"4\" data-next-page=\"https:\/\/intikisa.pe\/en\/wp-json\/wp\/v2\/pages\/3790\/page\/2\/\"><\/div>\n\t\t\t\t<div class=\"e-load-more-message\"><\/div>\n\t\t\t\t<\/div>\n\t\t\t\t<\/div>\n\t\t\t\t\t<\/div>\n\t\t<\/div>\n\t\t\t\t\t\t\t<\/div>\n\t\t<\/section>\n\t\t\t\t\t\t\t<\/div>","protected":false},"excerpt":{"rendered":"<p>Habitos saludables<\/p>","protected":false},"author":5,"featured_media":0,"parent":0,"menu_order":0,"comment_status":"closed","ping_status":"closed","template":"","meta":{"footnotes":""},"class_list":["post-3790","page","type-page","status-publish","hentry"],"acf":[],"_links":{"self":[{"href":"https:\/\/intikisa.pe\/en\/wp-json\/wp\/v2\/pages\/3790","targetHints":{"allow":["GET"]}}],"collection":[{"href":"https:\/\/intikisa.pe\/en\/wp-json\/wp\/v2\/pages"}],"about":[{"href":"https:\/\/intikisa.pe\/en\/wp-json\/wp\/v2\/types\/page"}],"author":[{"embeddable":true,"href":"https:\/\/intikisa.pe\/en\/wp-json\/wp\/v2\/users\/5"}],"replies":[{"embeddable":true,"href":"https:\/\/intikisa.pe\/en\/wp-json\/wp\/v2\/comments?post=3790"}],"version-history":[{"count":4,"href":"https:\/\/intikisa.pe\/en\/wp-json\/wp\/v2\/pages\/3790\/revisions"}],"predecessor-version":[{"id":3795,"href":"https:\/\/intikisa.pe\/en\/wp-json\/wp\/v2\/pages\/3790\/revisions\/3795"}],"wp:attachment":[{"href":"https:\/\/intikisa.pe\/en\/wp-json\/wp\/v2\/media?parent=3790"}],"curies":[{"name":"wp","href":"https:\/\/api.w.org\/{rel}","templated":true}]}}