{"id":3797,"date":"2024-08-01T21:28:48","date_gmt":"2024-08-01T21:28:48","guid":{"rendered":"https:\/\/intikisa.pe\/?page_id=3797"},"modified":"2024-08-01T21:29:34","modified_gmt":"2024-08-01T21:29:34","slug":"productos-intikisa","status":"publish","type":"page","link":"https:\/\/intikisa.pe\/en\/productos-intikisa\/","title":{"rendered":"Productos Intikisa"},"content":{"rendered":"<div data-elementor-type=\"wp-page\" data-elementor-id=\"3797\" class=\"elementor elementor-3797\">\n\t\t\t\t\t\t\t\t\t<section class=\"has_ae_slider elementor-section elementor-top-section elementor-element elementor-element-748228a elementor-section-boxed elementor-section-height-default elementor-section-height-default ae-bg-gallery-type-default\" data-id=\"748228a\" data-element_type=\"section\">\n\t\t\t\t\t\t<div class=\"elementor-container elementor-column-gap-default\">\n\t\t\t\t\t<div class=\"has_ae_slider elementor-column elementor-col-100 elementor-top-column elementor-element elementor-element-fcea8c8 ae-bg-gallery-type-default\" data-id=\"fcea8c8\" data-element_type=\"column\">\n\t\t\t<div class=\"elementor-widget-wrap elementor-element-populated\">\n\t\t\t\t\t\t\t\t<div class=\"elementor-element elementor-element-f7b8b69 elementor-widget elementor-widget-heading\" data-id=\"f7b8b69\" data-element_type=\"widget\" data-widget_type=\"heading.default\">\n\t\t\t\t<div class=\"elementor-widget-container\">\n\t\t\t<style>\/*! elementor - v3.17.0 - 01-11-2023 *\/\n.elementor-heading-title{padding:0;margin:0;line-height:1}.elementor-widget-heading .elementor-heading-title[class*=elementor-size-]>a{color:inherit;font-size:inherit;line-height:inherit}.elementor-widget-heading .elementor-heading-title.elementor-size-small{font-size:15px}.elementor-widget-heading .elementor-heading-title.elementor-size-medium{font-size:19px}.elementor-widget-heading .elementor-heading-title.elementor-size-large{font-size:29px}.elementor-widget-heading .elementor-heading-title.elementor-size-xl{font-size:39px}.elementor-widget-heading .elementor-heading-title.elementor-size-xxl{font-size:59px}<\/style><h2 class=\"elementor-heading-title elementor-size-default\">Productos Intikisa<\/h2>\t\t<\/div>\n\t\t\t\t<\/div>\n\t\t\t\t<div class=\"elementor-element elementor-element-2a3c576 elementor-grid-2 elementor-grid-tablet-2 elementor-grid-mobile-1 elementor-posts--thumbnail-top elementor-widget elementor-widget-posts\" data-id=\"2a3c576\" data-element_type=\"widget\" data-settings=\"{&quot;classic_columns&quot;:&quot;2&quot;,&quot;pagination_type&quot;:&quot;load_more_infinite_scroll&quot;,&quot;classic_columns_tablet&quot;:&quot;2&quot;,&quot;classic_columns_mobile&quot;:&quot;1&quot;,&quot;classic_row_gap&quot;:{&quot;unit&quot;:&quot;px&quot;,&quot;size&quot;:35,&quot;sizes&quot;:[]},&quot;classic_row_gap_widescreen&quot;:{&quot;unit&quot;:&quot;px&quot;,&quot;size&quot;:&quot;&quot;,&quot;sizes&quot;:[]},&quot;classic_row_gap_laptop&quot;:{&quot;unit&quot;:&quot;px&quot;,&quot;size&quot;:&quot;&quot;,&quot;sizes&quot;:[]},&quot;classic_row_gap_tablet_extra&quot;:{&quot;unit&quot;:&quot;px&quot;,&quot;size&quot;:&quot;&quot;,&quot;sizes&quot;:[]},&quot;classic_row_gap_tablet&quot;:{&quot;unit&quot;:&quot;px&quot;,&quot;size&quot;:&quot;&quot;,&quot;sizes&quot;:[]},&quot;classic_row_gap_mobile_extra&quot;:{&quot;unit&quot;:&quot;px&quot;,&quot;size&quot;:&quot;&quot;,&quot;sizes&quot;:[]},&quot;classic_row_gap_mobile&quot;:{&quot;unit&quot;:&quot;px&quot;,&quot;size&quot;:&quot;&quot;,&quot;sizes&quot;:[]},&quot;load_more_spinner&quot;:{&quot;value&quot;:&quot;fas fa-spinner&quot;,&quot;library&quot;:&quot;fa-solid&quot;}}\" data-widget_type=\"posts.classic\">\n\t\t\t\t<div class=\"elementor-widget-container\">\n\t\t\t<link rel=\"stylesheet\" href=\"https:\/\/intikisa.pe\/wp-content\/plugins\/elementor-pro\/assets\/css\/widget-posts.min.css\">\t\t<div class=\"elementor-posts-container elementor-posts elementor-posts--skin-classic elementor-grid\">\n\t\t\t\t<article class=\"elementor-post elementor-grid-item post-5960 post type-post status-publish format-standard has-post-thumbnail hentry category-productos-intikisa\">\n\t\t\t\t<a class=\"elementor-post__thumbnail__link\" href=\"https:\/\/intikisa.pe\/en\/%e2%9d%a4%ef%b8%8f-san-valentin-saludable-ideas-de-regalos-naturales-con-los-productos-de-intikisa\/\" >\n\t\t\t<div class=\"elementor-post__thumbnail\"><img decoding=\"async\" width=\"1728\" height=\"864\" data-src=\"https:\/\/intikisa.pe\/wp-content\/uploads\/2026\/02\/San-Valentin-saludable-ideas-de-regalos-naturales-con-los-productos-de-Intikisa.jpg\" class=\"attachment-full size-full wp-image-5961 lazyload\" alt=\"\" data-srcset=\"https:\/\/intikisa.pe\/wp-content\/uploads\/2026\/02\/San-Valentin-saludable-ideas-de-regalos-naturales-con-los-productos-de-Intikisa.jpg 1728w, https:\/\/intikisa.pe\/wp-content\/uploads\/2026\/02\/San-Valentin-saludable-ideas-de-regalos-naturales-con-los-productos-de-Intikisa-300x150.jpg 300w, https:\/\/intikisa.pe\/wp-content\/uploads\/2026\/02\/San-Valentin-saludable-ideas-de-regalos-naturales-con-los-productos-de-Intikisa-1024x512.jpg 1024w, https:\/\/intikisa.pe\/wp-content\/uploads\/2026\/02\/San-Valentin-saludable-ideas-de-regalos-naturales-con-los-productos-de-Intikisa-768x384.jpg 768w, https:\/\/intikisa.pe\/wp-content\/uploads\/2026\/02\/San-Valentin-saludable-ideas-de-regalos-naturales-con-los-productos-de-Intikisa-1536x768.jpg 1536w, https:\/\/intikisa.pe\/wp-content\/uploads\/2026\/02\/San-Valentin-saludable-ideas-de-regalos-naturales-con-los-productos-de-Intikisa-18x9.jpg 18w, https:\/\/intikisa.pe\/wp-content\/uploads\/2026\/02\/San-Valentin-saludable-ideas-de-regalos-naturales-con-los-productos-de-Intikisa-600x300.jpg 600w\" data-sizes=\"(max-width: 1728px) 100vw, 1728px\" src=\"data:image\/svg+xml;base64,PHN2ZyB3aWR0aD0iMSIgaGVpZ2h0PSIxIiB4bWxucz0iaHR0cDovL3d3dy53My5vcmcvMjAwMC9zdmciPjwvc3ZnPg==\" style=\"--smush-placeholder-width: 1728px; --smush-placeholder-aspect-ratio: 1728\/864;\" \/><\/div>\n\t\t<\/a>\n\t\t\t\t<div class=\"elementor-post__text\">\n\t\t\t\t<h3 class=\"elementor-post__title\">\n\t\t\t<a href=\"https:\/\/intikisa.pe\/en\/%e2%9d%a4%ef%b8%8f-san-valentin-saludable-ideas-de-regalos-naturales-con-los-productos-de-intikisa\/\" >\n\t\t\t\t\u2764\ufe0f San Valent\u00edn saludable: ideas de regalos naturales con los productos de Intikisa\t\t\t<\/a>\n\t\t<\/h3>\n\t\t\t\t<\/div>\n\t\t\t\t<\/article>\n\t\t\t\t<article class=\"elementor-post elementor-grid-item post-5845 post type-post status-publish format-standard has-post-thumbnail hentry category-productos-intikisa\">\n\t\t\t\t<a class=\"elementor-post__thumbnail__link\" href=\"https:\/\/intikisa.pe\/en\/cassava-flour-la-alternativa-premium-sin-gluten-que-marca-la-diferencia\/\" >\n\t\t\t<div class=\"elementor-post__thumbnail\"><img decoding=\"async\" width=\"1728\" height=\"864\" data-src=\"https:\/\/intikisa.pe\/wp-content\/uploads\/2025\/12\/Golden-Berries-Intikisa-el-superalimento-peruano-que-conquista-la-salud-1.jpg\" class=\"attachment-full size-full wp-image-5846 lazyload\" alt=\"\" data-srcset=\"https:\/\/intikisa.pe\/wp-content\/uploads\/2025\/12\/Golden-Berries-Intikisa-el-superalimento-peruano-que-conquista-la-salud-1.jpg 1728w, https:\/\/intikisa.pe\/wp-content\/uploads\/2025\/12\/Golden-Berries-Intikisa-el-superalimento-peruano-que-conquista-la-salud-1-300x150.jpg 300w, https:\/\/intikisa.pe\/wp-content\/uploads\/2025\/12\/Golden-Berries-Intikisa-el-superalimento-peruano-que-conquista-la-salud-1-1024x512.jpg 1024w, https:\/\/intikisa.pe\/wp-content\/uploads\/2025\/12\/Golden-Berries-Intikisa-el-superalimento-peruano-que-conquista-la-salud-1-768x384.jpg 768w, https:\/\/intikisa.pe\/wp-content\/uploads\/2025\/12\/Golden-Berries-Intikisa-el-superalimento-peruano-que-conquista-la-salud-1-1536x768.jpg 1536w, https:\/\/intikisa.pe\/wp-content\/uploads\/2025\/12\/Golden-Berries-Intikisa-el-superalimento-peruano-que-conquista-la-salud-1-18x9.jpg 18w, https:\/\/intikisa.pe\/wp-content\/uploads\/2025\/12\/Golden-Berries-Intikisa-el-superalimento-peruano-que-conquista-la-salud-1-600x300.jpg 600w\" data-sizes=\"(max-width: 1728px) 100vw, 1728px\" src=\"data:image\/svg+xml;base64,PHN2ZyB3aWR0aD0iMSIgaGVpZ2h0PSIxIiB4bWxucz0iaHR0cDovL3d3dy53My5vcmcvMjAwMC9zdmciPjwvc3ZnPg==\" style=\"--smush-placeholder-width: 1728px; --smush-placeholder-aspect-ratio: 1728\/864;\" \/><\/div>\n\t\t<\/a>\n\t\t\t\t<div class=\"elementor-post__text\">\n\t\t\t\t<h3 class=\"elementor-post__title\">\n\t\t\t<a href=\"https:\/\/intikisa.pe\/en\/cassava-flour-la-alternativa-premium-sin-gluten-que-marca-la-diferencia\/\" >\n\t\t\t\tCassava Flour: La Alternativa Premium sin Gluten que Marca la Diferencia\t\t\t<\/a>\n\t\t<\/h3>\n\t\t\t\t<\/div>\n\t\t\t\t<\/article>\n\t\t\t\t<article class=\"elementor-post elementor-grid-item post-5800 post type-post status-publish format-standard has-post-thumbnail hentry category-productos-intikisa\">\n\t\t\t\t<a class=\"elementor-post__thumbnail__link\" href=\"https:\/\/intikisa.pe\/en\/zapallo-loche-loche-squash-deshidratado-que-es-beneficios-recetas-y-donde-comprar\/\" >\n\t\t\t<div class=\"elementor-post__thumbnail\"><img decoding=\"async\" width=\"1728\" height=\"864\" data-src=\"https:\/\/intikisa.pe\/wp-content\/uploads\/2025\/11\/espanol-5.jpg\" class=\"attachment-full size-full wp-image-5801 lazyload\" alt=\"Zapallo Loche Deshidratado: Todo lo que debes saber del mejor fruto del per\u00fa\" data-srcset=\"https:\/\/intikisa.pe\/wp-content\/uploads\/2025\/11\/espanol-5.jpg 1728w, https:\/\/intikisa.pe\/wp-content\/uploads\/2025\/11\/espanol-5-300x150.jpg 300w, https:\/\/intikisa.pe\/wp-content\/uploads\/2025\/11\/espanol-5-1024x512.jpg 1024w, https:\/\/intikisa.pe\/wp-content\/uploads\/2025\/11\/espanol-5-768x384.jpg 768w, https:\/\/intikisa.pe\/wp-content\/uploads\/2025\/11\/espanol-5-1536x768.jpg 1536w, https:\/\/intikisa.pe\/wp-content\/uploads\/2025\/11\/espanol-5-18x9.jpg 18w, https:\/\/intikisa.pe\/wp-content\/uploads\/2025\/11\/espanol-5-600x300.jpg 600w\" data-sizes=\"(max-width: 1728px) 100vw, 1728px\" src=\"data:image\/svg+xml;base64,PHN2ZyB3aWR0aD0iMSIgaGVpZ2h0PSIxIiB4bWxucz0iaHR0cDovL3d3dy53My5vcmcvMjAwMC9zdmciPjwvc3ZnPg==\" style=\"--smush-placeholder-width: 1728px; --smush-placeholder-aspect-ratio: 1728\/864;\" \/><\/div>\n\t\t<\/a>\n\t\t\t\t<div class=\"elementor-post__text\">\n\t\t\t\t<h3 class=\"elementor-post__title\">\n\t\t\t<a href=\"https:\/\/intikisa.pe\/en\/zapallo-loche-loche-squash-deshidratado-que-es-beneficios-recetas-y-donde-comprar\/\" >\n\t\t\t\tZapallo loche (loch\u00e9 squash) deshidratado: qu\u00e9 es, beneficios, recetas y d\u00f3nde comprar\t\t\t<\/a>\n\t\t<\/h3>\n\t\t\t\t<\/div>\n\t\t\t\t<\/article>\n\t\t\t\t<article class=\"elementor-post elementor-grid-item post-5794 post type-post status-publish format-standard has-post-thumbnail hentry category-productos-intikisa\">\n\t\t\t\t<a class=\"elementor-post__thumbnail__link\" href=\"https:\/\/intikisa.pe\/en\/zapallo-loche-deshidratado-el-superalimento-peruano-que-estuvo-frente-a-nosotros-todo-el-tiempo\/\" >\n\t\t\t<div class=\"elementor-post__thumbnail\"><img decoding=\"async\" width=\"1728\" height=\"864\" data-src=\"https:\/\/intikisa.pe\/wp-content\/uploads\/2025\/11\/espanol-4.jpg\" class=\"attachment-full size-full wp-image-5795 lazyload\" alt=\"Zapallo Loche Deshidratado: El Superalimento Peruano que Estuvo Frente a Nosotros Todo el Tiempo\" data-srcset=\"https:\/\/intikisa.pe\/wp-content\/uploads\/2025\/11\/espanol-4.jpg 1728w, https:\/\/intikisa.pe\/wp-content\/uploads\/2025\/11\/espanol-4-300x150.jpg 300w, https:\/\/intikisa.pe\/wp-content\/uploads\/2025\/11\/espanol-4-1024x512.jpg 1024w, https:\/\/intikisa.pe\/wp-content\/uploads\/2025\/11\/espanol-4-768x384.jpg 768w, https:\/\/intikisa.pe\/wp-content\/uploads\/2025\/11\/espanol-4-1536x768.jpg 1536w, https:\/\/intikisa.pe\/wp-content\/uploads\/2025\/11\/espanol-4-18x9.jpg 18w, https:\/\/intikisa.pe\/wp-content\/uploads\/2025\/11\/espanol-4-600x300.jpg 600w\" data-sizes=\"(max-width: 1728px) 100vw, 1728px\" src=\"data:image\/svg+xml;base64,PHN2ZyB3aWR0aD0iMSIgaGVpZ2h0PSIxIiB4bWxucz0iaHR0cDovL3d3dy53My5vcmcvMjAwMC9zdmciPjwvc3ZnPg==\" style=\"--smush-placeholder-width: 1728px; --smush-placeholder-aspect-ratio: 1728\/864;\" \/><\/div>\n\t\t<\/a>\n\t\t\t\t<div class=\"elementor-post__text\">\n\t\t\t\t<h3 class=\"elementor-post__title\">\n\t\t\t<a href=\"https:\/\/intikisa.pe\/en\/zapallo-loche-deshidratado-el-superalimento-peruano-que-estuvo-frente-a-nosotros-todo-el-tiempo\/\" >\n\t\t\t\tZapallo Loche Deshidratado:  El Superalimento Peruano que Estuvo Frente a Nosotros Todo el Tiempo\t\t\t<\/a>\n\t\t<\/h3>\n\t\t\t\t<\/div>\n\t\t\t\t<\/article>\n\t\t\t\t<article class=\"elementor-post elementor-grid-item post-5710 post type-post status-publish format-standard has-post-thumbnail hentry category-productos-intikisa\">\n\t\t\t\t<a class=\"elementor-post__thumbnail__link\" href=\"https:\/\/intikisa.pe\/en\/mousse-cremoso-de-lucuma-con-leche-de-coco-dulce-natural-con-superpoderes\/\" >\n\t\t\t<div class=\"elementor-post__thumbnail\"><img decoding=\"async\" width=\"1728\" height=\"864\" data-src=\"https:\/\/intikisa.pe\/wp-content\/uploads\/2025\/11\/BANNER-BLOG-PERU-1728-x-864-px-7.jpg\" class=\"attachment-full size-full wp-image-5712 lazyload\" alt=\"Mousse cremoso de l\u00facuma con leche de coco Dulce natural con superpoderes\" data-srcset=\"https:\/\/intikisa.pe\/wp-content\/uploads\/2025\/11\/BANNER-BLOG-PERU-1728-x-864-px-7.jpg 1728w, https:\/\/intikisa.pe\/wp-content\/uploads\/2025\/11\/BANNER-BLOG-PERU-1728-x-864-px-7-300x150.jpg 300w, https:\/\/intikisa.pe\/wp-content\/uploads\/2025\/11\/BANNER-BLOG-PERU-1728-x-864-px-7-1024x512.jpg 1024w, https:\/\/intikisa.pe\/wp-content\/uploads\/2025\/11\/BANNER-BLOG-PERU-1728-x-864-px-7-768x384.jpg 768w, https:\/\/intikisa.pe\/wp-content\/uploads\/2025\/11\/BANNER-BLOG-PERU-1728-x-864-px-7-1536x768.jpg 1536w, https:\/\/intikisa.pe\/wp-content\/uploads\/2025\/11\/BANNER-BLOG-PERU-1728-x-864-px-7-18x9.jpg 18w, https:\/\/intikisa.pe\/wp-content\/uploads\/2025\/11\/BANNER-BLOG-PERU-1728-x-864-px-7-600x300.jpg 600w\" data-sizes=\"(max-width: 1728px) 100vw, 1728px\" src=\"data:image\/svg+xml;base64,PHN2ZyB3aWR0aD0iMSIgaGVpZ2h0PSIxIiB4bWxucz0iaHR0cDovL3d3dy53My5vcmcvMjAwMC9zdmciPjwvc3ZnPg==\" style=\"--smush-placeholder-width: 1728px; --smush-placeholder-aspect-ratio: 1728\/864;\" \/><\/div>\n\t\t<\/a>\n\t\t\t\t<div class=\"elementor-post__text\">\n\t\t\t\t<h3 class=\"elementor-post__title\">\n\t\t\t<a href=\"https:\/\/intikisa.pe\/en\/mousse-cremoso-de-lucuma-con-leche-de-coco-dulce-natural-con-superpoderes\/\" >\n\t\t\t\tMousse cremoso de l\u00facuma con leche de coco \u2013 Dulce natural con superpoderes\t\t\t<\/a>\n\t\t<\/h3>\n\t\t\t\t<\/div>\n\t\t\t\t<\/article>\n\t\t\t\t<article class=\"elementor-post elementor-grid-item post-5683 post type-post status-publish format-standard has-post-thumbnail hentry category-productos-intikisa\">\n\t\t\t\t<a class=\"elementor-post__thumbnail__link\" href=\"https:\/\/intikisa.pe\/en\/el-zapallo-loche-la-herencia-dorada-del-norte-que-nutre-cuerpo-y-memoria\/\" >\n\t\t\t<div class=\"elementor-post__thumbnail\"><img decoding=\"async\" width=\"1728\" height=\"864\" data-src=\"https:\/\/intikisa.pe\/wp-content\/uploads\/2025\/10\/BANNER-BLOG-PERU-1728-x-864-px-2.jpg\" class=\"attachment-full size-full wp-image-5684 lazyload\" alt=\"\" data-srcset=\"https:\/\/intikisa.pe\/wp-content\/uploads\/2025\/10\/BANNER-BLOG-PERU-1728-x-864-px-2.jpg 1728w, https:\/\/intikisa.pe\/wp-content\/uploads\/2025\/10\/BANNER-BLOG-PERU-1728-x-864-px-2-300x150.jpg 300w, https:\/\/intikisa.pe\/wp-content\/uploads\/2025\/10\/BANNER-BLOG-PERU-1728-x-864-px-2-1024x512.jpg 1024w, https:\/\/intikisa.pe\/wp-content\/uploads\/2025\/10\/BANNER-BLOG-PERU-1728-x-864-px-2-768x384.jpg 768w, https:\/\/intikisa.pe\/wp-content\/uploads\/2025\/10\/BANNER-BLOG-PERU-1728-x-864-px-2-1536x768.jpg 1536w, https:\/\/intikisa.pe\/wp-content\/uploads\/2025\/10\/BANNER-BLOG-PERU-1728-x-864-px-2-18x9.jpg 18w, https:\/\/intikisa.pe\/wp-content\/uploads\/2025\/10\/BANNER-BLOG-PERU-1728-x-864-px-2-600x300.jpg 600w\" data-sizes=\"(max-width: 1728px) 100vw, 1728px\" src=\"data:image\/svg+xml;base64,PHN2ZyB3aWR0aD0iMSIgaGVpZ2h0PSIxIiB4bWxucz0iaHR0cDovL3d3dy53My5vcmcvMjAwMC9zdmciPjwvc3ZnPg==\" style=\"--smush-placeholder-width: 1728px; --smush-placeholder-aspect-ratio: 1728\/864;\" \/><\/div>\n\t\t<\/a>\n\t\t\t\t<div class=\"elementor-post__text\">\n\t\t\t\t<h3 class=\"elementor-post__title\">\n\t\t\t<a href=\"https:\/\/intikisa.pe\/en\/el-zapallo-loche-la-herencia-dorada-del-norte-que-nutre-cuerpo-y-memoria\/\" >\n\t\t\t\tEl Zapallo Loche: la herencia dorada del norte que nutre cuerpo y memoria\t\t\t<\/a>\n\t\t<\/h3>\n\t\t\t\t<\/div>\n\t\t\t\t<\/article>\n\t\t\t\t<\/div>\n\n\n\t\t\t\t\t<span class=\"e-load-more-spinner\">\n\t\t\t\t<i aria-hidden=\"true\" class=\"fas fa-spinner\"><\/i>\t\t\t<\/span>\n\t\t\n\t\t\t\t<div class=\"e-load-more-anchor\" data-page=\"1\" data-max-page=\"4\" data-next-page=\"https:\/\/intikisa.pe\/en\/wp-json\/wp\/v2\/pages\/3797\/page\/2\/\"><\/div>\n\t\t\t\t<div class=\"e-load-more-message\"><\/div>\n\t\t\t\t<\/div>\n\t\t\t\t<\/div>\n\t\t\t\t\t<\/div>\n\t\t<\/div>\n\t\t\t\t\t\t\t<\/div>\n\t\t<\/section>\n\t\t\t\t\t\t\t<\/div>","protected":false},"excerpt":{"rendered":"<p>Productos Intikisa<\/p>","protected":false},"author":5,"featured_media":0,"parent":0,"menu_order":0,"comment_status":"closed","ping_status":"closed","template":"","meta":{"footnotes":""},"class_list":["post-3797","page","type-page","status-publish","hentry"],"acf":[],"_links":{"self":[{"href":"https:\/\/intikisa.pe\/en\/wp-json\/wp\/v2\/pages\/3797","targetHints":{"allow":["GET"]}}],"collection":[{"href":"https:\/\/intikisa.pe\/en\/wp-json\/wp\/v2\/pages"}],"about":[{"href":"https:\/\/intikisa.pe\/en\/wp-json\/wp\/v2\/types\/page"}],"author":[{"embeddable":true,"href":"https:\/\/intikisa.pe\/en\/wp-json\/wp\/v2\/users\/5"}],"replies":[{"embeddable":true,"href":"https:\/\/intikisa.pe\/en\/wp-json\/wp\/v2\/comments?post=3797"}],"version-history":[{"count":4,"href":"https:\/\/intikisa.pe\/en\/wp-json\/wp\/v2\/pages\/3797\/revisions"}],"predecessor-version":[{"id":3802,"href":"https:\/\/intikisa.pe\/en\/wp-json\/wp\/v2\/pages\/3797\/revisions\/3802"}],"wp:attachment":[{"href":"https:\/\/intikisa.pe\/en\/wp-json\/wp\/v2\/media?parent=3797"}],"curies":[{"name":"wp","href":"https:\/\/api.w.org\/{rel}","templated":true}]}}