{"id":3804,"date":"2024-08-01T21:30:38","date_gmt":"2024-08-01T21:30:38","guid":{"rendered":"https:\/\/intikisa.pe\/?page_id=3804"},"modified":"2024-08-02T21:16:53","modified_gmt":"2024-08-02T21:16:53","slug":"investigacion","status":"publish","type":"page","link":"https:\/\/intikisa.pe\/en\/investigacion\/","title":{"rendered":"Investigacion"},"content":{"rendered":"<div data-elementor-type=\"wp-page\" data-elementor-id=\"3804\" class=\"elementor elementor-3804\">\n\t\t\t\t\t\t\t\t\t<section class=\"has_ae_slider elementor-section elementor-top-section elementor-element elementor-element-748228a elementor-section-boxed elementor-section-height-default elementor-section-height-default ae-bg-gallery-type-default\" data-id=\"748228a\" data-element_type=\"section\">\n\t\t\t\t\t\t<div class=\"elementor-container elementor-column-gap-default\">\n\t\t\t\t\t<div class=\"has_ae_slider elementor-column elementor-col-100 elementor-top-column elementor-element elementor-element-fcea8c8 ae-bg-gallery-type-default\" data-id=\"fcea8c8\" data-element_type=\"column\">\n\t\t\t<div class=\"elementor-widget-wrap elementor-element-populated\">\n\t\t\t\t\t\t\t\t<div class=\"elementor-element elementor-element-f7b8b69 elementor-widget elementor-widget-heading\" data-id=\"f7b8b69\" data-element_type=\"widget\" data-widget_type=\"heading.default\">\n\t\t\t\t<div class=\"elementor-widget-container\">\n\t\t\t<style>\/*! elementor - v3.17.0 - 01-11-2023 *\/\n.elementor-heading-title{padding:0;margin:0;line-height:1}.elementor-widget-heading .elementor-heading-title[class*=elementor-size-]>a{color:inherit;font-size:inherit;line-height:inherit}.elementor-widget-heading .elementor-heading-title.elementor-size-small{font-size:15px}.elementor-widget-heading .elementor-heading-title.elementor-size-medium{font-size:19px}.elementor-widget-heading .elementor-heading-title.elementor-size-large{font-size:29px}.elementor-widget-heading .elementor-heading-title.elementor-size-xl{font-size:39px}.elementor-widget-heading .elementor-heading-title.elementor-size-xxl{font-size:59px}<\/style><h2 class=\"elementor-heading-title elementor-size-default\">Investigaci\u00f3n y datos curiosos<\/h2>\t\t<\/div>\n\t\t\t\t<\/div>\n\t\t\t\t<div class=\"elementor-element elementor-element-2a3c576 elementor-grid-2 elementor-grid-tablet-2 elementor-grid-mobile-1 elementor-posts--thumbnail-top elementor-widget elementor-widget-posts\" data-id=\"2a3c576\" data-element_type=\"widget\" data-settings=\"{&quot;classic_columns&quot;:&quot;2&quot;,&quot;pagination_type&quot;:&quot;load_more_infinite_scroll&quot;,&quot;classic_columns_tablet&quot;:&quot;2&quot;,&quot;classic_columns_mobile&quot;:&quot;1&quot;,&quot;classic_row_gap&quot;:{&quot;unit&quot;:&quot;px&quot;,&quot;size&quot;:35,&quot;sizes&quot;:[]},&quot;classic_row_gap_widescreen&quot;:{&quot;unit&quot;:&quot;px&quot;,&quot;size&quot;:&quot;&quot;,&quot;sizes&quot;:[]},&quot;classic_row_gap_laptop&quot;:{&quot;unit&quot;:&quot;px&quot;,&quot;size&quot;:&quot;&quot;,&quot;sizes&quot;:[]},&quot;classic_row_gap_tablet_extra&quot;:{&quot;unit&quot;:&quot;px&quot;,&quot;size&quot;:&quot;&quot;,&quot;sizes&quot;:[]},&quot;classic_row_gap_tablet&quot;:{&quot;unit&quot;:&quot;px&quot;,&quot;size&quot;:&quot;&quot;,&quot;sizes&quot;:[]},&quot;classic_row_gap_mobile_extra&quot;:{&quot;unit&quot;:&quot;px&quot;,&quot;size&quot;:&quot;&quot;,&quot;sizes&quot;:[]},&quot;classic_row_gap_mobile&quot;:{&quot;unit&quot;:&quot;px&quot;,&quot;size&quot;:&quot;&quot;,&quot;sizes&quot;:[]},&quot;load_more_spinner&quot;:{&quot;value&quot;:&quot;fas fa-spinner&quot;,&quot;library&quot;:&quot;fa-solid&quot;}}\" data-widget_type=\"posts.classic\">\n\t\t\t\t<div class=\"elementor-widget-container\">\n\t\t\t<link rel=\"stylesheet\" href=\"https:\/\/intikisa.pe\/wp-content\/plugins\/elementor-pro\/assets\/css\/widget-posts.min.css\">\t\t<div class=\"elementor-posts-container elementor-posts elementor-posts--skin-classic elementor-grid\">\n\t\t\t\t<article class=\"elementor-post elementor-grid-item post-6021 post type-post status-publish format-standard has-post-thumbnail hentry category-investigaciones\">\n\t\t\t\t<a class=\"elementor-post__thumbnail__link\" href=\"https:\/\/intikisa.pe\/en\/domingo-de-pascua-disfruta-sin-culpa-y-sin-perder-el-equilibrio\/\" >\n\t\t\t<div class=\"elementor-post__thumbnail\"><img decoding=\"async\" width=\"1728\" height=\"864\" data-src=\"https:\/\/intikisa.pe\/wp-content\/uploads\/2026\/04\/Domingo-de-Pascua-disfruta-sin-culpa-y-sin-perder-el-equilibrio.jpg\" class=\"attachment-full size-full wp-image-6022 lazyload\" alt=\"\" data-srcset=\"https:\/\/intikisa.pe\/wp-content\/uploads\/2026\/04\/Domingo-de-Pascua-disfruta-sin-culpa-y-sin-perder-el-equilibrio.jpg 1728w, https:\/\/intikisa.pe\/wp-content\/uploads\/2026\/04\/Domingo-de-Pascua-disfruta-sin-culpa-y-sin-perder-el-equilibrio-300x150.jpg 300w, https:\/\/intikisa.pe\/wp-content\/uploads\/2026\/04\/Domingo-de-Pascua-disfruta-sin-culpa-y-sin-perder-el-equilibrio-1024x512.jpg 1024w, https:\/\/intikisa.pe\/wp-content\/uploads\/2026\/04\/Domingo-de-Pascua-disfruta-sin-culpa-y-sin-perder-el-equilibrio-768x384.jpg 768w, https:\/\/intikisa.pe\/wp-content\/uploads\/2026\/04\/Domingo-de-Pascua-disfruta-sin-culpa-y-sin-perder-el-equilibrio-1536x768.jpg 1536w, https:\/\/intikisa.pe\/wp-content\/uploads\/2026\/04\/Domingo-de-Pascua-disfruta-sin-culpa-y-sin-perder-el-equilibrio-18x9.jpg 18w, https:\/\/intikisa.pe\/wp-content\/uploads\/2026\/04\/Domingo-de-Pascua-disfruta-sin-culpa-y-sin-perder-el-equilibrio-600x300.jpg 600w\" data-sizes=\"(max-width: 1728px) 100vw, 1728px\" src=\"data:image\/svg+xml;base64,PHN2ZyB3aWR0aD0iMSIgaGVpZ2h0PSIxIiB4bWxucz0iaHR0cDovL3d3dy53My5vcmcvMjAwMC9zdmciPjwvc3ZnPg==\" style=\"--smush-placeholder-width: 1728px; --smush-placeholder-aspect-ratio: 1728\/864;\" \/><\/div>\n\t\t<\/a>\n\t\t\t\t<div class=\"elementor-post__text\">\n\t\t\t\t<h3 class=\"elementor-post__title\">\n\t\t\t<a href=\"https:\/\/intikisa.pe\/en\/domingo-de-pascua-disfruta-sin-culpa-y-sin-perder-el-equilibrio\/\" >\n\t\t\t\tDomingo de Pascua:  disfruta sin culpa y sin perder el equilibrio\t\t\t<\/a>\n\t\t<\/h3>\n\t\t\t\t<\/div>\n\t\t\t\t<\/article>\n\t\t\t\t<article class=\"elementor-post elementor-grid-item post-6016 post type-post status-publish format-standard has-post-thumbnail hentry category-investigaciones\">\n\t\t\t\t<a class=\"elementor-post__thumbnail__link\" href=\"https:\/\/intikisa.pe\/en\/sabado-de-gloria-como-volver-al-equilibrio-sin-caer-en-excesos-ni-restricciones\/\" >\n\t\t\t<div class=\"elementor-post__thumbnail\"><img decoding=\"async\" width=\"1728\" height=\"864\" data-src=\"https:\/\/intikisa.pe\/wp-content\/uploads\/2026\/04\/Sabado-de-Gloria-como-volver-al-equilibrio-sin-caer-en-excesos-ni-restricciones.jpg\" class=\"attachment-full size-full wp-image-6017 lazyload\" alt=\"\" data-srcset=\"https:\/\/intikisa.pe\/wp-content\/uploads\/2026\/04\/Sabado-de-Gloria-como-volver-al-equilibrio-sin-caer-en-excesos-ni-restricciones.jpg 1728w, https:\/\/intikisa.pe\/wp-content\/uploads\/2026\/04\/Sabado-de-Gloria-como-volver-al-equilibrio-sin-caer-en-excesos-ni-restricciones-300x150.jpg 300w, https:\/\/intikisa.pe\/wp-content\/uploads\/2026\/04\/Sabado-de-Gloria-como-volver-al-equilibrio-sin-caer-en-excesos-ni-restricciones-1024x512.jpg 1024w, https:\/\/intikisa.pe\/wp-content\/uploads\/2026\/04\/Sabado-de-Gloria-como-volver-al-equilibrio-sin-caer-en-excesos-ni-restricciones-768x384.jpg 768w, https:\/\/intikisa.pe\/wp-content\/uploads\/2026\/04\/Sabado-de-Gloria-como-volver-al-equilibrio-sin-caer-en-excesos-ni-restricciones-1536x768.jpg 1536w, https:\/\/intikisa.pe\/wp-content\/uploads\/2026\/04\/Sabado-de-Gloria-como-volver-al-equilibrio-sin-caer-en-excesos-ni-restricciones-18x9.jpg 18w, https:\/\/intikisa.pe\/wp-content\/uploads\/2026\/04\/Sabado-de-Gloria-como-volver-al-equilibrio-sin-caer-en-excesos-ni-restricciones-600x300.jpg 600w\" data-sizes=\"(max-width: 1728px) 100vw, 1728px\" src=\"data:image\/svg+xml;base64,PHN2ZyB3aWR0aD0iMSIgaGVpZ2h0PSIxIiB4bWxucz0iaHR0cDovL3d3dy53My5vcmcvMjAwMC9zdmciPjwvc3ZnPg==\" style=\"--smush-placeholder-width: 1728px; --smush-placeholder-aspect-ratio: 1728\/864;\" \/><\/div>\n\t\t<\/a>\n\t\t\t\t<div class=\"elementor-post__text\">\n\t\t\t\t<h3 class=\"elementor-post__title\">\n\t\t\t<a href=\"https:\/\/intikisa.pe\/en\/sabado-de-gloria-como-volver-al-equilibrio-sin-caer-en-excesos-ni-restricciones\/\" >\n\t\t\t\tS\u00e1bado de Gloria:  c\u00f3mo volver al equilibrio sin caer en excesos ni restricciones\t\t\t<\/a>\n\t\t<\/h3>\n\t\t\t\t<\/div>\n\t\t\t\t<\/article>\n\t\t\t\t<article class=\"elementor-post elementor-grid-item post-6011 post type-post status-publish format-standard has-post-thumbnail hentry category-investigaciones\">\n\t\t\t\t<a class=\"elementor-post__thumbnail__link\" href=\"https:\/\/intikisa.pe\/en\/viernes-santo-el-dia-perfecto-para-comer-con-intencion-y-no-en-automatico\/\" >\n\t\t\t<div class=\"elementor-post__thumbnail\"><img decoding=\"async\" width=\"1728\" height=\"864\" data-src=\"https:\/\/intikisa.pe\/wp-content\/uploads\/2026\/04\/Viernes-Santo-el-dia-perfecto-para-comer-con-intencion-y-no-en-automatico.jpg\" class=\"attachment-full size-full wp-image-6014 lazyload\" alt=\"\" data-srcset=\"https:\/\/intikisa.pe\/wp-content\/uploads\/2026\/04\/Viernes-Santo-el-dia-perfecto-para-comer-con-intencion-y-no-en-automatico.jpg 1728w, https:\/\/intikisa.pe\/wp-content\/uploads\/2026\/04\/Viernes-Santo-el-dia-perfecto-para-comer-con-intencion-y-no-en-automatico-300x150.jpg 300w, https:\/\/intikisa.pe\/wp-content\/uploads\/2026\/04\/Viernes-Santo-el-dia-perfecto-para-comer-con-intencion-y-no-en-automatico-1024x512.jpg 1024w, https:\/\/intikisa.pe\/wp-content\/uploads\/2026\/04\/Viernes-Santo-el-dia-perfecto-para-comer-con-intencion-y-no-en-automatico-768x384.jpg 768w, https:\/\/intikisa.pe\/wp-content\/uploads\/2026\/04\/Viernes-Santo-el-dia-perfecto-para-comer-con-intencion-y-no-en-automatico-1536x768.jpg 1536w, https:\/\/intikisa.pe\/wp-content\/uploads\/2026\/04\/Viernes-Santo-el-dia-perfecto-para-comer-con-intencion-y-no-en-automatico-18x9.jpg 18w, https:\/\/intikisa.pe\/wp-content\/uploads\/2026\/04\/Viernes-Santo-el-dia-perfecto-para-comer-con-intencion-y-no-en-automatico-600x300.jpg 600w\" data-sizes=\"(max-width: 1728px) 100vw, 1728px\" src=\"data:image\/svg+xml;base64,PHN2ZyB3aWR0aD0iMSIgaGVpZ2h0PSIxIiB4bWxucz0iaHR0cDovL3d3dy53My5vcmcvMjAwMC9zdmciPjwvc3ZnPg==\" style=\"--smush-placeholder-width: 1728px; --smush-placeholder-aspect-ratio: 1728\/864;\" \/><\/div>\n\t\t<\/a>\n\t\t\t\t<div class=\"elementor-post__text\">\n\t\t\t\t<h3 class=\"elementor-post__title\">\n\t\t\t<a href=\"https:\/\/intikisa.pe\/en\/viernes-santo-el-dia-perfecto-para-comer-con-intencion-y-no-en-automatico\/\" >\n\t\t\t\tViernes Santo:  el d\u00eda perfecto para comer con intenci\u00f3n (y no en autom\u00e1tico)\t\t\t<\/a>\n\t\t<\/h3>\n\t\t\t\t<\/div>\n\t\t\t\t<\/article>\n\t\t\t\t<article class=\"elementor-post elementor-grid-item post-6006 post type-post status-publish format-standard has-post-thumbnail hentry category-investigaciones\">\n\t\t\t\t<a class=\"elementor-post__thumbnail__link\" href=\"https:\/\/intikisa.pe\/en\/jueves-santo-reinventa-tus-platos-tradicionales-sin-perder-su-esencia\/\" >\n\t\t\t<div class=\"elementor-post__thumbnail\"><img decoding=\"async\" width=\"1728\" height=\"864\" data-src=\"https:\/\/intikisa.pe\/wp-content\/uploads\/2026\/04\/Jueves-Santo-reinventa-tus-platos-tradicionales-sin-perder-su-esencia.jpg\" class=\"attachment-full size-full wp-image-6007 lazyload\" alt=\"\" data-srcset=\"https:\/\/intikisa.pe\/wp-content\/uploads\/2026\/04\/Jueves-Santo-reinventa-tus-platos-tradicionales-sin-perder-su-esencia.jpg 1728w, https:\/\/intikisa.pe\/wp-content\/uploads\/2026\/04\/Jueves-Santo-reinventa-tus-platos-tradicionales-sin-perder-su-esencia-300x150.jpg 300w, https:\/\/intikisa.pe\/wp-content\/uploads\/2026\/04\/Jueves-Santo-reinventa-tus-platos-tradicionales-sin-perder-su-esencia-1024x512.jpg 1024w, https:\/\/intikisa.pe\/wp-content\/uploads\/2026\/04\/Jueves-Santo-reinventa-tus-platos-tradicionales-sin-perder-su-esencia-768x384.jpg 768w, https:\/\/intikisa.pe\/wp-content\/uploads\/2026\/04\/Jueves-Santo-reinventa-tus-platos-tradicionales-sin-perder-su-esencia-1536x768.jpg 1536w, https:\/\/intikisa.pe\/wp-content\/uploads\/2026\/04\/Jueves-Santo-reinventa-tus-platos-tradicionales-sin-perder-su-esencia-18x9.jpg 18w, https:\/\/intikisa.pe\/wp-content\/uploads\/2026\/04\/Jueves-Santo-reinventa-tus-platos-tradicionales-sin-perder-su-esencia-600x300.jpg 600w\" data-sizes=\"(max-width: 1728px) 100vw, 1728px\" src=\"data:image\/svg+xml;base64,PHN2ZyB3aWR0aD0iMSIgaGVpZ2h0PSIxIiB4bWxucz0iaHR0cDovL3d3dy53My5vcmcvMjAwMC9zdmciPjwvc3ZnPg==\" style=\"--smush-placeholder-width: 1728px; --smush-placeholder-aspect-ratio: 1728\/864;\" \/><\/div>\n\t\t<\/a>\n\t\t\t\t<div class=\"elementor-post__text\">\n\t\t\t\t<h3 class=\"elementor-post__title\">\n\t\t\t<a href=\"https:\/\/intikisa.pe\/en\/jueves-santo-reinventa-tus-platos-tradicionales-sin-perder-su-esencia\/\" >\n\t\t\t\tJueves Santo:   reinventa tus platos tradicionales sin perder su esencia\t\t\t<\/a>\n\t\t<\/h3>\n\t\t\t\t<\/div>\n\t\t\t\t<\/article>\n\t\t\t\t<article class=\"elementor-post elementor-grid-item post-5999 post type-post status-publish format-standard has-post-thumbnail hentry category-datos-curiosos\">\n\t\t\t\t<a class=\"elementor-post__thumbnail__link\" href=\"https:\/\/intikisa.pe\/en\/nutricion-silenciosa-lo-que-tu-cuerpo-agradece-aunque-no-lo-notes-de-inmediato\/\" >\n\t\t\t<div class=\"elementor-post__thumbnail\"><img decoding=\"async\" width=\"1728\" height=\"864\" data-src=\"https:\/\/intikisa.pe\/wp-content\/uploads\/2026\/03\/Nutricion-silenciosa-lo-que-tu-cuerpo-agradece-aunque-no-lo-notes-de-inmediato.jpg\" class=\"attachment-full size-full wp-image-6000 lazyload\" alt=\"\" data-srcset=\"https:\/\/intikisa.pe\/wp-content\/uploads\/2026\/03\/Nutricion-silenciosa-lo-que-tu-cuerpo-agradece-aunque-no-lo-notes-de-inmediato.jpg 1728w, https:\/\/intikisa.pe\/wp-content\/uploads\/2026\/03\/Nutricion-silenciosa-lo-que-tu-cuerpo-agradece-aunque-no-lo-notes-de-inmediato-300x150.jpg 300w, https:\/\/intikisa.pe\/wp-content\/uploads\/2026\/03\/Nutricion-silenciosa-lo-que-tu-cuerpo-agradece-aunque-no-lo-notes-de-inmediato-1024x512.jpg 1024w, https:\/\/intikisa.pe\/wp-content\/uploads\/2026\/03\/Nutricion-silenciosa-lo-que-tu-cuerpo-agradece-aunque-no-lo-notes-de-inmediato-768x384.jpg 768w, https:\/\/intikisa.pe\/wp-content\/uploads\/2026\/03\/Nutricion-silenciosa-lo-que-tu-cuerpo-agradece-aunque-no-lo-notes-de-inmediato-1536x768.jpg 1536w, https:\/\/intikisa.pe\/wp-content\/uploads\/2026\/03\/Nutricion-silenciosa-lo-que-tu-cuerpo-agradece-aunque-no-lo-notes-de-inmediato-18x9.jpg 18w, https:\/\/intikisa.pe\/wp-content\/uploads\/2026\/03\/Nutricion-silenciosa-lo-que-tu-cuerpo-agradece-aunque-no-lo-notes-de-inmediato-600x300.jpg 600w\" data-sizes=\"(max-width: 1728px) 100vw, 1728px\" src=\"data:image\/svg+xml;base64,PHN2ZyB3aWR0aD0iMSIgaGVpZ2h0PSIxIiB4bWxucz0iaHR0cDovL3d3dy53My5vcmcvMjAwMC9zdmciPjwvc3ZnPg==\" style=\"--smush-placeholder-width: 1728px; --smush-placeholder-aspect-ratio: 1728\/864;\" \/><\/div>\n\t\t<\/a>\n\t\t\t\t<div class=\"elementor-post__text\">\n\t\t\t\t<h3 class=\"elementor-post__title\">\n\t\t\t<a href=\"https:\/\/intikisa.pe\/en\/nutricion-silenciosa-lo-que-tu-cuerpo-agradece-aunque-no-lo-notes-de-inmediato\/\" >\n\t\t\t\tNutrici\u00f3n silenciosa: lo que tu cuerpo agradece aunque no lo notes de inmediato\t\t\t<\/a>\n\t\t<\/h3>\n\t\t\t\t<\/div>\n\t\t\t\t<\/article>\n\t\t\t\t<article class=\"elementor-post elementor-grid-item post-5992 post type-post status-publish format-standard has-post-thumbnail hentry category-habitos-saludables\">\n\t\t\t\t<a class=\"elementor-post__thumbnail__link\" href=\"https:\/\/intikisa.pe\/en\/no-todos-los-momentos-del-dia-se-alimentan-igual-como-ajustar-lo-que-consumes-segun-tu-ritmo-diario\/\" >\n\t\t\t<div class=\"elementor-post__thumbnail\"><img decoding=\"async\" width=\"1728\" height=\"864\" data-src=\"https:\/\/intikisa.pe\/wp-content\/uploads\/2026\/03\/No-todos-los-momentos-del-dia-se-alimentan-igual-como-ajustar-lo-que-consumes-segun-tu-ritmo-diario.jpg\" class=\"attachment-full size-full wp-image-5993 lazyload\" alt=\"\" data-srcset=\"https:\/\/intikisa.pe\/wp-content\/uploads\/2026\/03\/No-todos-los-momentos-del-dia-se-alimentan-igual-como-ajustar-lo-que-consumes-segun-tu-ritmo-diario.jpg 1728w, https:\/\/intikisa.pe\/wp-content\/uploads\/2026\/03\/No-todos-los-momentos-del-dia-se-alimentan-igual-como-ajustar-lo-que-consumes-segun-tu-ritmo-diario-300x150.jpg 300w, https:\/\/intikisa.pe\/wp-content\/uploads\/2026\/03\/No-todos-los-momentos-del-dia-se-alimentan-igual-como-ajustar-lo-que-consumes-segun-tu-ritmo-diario-1024x512.jpg 1024w, https:\/\/intikisa.pe\/wp-content\/uploads\/2026\/03\/No-todos-los-momentos-del-dia-se-alimentan-igual-como-ajustar-lo-que-consumes-segun-tu-ritmo-diario-768x384.jpg 768w, https:\/\/intikisa.pe\/wp-content\/uploads\/2026\/03\/No-todos-los-momentos-del-dia-se-alimentan-igual-como-ajustar-lo-que-consumes-segun-tu-ritmo-diario-1536x768.jpg 1536w, https:\/\/intikisa.pe\/wp-content\/uploads\/2026\/03\/No-todos-los-momentos-del-dia-se-alimentan-igual-como-ajustar-lo-que-consumes-segun-tu-ritmo-diario-18x9.jpg 18w, https:\/\/intikisa.pe\/wp-content\/uploads\/2026\/03\/No-todos-los-momentos-del-dia-se-alimentan-igual-como-ajustar-lo-que-consumes-segun-tu-ritmo-diario-600x300.jpg 600w\" data-sizes=\"(max-width: 1728px) 100vw, 1728px\" src=\"data:image\/svg+xml;base64,PHN2ZyB3aWR0aD0iMSIgaGVpZ2h0PSIxIiB4bWxucz0iaHR0cDovL3d3dy53My5vcmcvMjAwMC9zdmciPjwvc3ZnPg==\" style=\"--smush-placeholder-width: 1728px; --smush-placeholder-aspect-ratio: 1728\/864;\" \/><\/div>\n\t\t<\/a>\n\t\t\t\t<div class=\"elementor-post__text\">\n\t\t\t\t<h3 class=\"elementor-post__title\">\n\t\t\t<a href=\"https:\/\/intikisa.pe\/en\/no-todos-los-momentos-del-dia-se-alimentan-igual-como-ajustar-lo-que-consumes-segun-tu-ritmo-diario\/\" >\n\t\t\t\tNo todos los momentos del d\u00eda se alimentan igual: c\u00f3mo ajustar lo que consumes seg\u00fan tu ritmo diario\t\t\t<\/a>\n\t\t<\/h3>\n\t\t\t\t<\/div>\n\t\t\t\t<\/article>\n\t\t\t\t<\/div>\n\n\n\t\t\t\t\t<span class=\"e-load-more-spinner\">\n\t\t\t\t<i aria-hidden=\"true\" class=\"fas fa-spinner\"><\/i>\t\t\t<\/span>\n\t\t\n\t\t\t\t<div class=\"e-load-more-anchor\" data-page=\"1\" data-max-page=\"16\" data-next-page=\"https:\/\/intikisa.pe\/en\/wp-json\/wp\/v2\/pages\/3804\/page\/2\/\"><\/div>\n\t\t\t\t<div class=\"e-load-more-message\"><\/div>\n\t\t\t\t<\/div>\n\t\t\t\t<\/div>\n\t\t\t\t\t<\/div>\n\t\t<\/div>\n\t\t\t\t\t\t\t<\/div>\n\t\t<\/section>\n\t\t\t\t\t\t\t<\/div>","protected":false},"excerpt":{"rendered":"<p>Investigaci\u00f3n y datos curiosos<\/p>","protected":false},"author":5,"featured_media":0,"parent":0,"menu_order":0,"comment_status":"closed","ping_status":"closed","template":"","meta":{"footnotes":""},"class_list":["post-3804","page","type-page","status-publish","hentry"],"acf":[],"_links":{"self":[{"href":"https:\/\/intikisa.pe\/en\/wp-json\/wp\/v2\/pages\/3804","targetHints":{"allow":["GET"]}}],"collection":[{"href":"https:\/\/intikisa.pe\/en\/wp-json\/wp\/v2\/pages"}],"about":[{"href":"https:\/\/intikisa.pe\/en\/wp-json\/wp\/v2\/types\/page"}],"author":[{"embeddable":true,"href":"https:\/\/intikisa.pe\/en\/wp-json\/wp\/v2\/users\/5"}],"replies":[{"embeddable":true,"href":"https:\/\/intikisa.pe\/en\/wp-json\/wp\/v2\/comments?post=3804"}],"version-history":[{"count":10,"href":"https:\/\/intikisa.pe\/en\/wp-json\/wp\/v2\/pages\/3804\/revisions"}],"predecessor-version":[{"id":3868,"href":"https:\/\/intikisa.pe\/en\/wp-json\/wp\/v2\/pages\/3804\/revisions\/3868"}],"wp:attachment":[{"href":"https:\/\/intikisa.pe\/en\/wp-json\/wp\/v2\/media?parent=3804"}],"curies":[{"name":"wp","href":"https:\/\/api.w.org\/{rel}","templated":true}]}}