{"id":1536,"date":"2022-07-08T23:26:02","date_gmt":"2022-07-08T23:26:02","guid":{"rendered":"https:\/\/intikisa.pe\/producto\/dragons-breath-protective\/"},"modified":"2023-09-14T03:30:05","modified_gmt":"2023-09-14T03:30:05","slug":"dragons-breath-protective","status":"publish","type":"product","link":"https:\/\/intikisa.pe\/en\/product\/dragons-breath-protective\/","title":{"rendered":"DRAGON&#8217;S BREATH ESSENTIAL OIL"},"content":{"rendered":"<p><span style=\"color: #ffffff\"><strong>Dragons Breath es una de nuestras mezclas m\u00e1s populares. Basada en la antigua receta utilizada por los ladrones de cad\u00e1veres en la \u00e9poca de la peste, con actualizaciones basadas en la investigaci\u00f3n moderna.<\/strong><\/span><\/p>","protected":false},"excerpt":{"rendered":"<p><span style=\"color: #ffffff\"><strong>REFUERZO DEL SISTEMA INMUNE &#8211; Clavo, lim\u00f3n, corteza de canela, eucalipto radiata, Menta, or\u00e9gano<\/strong><\/span><\/p>","protected":false},"featured_media":3355,"comment_status":"open","ping_status":"closed","template":"","meta":[],"product_cat":[44],"product_tag":[],"class_list":["post-1536","product","type-product","status-publish","has-post-thumbnail","hentry","product_cat-aceites-naturales"],"tiered_pricing_type":"fixed","tiered_pricing_fixed_rules":[],"acf":[],"_links":{"self":[{"href":"https:\/\/intikisa.pe\/en\/wp-json\/wp\/v2\/product\/1536","targetHints":{"allow":["GET"]}}],"collection":[{"href":"https:\/\/intikisa.pe\/en\/wp-json\/wp\/v2\/product"}],"about":[{"href":"https:\/\/intikisa.pe\/en\/wp-json\/wp\/v2\/types\/product"}],"replies":[{"embeddable":true,"href":"https:\/\/intikisa.pe\/en\/wp-json\/wp\/v2\/comments?post=1536"}],"wp:featuredmedia":[{"embeddable":true,"href":"https:\/\/intikisa.pe\/en\/wp-json\/wp\/v2\/media\/3355"}],"wp:attachment":[{"href":"https:\/\/intikisa.pe\/en\/wp-json\/wp\/v2\/media?parent=1536"}],"wp:term":[{"taxonomy":"product_cat","embeddable":true,"href":"https:\/\/intikisa.pe\/en\/wp-json\/wp\/v2\/product_cat?post=1536"},{"taxonomy":"product_tag","embeddable":true,"href":"https:\/\/intikisa.pe\/en\/wp-json\/wp\/v2\/product_tag?post=1536"}],"curies":[{"name":"wp","href":"https:\/\/api.w.org\/{rel}","templated":true}]}}