{"id":1540,"date":"2022-07-08T23:26:03","date_gmt":"2022-07-08T23:26:03","guid":{"rendered":"https:\/\/intikisa.pe\/producto\/lemon15ml\/"},"modified":"2022-07-08T23:26:03","modified_gmt":"2022-07-08T23:26:03","slug":"lemon15ml","status":"publish","type":"product","link":"https:\/\/intikisa.pe\/en\/product\/lemon15ml\/","title":{"rendered":"Lemon,15ml"},"content":{"rendered":"<p>ALEGRE<br \/>\nDise\u00f1ado con profesionales de la salud natural para combatir la depresi\u00f3n y calmar la<br \/>\nansiedad y el miedo.<br \/>\n* Miedo, ansiedad, depresi\u00f3n, limpieza.<br \/>\n* Aplicar en las manos y respirar profundamente, difuso.<br \/>\n* El aceite de lim\u00f3n y las mezclas que lo contienen disolver\u00e1n los residuos de pl\u00e1stico o<br \/>\nadhesivo.<br \/>\n* Aplique una gota, use una toalla de papel para limpiar los residuos pegajosos y repita<br \/>\nhasta que est\u00e9 limpio.<br \/>\n* Por la misma raz\u00f3n, tenga cuidado al almacenar soluciones caseras que incluyan aceite<br \/>\nde lim\u00f3n.<br \/>\n* Los aceites c\u00edtricos, cuando se difunden en los consultorios dentales, reducen la<br \/>\ncantidad de dolor que sienten los pacientes.<br \/>\n* Se ha demostrado que el D-limoneno, el ingrediente principal de los aceites c\u00edtricos,<br \/>\nhace que las personas sean m\u00e1s amables y honesto cuando se difunde en niveles subolfativos (ver The Smell of Virtue, Liljenquist, BYU).<br \/>\n* Intente difundir Lemon &#8211; aid para eliminar los olores no deseados.<\/p>","protected":false},"excerpt":{"rendered":"<p>ALEGRE &#8211; lim\u00f3n, eucalipto radiata, bergamota, mandarina, naranja, neroli<\/p>","protected":false},"featured_media":0,"comment_status":"open","ping_status":"closed","template":"","meta":[],"product_cat":[44],"product_tag":[],"class_list":["post-1540","product","type-product","status-publish","hentry","product_cat-aceites-naturales"],"tiered_pricing_type":"fixed","tiered_pricing_fixed_rules":[],"acf":[],"_links":{"self":[{"href":"https:\/\/intikisa.pe\/en\/wp-json\/wp\/v2\/product\/1540","targetHints":{"allow":["GET"]}}],"collection":[{"href":"https:\/\/intikisa.pe\/en\/wp-json\/wp\/v2\/product"}],"about":[{"href":"https:\/\/intikisa.pe\/en\/wp-json\/wp\/v2\/types\/product"}],"replies":[{"embeddable":true,"href":"https:\/\/intikisa.pe\/en\/wp-json\/wp\/v2\/comments?post=1540"}],"wp:attachment":[{"href":"https:\/\/intikisa.pe\/en\/wp-json\/wp\/v2\/media?parent=1540"}],"wp:term":[{"taxonomy":"product_cat","embeddable":true,"href":"https:\/\/intikisa.pe\/en\/wp-json\/wp\/v2\/product_cat?post=1540"},{"taxonomy":"product_tag","embeddable":true,"href":"https:\/\/intikisa.pe\/en\/wp-json\/wp\/v2\/product_tag?post=1540"}],"curies":[{"name":"wp","href":"https:\/\/api.w.org\/{rel}","templated":true}]}}