{"id":1542,"date":"2022-07-08T23:26:03","date_gmt":"2022-07-08T23:26:03","guid":{"rendered":"https:\/\/intikisa.pe\/producto\/orange15ml\/"},"modified":"2023-09-14T03:47:50","modified_gmt":"2023-09-14T03:47:50","slug":"orange15ml","status":"publish","type":"product","link":"https:\/\/intikisa.pe\/en\/product\/orange15ml\/","title":{"rendered":"ORANGE ESSENTIAL OIL"},"content":{"rendered":"<p><strong><span style=\"color: #ffffff\">El naranjo es el \u00e1rbol frutal m\u00e1s cultivado del mundo. Nuestro aceite esencial de naranja se extrae por presi\u00f3n en fr\u00edo de la piel de \u00e1rboles Citrus sinensis cultivados en Estados Unidos.<\/span><\/strong><\/p>","protected":false},"excerpt":{"rendered":"<p><strong><span style=\"color: #ffffff\">El naranjo es el \u00e1rbol frutal m\u00e1s cultivado del mundo. Nuestro aceite esencial de naranja se extrae por presi\u00f3n en fr\u00edo de la piel de \u00e1rboles Citrus sinensis cultivados en Estados Unidos.<\/span><\/strong><\/p>","protected":false},"featured_media":3362,"comment_status":"open","ping_status":"closed","template":"","meta":[],"product_cat":[44],"product_tag":[],"class_list":["post-1542","product","type-product","status-publish","has-post-thumbnail","hentry","product_cat-aceites-naturales"],"tiered_pricing_type":"fixed","tiered_pricing_fixed_rules":[],"acf":[],"_links":{"self":[{"href":"https:\/\/intikisa.pe\/en\/wp-json\/wp\/v2\/product\/1542","targetHints":{"allow":["GET"]}}],"collection":[{"href":"https:\/\/intikisa.pe\/en\/wp-json\/wp\/v2\/product"}],"about":[{"href":"https:\/\/intikisa.pe\/en\/wp-json\/wp\/v2\/types\/product"}],"replies":[{"embeddable":true,"href":"https:\/\/intikisa.pe\/en\/wp-json\/wp\/v2\/comments?post=1542"}],"wp:featuredmedia":[{"embeddable":true,"href":"https:\/\/intikisa.pe\/en\/wp-json\/wp\/v2\/media\/3362"}],"wp:attachment":[{"href":"https:\/\/intikisa.pe\/en\/wp-json\/wp\/v2\/media?parent=1542"}],"wp:term":[{"taxonomy":"product_cat","embeddable":true,"href":"https:\/\/intikisa.pe\/en\/wp-json\/wp\/v2\/product_cat?post=1542"},{"taxonomy":"product_tag","embeddable":true,"href":"https:\/\/intikisa.pe\/en\/wp-json\/wp\/v2\/product_tag?post=1542"}],"curies":[{"name":"wp","href":"https:\/\/api.w.org\/{rel}","templated":true}]}}