{"id":1546,"date":"2022-07-08T23:26:04","date_gmt":"2022-07-08T23:26:04","guid":{"rendered":"https:\/\/intikisa.pe\/producto\/pink-flowers-monthly-feminine15ml\/"},"modified":"2023-09-03T04:32:00","modified_gmt":"2023-09-03T04:32:00","slug":"pink-flowers-monthly-feminine15ml","status":"publish","type":"product","link":"https:\/\/intikisa.pe\/en\/product\/pink-flowers-monthly-feminine15ml\/","title":{"rendered":"PINK FLOWERS ESSENTIAL OIL"},"content":{"rendered":"<p><span style=\"color: #ffffff\"><strong>MENSUAL FEMENINO<\/strong><\/span><br \/>\n<span style=\"color: #ffffff\"><strong>Dise\u00f1ado para aliviar los calambres y los cambios de humor del s\u00edndrome premenstrual y otras<\/strong><\/span><br \/>\n<span style=\"color: #ffffff\"><strong>dolencias.<\/strong><\/span><br \/>\n<span style=\"color: #ffffff\"><strong>* PMS, sofocos, cambios de humor, desequilibrios hormonales. \u2022 Masajear en el<\/strong><\/span><br \/>\n<span style=\"color: #ffffff\"><strong>abdomen a una diluci\u00f3n del 2-5%, difuso.<\/strong><\/span><br \/>\n<span style=\"color: #ffffff\"><strong>* La salvia es el ingrediente principal de esta mezcla y tiene un alto contenido de<\/strong><\/span><br \/>\n<span style=\"color: #ffffff\"><strong>compuestos de fitoestr\u00f3genos sequiterp\u00e9nicos, la raz\u00f3n principal por la que las flores rosas<\/strong><\/span><br \/>\n<span style=\"color: #ffffff\"><strong>son eficaces.<\/strong><\/span><br \/>\n<span style=\"color: #ffffff\"><strong>* Al crear esta mezcla, uno de los creadores llev\u00f3 consigo una botella en todo momento,<\/strong><\/span><br \/>\n<span style=\"color: #ffffff\"><strong>lo que gener\u00f3 algunas situaciones inc\u00f3modas.<\/strong><\/span><br \/>\n<span style=\"color: #ffffff\"><strong>* Esta mezcla originalmente iba a oler a chocolate, pero como la mayor parte del olor a<\/strong><\/span><br \/>\n<span style=\"color: #ffffff\"><strong>chocolate se debe a los antioxidantes de la manteca de cacao (que es s\u00f3lida a temperatura<\/strong><\/span><br \/>\n<span style=\"color: #ffffff\"><strong>ambiente), no era factible tener un olor a chocolate en un l\u00edquido.<\/strong><\/span><\/p>","protected":false},"excerpt":{"rendered":"<p><strong><span style=\"color: #ffffff\">Una mezcla de salvia sclarea, lavanda y rosa: Las mujeres pueden utilizar las Flores Rosas para calmarse y relajarse.<\/span><\/strong><\/p>","protected":false},"featured_media":3316,"comment_status":"open","ping_status":"closed","template":"","meta":[],"product_cat":[44],"product_tag":[],"class_list":["post-1546","product","type-product","status-publish","has-post-thumbnail","hentry","product_cat-aceites-naturales"],"tiered_pricing_type":"fixed","tiered_pricing_fixed_rules":[],"acf":[],"_links":{"self":[{"href":"https:\/\/intikisa.pe\/en\/wp-json\/wp\/v2\/product\/1546","targetHints":{"allow":["GET"]}}],"collection":[{"href":"https:\/\/intikisa.pe\/en\/wp-json\/wp\/v2\/product"}],"about":[{"href":"https:\/\/intikisa.pe\/en\/wp-json\/wp\/v2\/types\/product"}],"replies":[{"embeddable":true,"href":"https:\/\/intikisa.pe\/en\/wp-json\/wp\/v2\/comments?post=1546"}],"wp:featuredmedia":[{"embeddable":true,"href":"https:\/\/intikisa.pe\/en\/wp-json\/wp\/v2\/media\/3316"}],"wp:attachment":[{"href":"https:\/\/intikisa.pe\/en\/wp-json\/wp\/v2\/media?parent=1546"}],"wp:term":[{"taxonomy":"product_cat","embeddable":true,"href":"https:\/\/intikisa.pe\/en\/wp-json\/wp\/v2\/product_cat?post=1546"},{"taxonomy":"product_tag","embeddable":true,"href":"https:\/\/intikisa.pe\/en\/wp-json\/wp\/v2\/product_tag?post=1546"}],"curies":[{"name":"wp","href":"https:\/\/api.w.org\/{rel}","templated":true}]}}