{"id":1547,"date":"2022-07-08T23:26:04","date_gmt":"2022-07-08T23:26:04","guid":{"rendered":"https:\/\/intikisa.pe\/producto\/vertigo-nausea-equilibirum15ml\/"},"modified":"2023-09-03T03:37:05","modified_gmt":"2023-09-03T03:37:05","slug":"vertigo-nausea-equilibirum15ml","status":"publish","type":"product","link":"https:\/\/intikisa.pe\/en\/product\/vertigo-nausea-equilibirum15ml\/","title":{"rendered":"VERTIGO ESSENTIAL OIL"},"content":{"rendered":"<p><strong><span style=\"color: #ffffff\">ESTABILIDAD<\/span><\/strong><br \/>\n<strong><span style=\"color: #ffffff\">Dise\u00f1ado espec\u00edficamente para las nauseas.<\/span><\/strong><br \/>\n<strong><span style=\"color: #ffffff\">* Nauseas, dolores de cabeza.<\/span><\/strong><br \/>\n<strong><span style=\"color: #ffffff\">* Frote las manos y respire profundamente, agregue una gota al agua helada, aplique en<\/span><\/strong><br \/>\n<strong><span style=\"color: #ffffff\">las sienes (dolores de cabeza), difunda, poner una gota detr\u00e1s de la oreja.<\/span><\/strong><br \/>\n<strong><span style=\"color: #ffffff\">* La menta funciona para la mayor\u00eda de las personas a menos que hayan tenido malas<\/span><\/strong><br \/>\n<strong><span style=\"color: #ffffff\">experiencias con la menta, en en cuyo caso pueden usar jengibre. V\u00e9rtigo usa una mezcla de<\/span><\/strong><br \/>\n<strong><span style=\"color: #ffffff\">ambos.<\/span><\/strong><\/p>","protected":false},"excerpt":{"rendered":"<p><span style=\"color: #ffffff\"><strong>V\u00e9rtigo es un aceite esencial totalmente natural con aceites esenciales de menta, cilantro, jengibre, lim\u00f3n y menta verde mezclados para promover la conexi\u00f3n a tierra y el bienestar mental. Esta mezcla de aceites esenciales 100% puros no ha sido diluida, no contiene aditivos y se obtiene \u00e9ticamente sin da\u00f1ar el medio ambiente.<\/strong><\/span><\/p>","protected":false},"featured_media":3271,"comment_status":"open","ping_status":"closed","template":"","meta":[],"product_cat":[44],"product_tag":[],"class_list":["post-1547","product","type-product","status-publish","has-post-thumbnail","hentry","product_cat-aceites-naturales"],"tiered_pricing_type":"fixed","tiered_pricing_fixed_rules":[],"acf":[],"_links":{"self":[{"href":"https:\/\/intikisa.pe\/en\/wp-json\/wp\/v2\/product\/1547","targetHints":{"allow":["GET"]}}],"collection":[{"href":"https:\/\/intikisa.pe\/en\/wp-json\/wp\/v2\/product"}],"about":[{"href":"https:\/\/intikisa.pe\/en\/wp-json\/wp\/v2\/types\/product"}],"replies":[{"embeddable":true,"href":"https:\/\/intikisa.pe\/en\/wp-json\/wp\/v2\/comments?post=1547"}],"wp:featuredmedia":[{"embeddable":true,"href":"https:\/\/intikisa.pe\/en\/wp-json\/wp\/v2\/media\/3271"}],"wp:attachment":[{"href":"https:\/\/intikisa.pe\/en\/wp-json\/wp\/v2\/media?parent=1547"}],"wp:term":[{"taxonomy":"product_cat","embeddable":true,"href":"https:\/\/intikisa.pe\/en\/wp-json\/wp\/v2\/product_cat?post=1547"},{"taxonomy":"product_tag","embeddable":true,"href":"https:\/\/intikisa.pe\/en\/wp-json\/wp\/v2\/product_tag?post=1547"}],"curies":[{"name":"wp","href":"https:\/\/api.w.org\/{rel}","templated":true}]}}