{"id":1548,"date":"2022-07-08T23:26:04","date_gmt":"2022-07-08T23:26:04","guid":{"rendered":"https:\/\/intikisa.pe\/producto\/lullaby-sleep-relaxation\/"},"modified":"2023-09-03T03:22:26","modified_gmt":"2023-09-03T03:22:26","slug":"lullaby-sleep-relaxation","status":"publish","type":"product","link":"https:\/\/intikisa.pe\/en\/product\/lullaby-sleep-relaxation\/","title":{"rendered":"Lullaby (Sleep\/Relaxation)"},"content":{"rendered":"<p><span style=\"color: #ffffff\">SUE\u00d1O\/ RELAJACI\u00d3N<\/span><br \/>\n<span style=\"color: #ffffff\">La mayor\u00eda de las Fusions para dormir en el mercado hoy en d\u00eda se basan en lavanda, que se<\/span><br \/>\n<span style=\"color: #ffffff\">ha utilizado durante milenios en las guarder\u00edas para ayudar a los beb\u00e9s a dormir. Una nueva<\/span><br \/>\n<span style=\"color: #ffffff\">investigaci\u00f3n muestra que el eucalipto de lim\u00f3n, un aceite de un eucalipto asi\u00e1tico, en realidad<\/span><br \/>\n<span style=\"color: #ffffff\">tiene valores sedantes m\u00e1s altos. Esta mezcla se construy\u00f3 a partir de esa investigaci\u00f3n.<\/span><br \/>\n<span style=\"color: #ffffff\">* Estr\u00e9s, insomnio, sue\u00f1o mejorado.<\/span><br \/>\n<span style=\"color: #ffffff\">* Difundir, aplicar sobre una almohada o un pa\u00f1uelo de papel, frotar en las palmas o las<\/span><br \/>\n<span style=\"color: #ffffff\">plantas de los pies, respirar profundamente (estr\u00e9s).<\/span><br \/>\n<span style=\"color: #ffffff\">* La difusi\u00f3n de aceites esenciales sedantes durante el sue\u00f1o provoc\u00f3 un aumento<\/span><br \/>\n<span style=\"color: #ffffff\">significativo y significativo en la etapa cuatro del sue\u00f1o en un estudio realizado con pacientes<\/span><br \/>\n<span style=\"color: #ffffff\">hospitalarios.<\/span><br \/>\n<span style=\"color: #ffffff\">* Cada ingrediente de Lullaby fue elegido por un efecto sedante diferente.<\/span><br \/>\n<span style=\"color: #ffffff\">* La mandarina es el \u00fanico aceite c\u00edtrico sedante, debido a un compuesto llamado \u00e1cido<\/span><br \/>\n<span style=\"color: #ffffff\">metilantran\u00edlico metilo de ester.<\/span><br \/>\n<span style=\"color: #ffffff\">* La canci\u00f3n de cuna puede ayudar a las personas a conciliar el sue\u00f1o y a permanecer<\/span><br \/>\n<span style=\"color: #ffffff\">dormidas.<\/span><br \/>\n<span style=\"color: #ffffff\">* Si se despierta por la noche y no puede volver a dormir, intente levantarse de la cama y<\/span><br \/>\n<span style=\"color: #ffffff\">salpicar piel con agua fr\u00eda. A menudo, todo lo que se necesita es reiniciar el term\u00f3metro del<\/span><br \/>\n<span style=\"color: #ffffff\">cuerpo. Como agregado beneficio, hacer esto a veces har\u00e1 que tenga sue\u00f1os v\u00edvidos durante<\/span><br \/>\n<span style=\"color: #ffffff\">el resto de la noche.<\/span><br \/>\n<span style=\"color: #ffffff\">* En caso de necesidad, Lullaby repele los insectos debido a la alta concentraci\u00f3n de<\/span><br \/>\n<span style=\"color: #ffffff\">eucalipto lim\u00f3n.<\/span><\/p>","protected":false},"excerpt":{"rendered":"<p><span style=\"color: #ffffff\"><strong>SUE\u00d1O\/ RELAJACI\u00d3N &#8211; eucalipto lim\u00f3n, lavanda, incienso, mandarina, mejorana, manzanilla romana, neroli, rosa, s\u00e1ndalo, vainilla, ylang ylang<\/strong><\/span><\/p>","protected":false},"featured_media":3262,"comment_status":"open","ping_status":"closed","template":"","meta":[],"product_cat":[44],"product_tag":[],"class_list":["post-1548","product","type-product","status-publish","has-post-thumbnail","hentry","product_cat-aceites-naturales"],"tiered_pricing_type":"fixed","tiered_pricing_fixed_rules":[],"acf":[],"_links":{"self":[{"href":"https:\/\/intikisa.pe\/en\/wp-json\/wp\/v2\/product\/1548","targetHints":{"allow":["GET"]}}],"collection":[{"href":"https:\/\/intikisa.pe\/en\/wp-json\/wp\/v2\/product"}],"about":[{"href":"https:\/\/intikisa.pe\/en\/wp-json\/wp\/v2\/types\/product"}],"replies":[{"embeddable":true,"href":"https:\/\/intikisa.pe\/en\/wp-json\/wp\/v2\/comments?post=1548"}],"wp:featuredmedia":[{"embeddable":true,"href":"https:\/\/intikisa.pe\/en\/wp-json\/wp\/v2\/media\/3262"}],"wp:attachment":[{"href":"https:\/\/intikisa.pe\/en\/wp-json\/wp\/v2\/media?parent=1548"}],"wp:term":[{"taxonomy":"product_cat","embeddable":true,"href":"https:\/\/intikisa.pe\/en\/wp-json\/wp\/v2\/product_cat?post=1548"},{"taxonomy":"product_tag","embeddable":true,"href":"https:\/\/intikisa.pe\/en\/wp-json\/wp\/v2\/product_tag?post=1548"}],"curies":[{"name":"wp","href":"https:\/\/api.w.org\/{rel}","templated":true}]}}