{"id":1550,"date":"2022-07-08T23:26:04","date_gmt":"2022-07-08T23:26:04","guid":{"rendered":"https:\/\/intikisa.pe\/producto\/rosemary15ml\/"},"modified":"2023-09-14T03:02:23","modified_gmt":"2023-09-14T03:02:23","slug":"rosemary15ml","status":"publish","type":"product","link":"https:\/\/intikisa.pe\/en\/product\/rosemary15ml\/","title":{"rendered":"ROSEMARY ESSENTIAL OIL"},"content":{"rendered":"<p><strong><span style=\"color: #ffffff\">El aceite esencial de romero se destila al vapor de las hojas de Rosmarinus officinalis cultivadas en T\u00fanez. El romero es un aceite esencial c\u00e1lido y estimulante que puede ser \u00fatil en productos capilares y contribuir a la concentraci\u00f3n. Arom\u00e1ticamente, puede aportar una sensaci\u00f3n de frescor al ambiente y proporcionar equilibrio en momentos de angustia.<\/span><\/strong><\/p>","protected":false},"excerpt":{"rendered":"<p><strong><span style=\"color: #ffffff\">El aceite esencial de romero se destila al vapor de las hojas de Rosmarinus officinalis cultivadas en T\u00fanez. El romero es un aceite esencial c\u00e1lido y estimulante que puede ser \u00fatil en productos capilares y contribuir a la concentraci\u00f3n. Arom\u00e1ticamente, puede aportar una sensaci\u00f3n de frescor al ambiente y proporcionar equilibrio en momentos de angustia.<\/span><\/strong><\/p>","protected":false},"featured_media":3320,"comment_status":"open","ping_status":"closed","template":"","meta":[],"product_cat":[44],"product_tag":[],"class_list":["post-1550","product","type-product","status-publish","has-post-thumbnail","hentry","product_cat-aceites-naturales"],"tiered_pricing_type":"fixed","tiered_pricing_fixed_rules":[],"acf":[],"_links":{"self":[{"href":"https:\/\/intikisa.pe\/en\/wp-json\/wp\/v2\/product\/1550","targetHints":{"allow":["GET"]}}],"collection":[{"href":"https:\/\/intikisa.pe\/en\/wp-json\/wp\/v2\/product"}],"about":[{"href":"https:\/\/intikisa.pe\/en\/wp-json\/wp\/v2\/types\/product"}],"replies":[{"embeddable":true,"href":"https:\/\/intikisa.pe\/en\/wp-json\/wp\/v2\/comments?post=1550"}],"wp:featuredmedia":[{"embeddable":true,"href":"https:\/\/intikisa.pe\/en\/wp-json\/wp\/v2\/media\/3320"}],"wp:attachment":[{"href":"https:\/\/intikisa.pe\/en\/wp-json\/wp\/v2\/media?parent=1550"}],"wp:term":[{"taxonomy":"product_cat","embeddable":true,"href":"https:\/\/intikisa.pe\/en\/wp-json\/wp\/v2\/product_cat?post=1550"},{"taxonomy":"product_tag","embeddable":true,"href":"https:\/\/intikisa.pe\/en\/wp-json\/wp\/v2\/product_tag?post=1550"}],"curies":[{"name":"wp","href":"https:\/\/api.w.org\/{rel}","templated":true}]}}