{"id":1553,"date":"2022-07-08T23:26:05","date_gmt":"2022-07-08T23:26:05","guid":{"rendered":"https:\/\/intikisa.pe\/producto\/cedarwood15ml\/"},"modified":"2023-09-03T03:59:16","modified_gmt":"2023-09-03T03:59:16","slug":"cedarwood15ml","status":"publish","type":"product","link":"https:\/\/intikisa.pe\/en\/product\/cedarwood15ml\/","title":{"rendered":"CEDARWOOD ESSENTIAL OIL"},"content":{"rendered":"<p><strong><span style=\"color: #ffffff\">Cedrus atlantica es una subespecie del cedro del L\u00edbano, y se encontr\u00f3 originalmente en las monta\u00f1as del Atlas del norte de \u00c1frica, donde sirve para crear un h\u00e1bitat natural para varias especies en peligro de extinci\u00f3n. Nuestro aceite esencial de madera de cedro se destila al vapor a partir de la madera de cedros cultivados en Estados Unidos.<\/span><\/strong><\/p>","protected":false},"excerpt":{"rendered":"<p><strong><span style=\"color: #ffffff\">Cedrus atlantica es una subespecie del cedro del L\u00edbano, y se encontr\u00f3 originalmente en las monta\u00f1as del Atlas del norte de \u00c1frica, donde sirve para crear un h\u00e1bitat natural para varias especies en peligro de extinci\u00f3n. Nuestro aceite esencial de madera de cedro se destila al vapor a partir de la madera de cedros cultivados en Estados Unidos.<\/span><\/strong><\/p>","protected":false},"featured_media":3285,"comment_status":"open","ping_status":"closed","template":"","meta":[],"product_cat":[44],"product_tag":[],"class_list":["post-1553","product","type-product","status-publish","has-post-thumbnail","hentry","product_cat-aceites-naturales"],"tiered_pricing_type":"fixed","tiered_pricing_fixed_rules":[],"acf":[],"_links":{"self":[{"href":"https:\/\/intikisa.pe\/en\/wp-json\/wp\/v2\/product\/1553","targetHints":{"allow":["GET"]}}],"collection":[{"href":"https:\/\/intikisa.pe\/en\/wp-json\/wp\/v2\/product"}],"about":[{"href":"https:\/\/intikisa.pe\/en\/wp-json\/wp\/v2\/types\/product"}],"replies":[{"embeddable":true,"href":"https:\/\/intikisa.pe\/en\/wp-json\/wp\/v2\/comments?post=1553"}],"wp:featuredmedia":[{"embeddable":true,"href":"https:\/\/intikisa.pe\/en\/wp-json\/wp\/v2\/media\/3285"}],"wp:attachment":[{"href":"https:\/\/intikisa.pe\/en\/wp-json\/wp\/v2\/media?parent=1553"}],"wp:term":[{"taxonomy":"product_cat","embeddable":true,"href":"https:\/\/intikisa.pe\/en\/wp-json\/wp\/v2\/product_cat?post=1553"},{"taxonomy":"product_tag","embeddable":true,"href":"https:\/\/intikisa.pe\/en\/wp-json\/wp\/v2\/product_tag?post=1553"}],"curies":[{"name":"wp","href":"https:\/\/api.w.org\/{rel}","templated":true}]}}