{"id":1554,"date":"2022-07-08T23:26:05","date_gmt":"2022-07-08T23:26:05","guid":{"rendered":"https:\/\/intikisa.pe\/producto\/cinnamon15ml\/"},"modified":"2023-09-03T04:02:09","modified_gmt":"2023-09-03T04:02:09","slug":"cinnamon15ml","status":"publish","type":"product","link":"https:\/\/intikisa.pe\/en\/product\/cinnamon15ml\/","title":{"rendered":"CINNAMON ESSENTIAL OIL"},"content":{"rendered":"<p><strong><span style=\"color: #ffffff\">El Cinnamomum zeylanicum es originario de Sri Lanka y ahora tambi\u00e9n se cultiva en Madagascar. Se trata de un \u00e1rbol tropical de hoja perenne de la familia de los laureles que crece hasta 45 pies de altura en estado silvestre. El \u00e1rbol tiene un olor muy fragante y se utiliza habitualmente en peque\u00f1as cantidades como condimento en cremas, lociones y jabones. Nuestra canela se destila al vapor a partir de la corteza muy fina y lisa de \u00e1rboles cultivados en Sri Lanka.<\/span><\/strong><\/p>","protected":false},"excerpt":{"rendered":"<p><strong><span style=\"color: #ffffff\">El Cinnamomum zeylanicum es originario de Sri Lanka y ahora tambi\u00e9n se cultiva en Madagascar. Se trata de un \u00e1rbol tropical de hoja perenne de la familia de los laureles que crece hasta 45 pies de altura en estado silvestre. El \u00e1rbol tiene un olor muy fragante y se utiliza habitualmente en peque\u00f1as cantidades como condimento en cremas, lociones y jabones. Nuestra canela se destila al vapor a partir de la corteza muy fina y lisa de \u00e1rboles cultivados en Sri Lanka.<\/span><\/strong><\/p>","protected":false},"featured_media":3287,"comment_status":"open","ping_status":"closed","template":"","meta":[],"product_cat":[44],"product_tag":[],"class_list":["post-1554","product","type-product","status-publish","has-post-thumbnail","hentry","product_cat-aceites-naturales"],"tiered_pricing_type":"fixed","tiered_pricing_fixed_rules":[],"acf":[],"_links":{"self":[{"href":"https:\/\/intikisa.pe\/en\/wp-json\/wp\/v2\/product\/1554","targetHints":{"allow":["GET"]}}],"collection":[{"href":"https:\/\/intikisa.pe\/en\/wp-json\/wp\/v2\/product"}],"about":[{"href":"https:\/\/intikisa.pe\/en\/wp-json\/wp\/v2\/types\/product"}],"replies":[{"embeddable":true,"href":"https:\/\/intikisa.pe\/en\/wp-json\/wp\/v2\/comments?post=1554"}],"wp:featuredmedia":[{"embeddable":true,"href":"https:\/\/intikisa.pe\/en\/wp-json\/wp\/v2\/media\/3287"}],"wp:attachment":[{"href":"https:\/\/intikisa.pe\/en\/wp-json\/wp\/v2\/media?parent=1554"}],"wp:term":[{"taxonomy":"product_cat","embeddable":true,"href":"https:\/\/intikisa.pe\/en\/wp-json\/wp\/v2\/product_cat?post=1554"},{"taxonomy":"product_tag","embeddable":true,"href":"https:\/\/intikisa.pe\/en\/wp-json\/wp\/v2\/product_tag?post=1554"}],"curies":[{"name":"wp","href":"https:\/\/api.w.org\/{rel}","templated":true}]}}