{"id":1556,"date":"2022-07-08T23:26:05","date_gmt":"2022-07-08T23:26:05","guid":{"rendered":"https:\/\/intikisa.pe\/producto\/eye-of-the-storm15ml\/"},"modified":"2023-09-03T04:10:36","modified_gmt":"2023-09-03T04:10:36","slug":"eye-of-the-storm15ml","status":"publish","type":"product","link":"https:\/\/intikisa.pe\/en\/product\/eye-of-the-storm15ml\/","title":{"rendered":"EYE OF STORM ESSENTIAL OIL"},"content":{"rendered":"<p><span style=\"color: #ffffff\"><strong>CALMANTE<\/strong><\/span><br \/>\n<span style=\"color: #ffffff\"><strong>Dise\u00f1ado con profesionales de la salud natural en activo para momentos de estr\u00e9s intenso.<\/strong><\/span><br \/>\n<span style=\"color: #ffffff\"><strong>* Estr\u00e9s intenso, ira, ansiedad.<\/strong><\/span><br \/>\n<span style=\"color: #ffffff\"><strong>* Aplicar en las manos y respirar profundamente.<\/strong><\/span><br \/>\n<span style=\"color: #ffffff\"><strong>* Los aceites esenciales tienen un efecto qu\u00edmico (fisiol\u00f3gico) y psicol\u00f3gico; Oler algo<\/strong><\/span><br \/>\n<span style=\"color: #ffffff\"><strong>hermoso puede ayudarte a estar tranquilo incluso si no tiene un efecto qu\u00edmico.<\/strong><\/span><br \/>\n<span style=\"color: #ffffff\"><strong>* La respiraci\u00f3n profunda ayuda a disipar las situaciones dif\u00edciles de dos maneras:<\/strong><\/span><br \/>\n<span style=\"color: #ffffff\"><strong>suministrando aceites profundamente a los pulmones y disminuyendo la frecuencia card\u00edaca<\/strong><\/span><br \/>\n<span style=\"color: #ffffff\"><strong>para reducir el estr\u00e9s.<\/strong><\/span><br \/>\n<span style=\"color: #ffffff\"><strong>* La mayor\u00eda de las situaciones estresantes se vuelven mucho menos estresantes<\/strong><\/span><br \/>\n<span style=\"color: #ffffff\"><strong>despu\u00e9s de unos pocos minutos, no porque algo haya cambiado, sino porque ha dirigido m\u00e1s<\/strong><\/span><br \/>\n<span style=\"color: #ffffff\"><strong>energ\u00eda al lado del pensamiento, en lugar de al sentimiento, del cerebro.<\/strong><\/span><\/p>","protected":false},"excerpt":{"rendered":"<p><span style=\"color: #ffffff\"><strong>CALMANTE &#8211; lavanda, mandarina, eucalipto lim\u00f3n, lim\u00f3n, madera de cedro, salvia, incienso, manzanilla romana, ylang ylang, neroli, rosa, s\u00e1ndalo. Una combinaci\u00f3n de 12 aceites calmantes y relajantes le ayudar\u00e1 a aliviar las preocupaciones de un d\u00eda duro.<\/strong><\/span><\/p>","protected":false},"featured_media":3294,"comment_status":"open","ping_status":"closed","template":"","meta":[],"product_cat":[44],"product_tag":[],"class_list":["post-1556","product","type-product","status-publish","has-post-thumbnail","hentry","product_cat-aceites-naturales"],"tiered_pricing_type":"fixed","tiered_pricing_fixed_rules":[],"acf":[],"_links":{"self":[{"href":"https:\/\/intikisa.pe\/en\/wp-json\/wp\/v2\/product\/1556","targetHints":{"allow":["GET"]}}],"collection":[{"href":"https:\/\/intikisa.pe\/en\/wp-json\/wp\/v2\/product"}],"about":[{"href":"https:\/\/intikisa.pe\/en\/wp-json\/wp\/v2\/types\/product"}],"replies":[{"embeddable":true,"href":"https:\/\/intikisa.pe\/en\/wp-json\/wp\/v2\/comments?post=1556"}],"wp:featuredmedia":[{"embeddable":true,"href":"https:\/\/intikisa.pe\/en\/wp-json\/wp\/v2\/media\/3294"}],"wp:attachment":[{"href":"https:\/\/intikisa.pe\/en\/wp-json\/wp\/v2\/media?parent=1556"}],"wp:term":[{"taxonomy":"product_cat","embeddable":true,"href":"https:\/\/intikisa.pe\/en\/wp-json\/wp\/v2\/product_cat?post=1556"},{"taxonomy":"product_tag","embeddable":true,"href":"https:\/\/intikisa.pe\/en\/wp-json\/wp\/v2\/product_tag?post=1556"}],"curies":[{"name":"wp","href":"https:\/\/api.w.org\/{rel}","templated":true}]}}