{"id":1559,"date":"2022-07-08T23:26:05","date_gmt":"2022-07-08T23:26:05","guid":{"rendered":"https:\/\/intikisa.pe\/producto\/lemon-aid-15ml\/"},"modified":"2023-09-14T03:05:21","modified_gmt":"2023-09-14T03:05:21","slug":"lemon-aid-15ml","status":"publish","type":"product","link":"https:\/\/intikisa.pe\/en\/product\/lemon-aid-15ml\/","title":{"rendered":"LEMON-AID ESSENTIAL OIL"},"content":{"rendered":"<p><strong><span style=\"color: #ffffff\">El aceite de lim\u00f3n ayuda a defenderse de los radicales libres, as\u00ed como estimular el drenaje linf\u00e1tico para ayudar a desintoxicar. El aceite de lim\u00f3n no s\u00f3lo ayuda a su cuerpo a deshacerse de pat\u00f3genos da\u00f1inos, sino que tambi\u00e9n trabaja para ayudar a mejorar el sistema inmunol\u00f3gico.<\/span><\/strong><\/p>","protected":false},"excerpt":{"rendered":"<p><strong><span style=\"color: #ffffff\">El aceite de lim\u00f3n ayuda a defenderse de los radicales libres, as\u00ed como estimular el drenaje linf\u00e1tico para ayudar a desintoxicar. El aceite de lim\u00f3n no s\u00f3lo ayuda a su cuerpo a deshacerse de pat\u00f3genos da\u00f1inos, sino que tambi\u00e9n trabaja para ayudar a mejorar el sistema inmunol\u00f3gico.<\/span><\/strong><\/p>","protected":false},"featured_media":3301,"comment_status":"open","ping_status":"closed","template":"","meta":[],"product_cat":[44],"product_tag":[],"class_list":["post-1559","product","type-product","status-publish","has-post-thumbnail","hentry","product_cat-aceites-naturales"],"tiered_pricing_type":"fixed","tiered_pricing_fixed_rules":[],"acf":[],"_links":{"self":[{"href":"https:\/\/intikisa.pe\/en\/wp-json\/wp\/v2\/product\/1559","targetHints":{"allow":["GET"]}}],"collection":[{"href":"https:\/\/intikisa.pe\/en\/wp-json\/wp\/v2\/product"}],"about":[{"href":"https:\/\/intikisa.pe\/en\/wp-json\/wp\/v2\/types\/product"}],"replies":[{"embeddable":true,"href":"https:\/\/intikisa.pe\/en\/wp-json\/wp\/v2\/comments?post=1559"}],"wp:featuredmedia":[{"embeddable":true,"href":"https:\/\/intikisa.pe\/en\/wp-json\/wp\/v2\/media\/3301"}],"wp:attachment":[{"href":"https:\/\/intikisa.pe\/en\/wp-json\/wp\/v2\/media?parent=1559"}],"wp:term":[{"taxonomy":"product_cat","embeddable":true,"href":"https:\/\/intikisa.pe\/en\/wp-json\/wp\/v2\/product_cat?post=1559"},{"taxonomy":"product_tag","embeddable":true,"href":"https:\/\/intikisa.pe\/en\/wp-json\/wp\/v2\/product_tag?post=1559"}],"curies":[{"name":"wp","href":"https:\/\/api.w.org\/{rel}","templated":true}]}}