{"id":1561,"date":"2022-07-08T23:26:06","date_gmt":"2022-07-08T23:26:06","guid":{"rendered":"https:\/\/intikisa.pe\/producto\/calming-core-15ml\/"},"modified":"2023-09-14T03:07:26","modified_gmt":"2023-09-14T03:07:26","slug":"calming-core-15ml","status":"publish","type":"product","link":"https:\/\/intikisa.pe\/en\/product\/calming-core-15ml\/","title":{"rendered":"CALMING CORE ESSENTIAL OIL"},"content":{"rendered":"<p><strong><span style=\"color: #ffffff\">DIGESTIVO<\/span><\/strong><br \/>\n<strong><span style=\"color: #ffffff\">Dise\u00f1ado para ayudar a mantener una digesti\u00f3n saludable.<\/span><\/strong><br \/>\n<strong><span style=\"color: #ffffff\">* Indigesti\u00f3n, c\u00f3licos (muy diluidos), ardor de est\u00f3mago, dolor asociado con comer en<\/span><\/strong><br \/>\n<strong><span style=\"color: #ffffff\">exceso.<\/span><\/strong><br \/>\n<strong><span style=\"color: #ffffff\">* Masajee en el abdomen a una diluci\u00f3n del 2-5%, agregue una cantidad muy peque\u00f1a<\/span><\/strong><br \/>\n<strong><span style=\"color: #ffffff\">al agua fr\u00eda.<\/span><\/strong><br \/>\n<strong><span style=\"color: #ffffff\">* Los ingredientes de Calming Core, N\u00facleo Calmante, tambi\u00e9n se encuentran en los t\u00e9s<\/span><\/strong><br \/>\n<strong><span style=\"color: #ffffff\">de hierbas para la indigesti\u00f3n.<\/span><\/strong><br \/>\n<strong><span style=\"color: #ffffff\">* Despues del almuerzo y\/o cena la mentas se disfrutan com\u00fanmente porque la menta<\/span><\/strong><br \/>\n<strong><span style=\"color: #ffffff\">ayuda a la digesti\u00f3n.<\/span><\/strong><\/p>","protected":false},"excerpt":{"rendered":"<p><strong><span style=\"color: #ffffff\">DIGESTIVO &#8211; Menta, jengibre, estrag\u00f3n, an\u00eds, Alcaravea, cilantro, hinojo<\/span><\/strong><\/p>","protected":false},"featured_media":3283,"comment_status":"open","ping_status":"closed","template":"","meta":[],"product_cat":[44],"product_tag":[],"class_list":["post-1561","product","type-product","status-publish","has-post-thumbnail","hentry","product_cat-aceites-naturales"],"tiered_pricing_type":"fixed","tiered_pricing_fixed_rules":[],"acf":[],"_links":{"self":[{"href":"https:\/\/intikisa.pe\/en\/wp-json\/wp\/v2\/product\/1561","targetHints":{"allow":["GET"]}}],"collection":[{"href":"https:\/\/intikisa.pe\/en\/wp-json\/wp\/v2\/product"}],"about":[{"href":"https:\/\/intikisa.pe\/en\/wp-json\/wp\/v2\/types\/product"}],"replies":[{"embeddable":true,"href":"https:\/\/intikisa.pe\/en\/wp-json\/wp\/v2\/comments?post=1561"}],"wp:featuredmedia":[{"embeddable":true,"href":"https:\/\/intikisa.pe\/en\/wp-json\/wp\/v2\/media\/3283"}],"wp:attachment":[{"href":"https:\/\/intikisa.pe\/en\/wp-json\/wp\/v2\/media?parent=1561"}],"wp:term":[{"taxonomy":"product_cat","embeddable":true,"href":"https:\/\/intikisa.pe\/en\/wp-json\/wp\/v2\/product_cat?post=1561"},{"taxonomy":"product_tag","embeddable":true,"href":"https:\/\/intikisa.pe\/en\/wp-json\/wp\/v2\/product_tag?post=1561"}],"curies":[{"name":"wp","href":"https:\/\/api.w.org\/{rel}","templated":true}]}}