{"id":1563,"date":"2022-07-08T23:26:06","date_gmt":"2022-07-08T23:26:06","guid":{"rendered":"https:\/\/intikisa.pe\/producto\/bergamot15ml\/"},"modified":"2023-09-14T03:15:40","modified_gmt":"2023-09-14T03:15:40","slug":"bergamot15ml","status":"publish","type":"product","link":"https:\/\/intikisa.pe\/en\/product\/bergamot15ml\/","title":{"rendered":"BERGAMOT ESSENTIAL OIL"},"content":{"rendered":"<p><strong><span style=\"color: #ffffff\">El \u00e1rbol Citrus bergamia crece en Italia y tiene un fruto similar a la lima y el pomelo. El aceite esencial de bergamota ha sido apreciado durante cientos de a\u00f1os por su uso en perfumer\u00eda. Nuestro aceite esencial de bergamota se extrae en fr\u00edo de la c\u00e1scara sin procesar de la bergamota italiana.<\/span><\/strong><\/p>","protected":false},"excerpt":{"rendered":"<p><strong><span style=\"color: #ffffff\">El \u00e1rbol Citrus bergamia crece en Italia y tiene un fruto similar a la lima y el pomelo. El aceite esencial de bergamota ha sido apreciado durante cientos de a\u00f1os por su uso en perfumer\u00eda. Nuestro aceite esencial de bergamota se extrae en fr\u00edo de la c\u00e1scara sin procesar de la bergamota italiana.<\/span><\/strong><\/p>","protected":false},"featured_media":3269,"comment_status":"open","ping_status":"closed","template":"","meta":[],"product_cat":[44],"product_tag":[],"class_list":["post-1563","product","type-product","status-publish","has-post-thumbnail","hentry","product_cat-aceites-naturales"],"tiered_pricing_type":"fixed","tiered_pricing_fixed_rules":[],"acf":[],"_links":{"self":[{"href":"https:\/\/intikisa.pe\/en\/wp-json\/wp\/v2\/product\/1563","targetHints":{"allow":["GET"]}}],"collection":[{"href":"https:\/\/intikisa.pe\/en\/wp-json\/wp\/v2\/product"}],"about":[{"href":"https:\/\/intikisa.pe\/en\/wp-json\/wp\/v2\/types\/product"}],"replies":[{"embeddable":true,"href":"https:\/\/intikisa.pe\/en\/wp-json\/wp\/v2\/comments?post=1563"}],"wp:featuredmedia":[{"embeddable":true,"href":"https:\/\/intikisa.pe\/en\/wp-json\/wp\/v2\/media\/3269"}],"wp:attachment":[{"href":"https:\/\/intikisa.pe\/en\/wp-json\/wp\/v2\/media?parent=1563"}],"wp:term":[{"taxonomy":"product_cat","embeddable":true,"href":"https:\/\/intikisa.pe\/en\/wp-json\/wp\/v2\/product_cat?post=1563"},{"taxonomy":"product_tag","embeddable":true,"href":"https:\/\/intikisa.pe\/en\/wp-json\/wp\/v2\/product_tag?post=1563"}],"curies":[{"name":"wp","href":"https:\/\/api.w.org\/{rel}","templated":true}]}}