{"id":1568,"date":"2022-07-08T23:26:09","date_gmt":"2022-07-08T23:26:09","guid":{"rendered":"https:\/\/intikisa.pe\/producto\/geranium15ml\/"},"modified":"2023-09-03T03:50:35","modified_gmt":"2023-09-03T03:50:35","slug":"geranium","status":"publish","type":"product","link":"https:\/\/intikisa.pe\/en\/product\/geranium\/","title":{"rendered":"GERANIUM ESSENTIAL OIL"},"content":{"rendered":"<p><span style=\"color: #ffffff\"><strong>El aceite esencial de geranio tiene un olor fuerte y dulce. En algunos lugares, las plantas de geranio crecen m\u00e1s como \u00e1rboles, con enormes tallos y flores durante todo el a\u00f1o, alcanzando hasta 3 metros de altura. Nuestro geranio procede de las hojas y flores de la planta Pelargonium graveolens cultivada en Egipto.<\/strong><\/span><\/p>","protected":false},"excerpt":{"rendered":"<p><span style=\"color: #ffffff\"><strong>El aceite esencial de geranio tiene un olor fuerte y dulce. En algunos lugares, las plantas de geranio crecen m\u00e1s como \u00e1rboles, con enormes tallos y flores durante todo el a\u00f1o, alcanzando hasta 3 metros de altura. Nuestro geranio procede de las hojas y flores de la planta Pelargonium graveolens cultivada en Egipto.<\/strong><\/span><\/p>","protected":false},"featured_media":3281,"comment_status":"open","ping_status":"closed","template":"","meta":[],"product_cat":[44],"product_tag":[],"class_list":["post-1568","product","type-product","status-publish","has-post-thumbnail","hentry","product_cat-aceites-naturales"],"tiered_pricing_type":"fixed","tiered_pricing_fixed_rules":[],"acf":[],"_links":{"self":[{"href":"https:\/\/intikisa.pe\/en\/wp-json\/wp\/v2\/product\/1568","targetHints":{"allow":["GET"]}}],"collection":[{"href":"https:\/\/intikisa.pe\/en\/wp-json\/wp\/v2\/product"}],"about":[{"href":"https:\/\/intikisa.pe\/en\/wp-json\/wp\/v2\/types\/product"}],"replies":[{"embeddable":true,"href":"https:\/\/intikisa.pe\/en\/wp-json\/wp\/v2\/comments?post=1568"}],"wp:featuredmedia":[{"embeddable":true,"href":"https:\/\/intikisa.pe\/en\/wp-json\/wp\/v2\/media\/3281"}],"wp:attachment":[{"href":"https:\/\/intikisa.pe\/en\/wp-json\/wp\/v2\/media?parent=1568"}],"wp:term":[{"taxonomy":"product_cat","embeddable":true,"href":"https:\/\/intikisa.pe\/en\/wp-json\/wp\/v2\/product_cat?post=1568"},{"taxonomy":"product_tag","embeddable":true,"href":"https:\/\/intikisa.pe\/en\/wp-json\/wp\/v2\/product_tag?post=1568"}],"curies":[{"name":"wp","href":"https:\/\/api.w.org\/{rel}","templated":true}]}}