{"id":1569,"date":"2022-07-08T23:26:09","date_gmt":"2022-07-08T23:26:09","guid":{"rendered":"https:\/\/intikisa.pe\/producto\/cooling-water15ml\/"},"modified":"2023-09-03T04:07:36","modified_gmt":"2023-09-03T04:07:36","slug":"cooling-water15ml","status":"publish","type":"product","link":"https:\/\/intikisa.pe\/en\/product\/cooling-water15ml\/","title":{"rendered":"COOLING WATER ESSENTIAL OIL"},"content":{"rendered":"<p><span style=\"color: #ffffff\"><strong>ALIVIO PROFUNDO<\/strong><\/span><br \/>\n<span style=\"color: #ffffff\"><strong>La manzanilla alemana es un aceite antiinflamatorio incre\u00edblemente potente. Tambi\u00e9n es<\/strong><\/span><br \/>\n<span style=\"color: #ffffff\"><strong>extremadamente caro. Esta mezcla combina nuestros aceites antiinflamatorios m\u00e1s<\/strong><\/span><br \/>\n<span style=\"color: #ffffff\"><strong>poderosos, aprovechando la rentabilidad de otros ingredientes con la manzanilla alemana.<\/strong><\/span><br \/>\n<span style=\"color: #ffffff\"><strong>Especialmente bueno para quemaduras.<\/strong><\/span><br \/>\n<span style=\"color: #ffffff\"><strong>* Quemaduras, quemaduras solares, erupciones t\u00f3picas, hinchaz\u00f3n por artritis.<\/strong><\/span><br \/>\n<span style=\"color: #ffffff\"><strong>* Aplicar directamente, mezclar con gel de aloe vera, a\u00f1adir unas gotas al atomizador<\/strong><\/span><br \/>\n<span style=\"color: #ffffff\"><strong>con agua, agitar y rociar.<\/strong><\/span><br \/>\n<span style=\"color: #ffffff\"><strong>* El color azul oscuro de esta mezcla proviene del azuleno, un qu\u00edmico que aparece en la<\/strong><\/span><br \/>\n<span style=\"color: #ffffff\"><strong>manzanilla alemana solo cuando se destila al vapor.<\/strong><\/span><br \/>\n<span style=\"color: #ffffff\"><strong>* Los cuentos antiguos afirman que un cient\u00edfico franc\u00e9s llamado Gattefosse trat\u00f3 las<\/strong><\/span><br \/>\n<span style=\"color: #ffffff\"><strong>quemaduras con lavanda. Us\u00f3 lavanda para tratar la gangrena inducida por quemaduras. . .<\/strong><\/span><br \/>\n<span style=\"color: #ffffff\"><strong>algo completamente diferente.<\/strong><\/span><br \/>\n<span style=\"color: #ffffff\"><strong>* Esta mezcla contiene tanaceto azul, que puede provocar contracciones durante el<\/strong><\/span><br \/>\n<span style=\"color: #ffffff\"><strong>embarazo.<\/strong><\/span><br \/>\n<span style=\"color: #ffffff\"><strong>* Esta mezcla huele como \u201cFroot Loops\u201d (unos cereales de frutas)<\/strong><\/span><\/p>","protected":false},"excerpt":{"rendered":"<p><span style=\"color: #ffffff\"><strong>Esta mezcla profundamente refrescante es ideal para mejorar el aspecto de la piel enrojecida y da\u00f1ada. El tanaceto azul, el helicriso, la manzanilla alemana y otros aceites proporcionan un pronunciado efecto refrescante.<\/strong><\/span><\/p>","protected":false},"featured_media":3292,"comment_status":"open","ping_status":"closed","template":"","meta":[],"product_cat":[44],"product_tag":[],"class_list":["post-1569","product","type-product","status-publish","has-post-thumbnail","hentry","product_cat-aceites-naturales"],"tiered_pricing_type":"fixed","tiered_pricing_fixed_rules":[],"acf":[],"_links":{"self":[{"href":"https:\/\/intikisa.pe\/en\/wp-json\/wp\/v2\/product\/1569","targetHints":{"allow":["GET"]}}],"collection":[{"href":"https:\/\/intikisa.pe\/en\/wp-json\/wp\/v2\/product"}],"about":[{"href":"https:\/\/intikisa.pe\/en\/wp-json\/wp\/v2\/types\/product"}],"replies":[{"embeddable":true,"href":"https:\/\/intikisa.pe\/en\/wp-json\/wp\/v2\/comments?post=1569"}],"wp:featuredmedia":[{"embeddable":true,"href":"https:\/\/intikisa.pe\/en\/wp-json\/wp\/v2\/media\/3292"}],"wp:attachment":[{"href":"https:\/\/intikisa.pe\/en\/wp-json\/wp\/v2\/media?parent=1569"}],"wp:term":[{"taxonomy":"product_cat","embeddable":true,"href":"https:\/\/intikisa.pe\/en\/wp-json\/wp\/v2\/product_cat?post=1569"},{"taxonomy":"product_tag","embeddable":true,"href":"https:\/\/intikisa.pe\/en\/wp-json\/wp\/v2\/product_tag?post=1569"}],"curies":[{"name":"wp","href":"https:\/\/api.w.org\/{rel}","templated":true}]}}