{"id":1570,"date":"2022-07-08T23:26:09","date_gmt":"2022-07-08T23:26:09","guid":{"rendered":"https:\/\/intikisa.pe\/producto\/turmeric15ml\/"},"modified":"2023-09-03T04:40:50","modified_gmt":"2023-09-03T04:40:50","slug":"turmeric15ml","status":"publish","type":"product","link":"https:\/\/intikisa.pe\/en\/product\/turmeric15ml\/","title":{"rendered":"TURMERIC ESSENTIAL OIL"},"content":{"rendered":"<p><strong><span style=\"color: #ffffff\">La c\u00farcuma es una hierba y especia muy conocida. Utilizado sobre la piel, se cree que el aceite esencial de c\u00farcuma es un potente agente antibacteriano y antis\u00e9ptico que puede ser beneficioso para su aplicaci\u00f3n en zonas de quemaduras leves, cortes, mordeduras y hematomas. limpia, aclara, suaviza, calma, vigoriza e ilumina la piel. en general, favorece la salud de la piel.<\/span><\/strong><\/p>","protected":false},"excerpt":{"rendered":"<p><strong><span style=\"color: #ffffff\">La c\u00farcuma es una hierba y especia muy conocida. Utilizado sobre la piel, se cree que el aceite esencial de c\u00farcuma es un potente agente antibacteriano y antis\u00e9ptico que puede ser beneficioso para su aplicaci\u00f3n en zonas de quemaduras leves, cortes, mordeduras y hematomas. limpia, aclara, suaviza, calma, vigoriza e ilumina la piel. en general, favorece la salud de la piel.<\/span><\/strong><\/p>","protected":false},"featured_media":3322,"comment_status":"open","ping_status":"closed","template":"","meta":[],"product_cat":[44],"product_tag":[],"class_list":["post-1570","product","type-product","status-publish","has-post-thumbnail","hentry","product_cat-aceites-naturales"],"tiered_pricing_type":"fixed","tiered_pricing_fixed_rules":[],"acf":[],"_links":{"self":[{"href":"https:\/\/intikisa.pe\/en\/wp-json\/wp\/v2\/product\/1570","targetHints":{"allow":["GET"]}}],"collection":[{"href":"https:\/\/intikisa.pe\/en\/wp-json\/wp\/v2\/product"}],"about":[{"href":"https:\/\/intikisa.pe\/en\/wp-json\/wp\/v2\/types\/product"}],"replies":[{"embeddable":true,"href":"https:\/\/intikisa.pe\/en\/wp-json\/wp\/v2\/comments?post=1570"}],"wp:featuredmedia":[{"embeddable":true,"href":"https:\/\/intikisa.pe\/en\/wp-json\/wp\/v2\/media\/3322"}],"wp:attachment":[{"href":"https:\/\/intikisa.pe\/en\/wp-json\/wp\/v2\/media?parent=1570"}],"wp:term":[{"taxonomy":"product_cat","embeddable":true,"href":"https:\/\/intikisa.pe\/en\/wp-json\/wp\/v2\/product_cat?post=1570"},{"taxonomy":"product_tag","embeddable":true,"href":"https:\/\/intikisa.pe\/en\/wp-json\/wp\/v2\/product_tag?post=1570"}],"curies":[{"name":"wp","href":"https:\/\/api.w.org\/{rel}","templated":true}]}}