{"id":192,"date":"2022-04-05T23:27:00","date_gmt":"2022-04-05T23:27:00","guid":{"rendered":"https:\/\/intikisa.pe\/?post_type=product&#038;p=192"},"modified":"2025-12-10T16:53:44","modified_gmt":"2025-12-10T21:53:44","slug":"machu-picchu-golden-mix","status":"publish","type":"product","link":"https:\/\/intikisa.pe\/en\/product\/machu-picchu-golden-mix\/","title":{"rendered":"MACHU PICCHU GOLDEN MIX"},"content":{"rendered":"<p><span style=\"color: #ffffff;\"><strong><span class=\"Y2IQFc\" lang=\"en\">MACHU PICCHU GOLDEN MIX es una mezcla de sabores andinos y de la amazonia de nuestro Per\u00fa; La quinua con su alto valor nutritivo, la maca con sus fuentes de vitaminas y el cacao con su fuente energ\u00e9tica hacen de este mix el indicado para tu alimentaci\u00f3n diaria por sus innumerables beneficios.<\/span><\/strong><\/span><\/p>\n<h2><span style=\"color: #ffffff;\"><strong>PROPERTIES:<\/strong><\/span><\/h2>\n<ul>\n<li><span style=\"color: #ffffff;\"><strong>Rica en fibras, carbohidratos y prote\u00ednas.<\/strong><\/span><\/li>\n<li><span style=\"color: #ffffff;\"><strong>Sus compuestos flavonoides ayudan a la salud mental.<\/strong><\/span><\/li>\n<li><span style=\"color: #ffffff;\"><strong>Funciona como complemento alimenticio que aumenta la energ\u00eda.<\/strong><\/span><\/li>\n<li><span style=\"color: #ffffff;\"><strong>Optimiza el rendimiento deportivo.<\/strong><\/span><\/li>\n<li><span style=\"color: #ffffff;\"><strong>Ayuda al buen funcionamiento de la memoria.<\/strong><\/span><\/li>\n<li><span style=\"color: #ffffff;\"><strong>Mejora el estado de animo.<\/strong><\/span><\/li>\n<li><span style=\"color: #ffffff;\"><strong>Ideal para el consumo de diab\u00e9ticos.<\/strong><\/span><\/li>\n<li><span style=\"color: #ffffff;\"><strong>Posee grasas buenas.<\/strong><\/span><\/li>\n<\/ul>","protected":false},"excerpt":{"rendered":"<p><span style=\"color: #ffffff;\"><strong><span class=\"Y2IQFc\" lang=\"en\">MACHU PICCHU GOLDEN MIX es una mezcla de sabores andinos y de la amazonia de nuestro Per\u00fa; La quinua con su alto valor nutritivo, la maca con sus fuentes de vitaminas y el cacao con su fuente energ\u00e9tica hacen de este mix el indicado para tu alimentaci\u00f3n diaria por sus innumerables beneficios.<\/span><\/strong><\/span><\/p>","protected":false},"featured_media":3367,"comment_status":"open","ping_status":"closed","template":"","meta":[],"product_cat":[22,88,20],"product_tag":[],"class_list":["post-192","product","type-product","status-publish","has-post-thumbnail","hentry","product_cat-chocolate","product_cat-polvo","product_cat-proteinas-naturales"],"tiered_pricing_type":"fixed","tiered_pricing_fixed_rules":[],"acf":[],"_links":{"self":[{"href":"https:\/\/intikisa.pe\/en\/wp-json\/wp\/v2\/product\/192","targetHints":{"allow":["GET"]}}],"collection":[{"href":"https:\/\/intikisa.pe\/en\/wp-json\/wp\/v2\/product"}],"about":[{"href":"https:\/\/intikisa.pe\/en\/wp-json\/wp\/v2\/types\/product"}],"replies":[{"embeddable":true,"href":"https:\/\/intikisa.pe\/en\/wp-json\/wp\/v2\/comments?post=192"}],"wp:featuredmedia":[{"embeddable":true,"href":"https:\/\/intikisa.pe\/en\/wp-json\/wp\/v2\/media\/3367"}],"wp:attachment":[{"href":"https:\/\/intikisa.pe\/en\/wp-json\/wp\/v2\/media?parent=192"}],"wp:term":[{"taxonomy":"product_cat","embeddable":true,"href":"https:\/\/intikisa.pe\/en\/wp-json\/wp\/v2\/product_cat?post=192"},{"taxonomy":"product_tag","embeddable":true,"href":"https:\/\/intikisa.pe\/en\/wp-json\/wp\/v2\/product_tag?post=192"}],"curies":[{"name":"wp","href":"https:\/\/api.w.org\/{rel}","templated":true}]}}