{"id":193,"date":"2022-04-05T23:27:30","date_gmt":"2022-04-05T23:27:30","guid":{"rendered":"https:\/\/intikisa.pe\/?post_type=product&#038;p=193"},"modified":"2025-12-08T13:40:36","modified_gmt":"2025-12-08T18:40:36","slug":"inka-golden-power-mix","status":"publish","type":"product","link":"https:\/\/intikisa.pe\/en\/product\/inka-golden-power-mix\/","title":{"rendered":"INKA GOLDEN POWER MIX"},"content":{"rendered":"<p><span style=\"color: #ffffff;\"><strong>INKA GOLDEN MIX es una mezcla de sabores andinos de nuestro Per\u00fa; El Tarwi con su fuente prote\u00ednas, la maca con sus fuentes de vitaminas y el cacao con su fuente energ\u00e9tica hacen de este mix el indicado para tu alimentaci\u00f3n diaria por sus innumerables beneficios.<\/strong><\/span><\/p>\n<h2><span style=\"color: #ffffff;\"><strong>PROPERTIES:<\/strong><\/span><\/h2>\n<ul>\n<li><span style=\"color: #ffffff;\"><strong>Posee alta cantidad de prote\u00ednas.<\/strong><\/span><\/li>\n<li><span style=\"color: #ffffff;\"><strong>Laxante Natural.<\/strong><\/span><\/li>\n<li><span style=\"color: #ffffff;\"><strong>Alto contenido en calcio.<\/strong><\/span><\/li>\n<li><span style=\"color: #ffffff;\"><strong>Combate el estr\u00e9s.<\/strong><\/span><\/li>\n<li><span style=\"color: #ffffff;\"><strong>Contiene fibra para una buena digestion.<\/strong><\/span><\/li>\n<li><span style=\"color: #ffffff;\"><strong>Posee grasas buenas (no saturadas).<\/strong><\/span><\/li>\n<li><span style=\"color: #ffffff;\"><strong>Rica en fibra y minerales.<\/strong><\/span><\/li>\n<li><span style=\"color: #ffffff;\"><strong>Ideal para el consumo de diab\u00e9ticos.<\/strong><\/span><\/li>\n<\/ul>\n<p>&nbsp;<\/p>\n<p><span style=\"color: #ffffff;\"><strong>Kosher certified<\/strong><\/span><\/p>\n<p><img decoding=\"async\" class=\"alignnone wp-image-1226 lazyload\" data-src=\"https:\/\/intikisa.pe\/wp-content\/uploads\/2022\/05\/certificacion-Kosher-siagro-export-300x296.png\" alt=\"\" width=\"100\" height=\"100\" data-srcset=\"https:\/\/intikisa.pe\/wp-content\/uploads\/2022\/05\/certificacion-Kosher-siagro-export-300x296.png 300w, https:\/\/intikisa.pe\/wp-content\/uploads\/2022\/05\/certificacion-Kosher-siagro-export-380x375.png 380w, https:\/\/intikisa.pe\/wp-content\/uploads\/2022\/05\/certificacion-Kosher-siagro-export-100x100.png 100w, https:\/\/intikisa.pe\/wp-content\/uploads\/2022\/05\/certificacion-Kosher-siagro-export-150x150.png 150w, https:\/\/intikisa.pe\/wp-content\/uploads\/2022\/05\/certificacion-Kosher-siagro-export.png 400w\" data-sizes=\"(max-width: 100px) 100vw, 100px\" src=\"data:image\/svg+xml;base64,PHN2ZyB3aWR0aD0iMSIgaGVpZ2h0PSIxIiB4bWxucz0iaHR0cDovL3d3dy53My5vcmcvMjAwMC9zdmciPjwvc3ZnPg==\" style=\"--smush-placeholder-width: 100px; --smush-placeholder-aspect-ratio: 100\/100;\" \/><\/p>","protected":false},"excerpt":{"rendered":"<p><strong><span style=\"color: #ffffff;\">INKA GOLDEN MIX es una mezcla de sabores andinos de nuestro Per\u00fa; El Tarwi con su fuente prote\u00ednas, la maca con sus fuentes de vitaminas y el cacao con su fuente energ\u00e9tica hacen de este mix el indicado para tu alimentaci\u00f3n diaria por sus innumerables beneficios.<\/span><\/strong><\/p>","protected":false},"featured_media":3366,"comment_status":"open","ping_status":"closed","template":"","meta":[],"product_cat":[22,88,20],"product_tag":[],"class_list":["post-193","product","type-product","status-publish","has-post-thumbnail","hentry","product_cat-chocolate","product_cat-polvo","product_cat-proteinas-naturales"],"tiered_pricing_type":"fixed","tiered_pricing_fixed_rules":[],"acf":[],"_links":{"self":[{"href":"https:\/\/intikisa.pe\/en\/wp-json\/wp\/v2\/product\/193","targetHints":{"allow":["GET"]}}],"collection":[{"href":"https:\/\/intikisa.pe\/en\/wp-json\/wp\/v2\/product"}],"about":[{"href":"https:\/\/intikisa.pe\/en\/wp-json\/wp\/v2\/types\/product"}],"replies":[{"embeddable":true,"href":"https:\/\/intikisa.pe\/en\/wp-json\/wp\/v2\/comments?post=193"}],"wp:featuredmedia":[{"embeddable":true,"href":"https:\/\/intikisa.pe\/en\/wp-json\/wp\/v2\/media\/3366"}],"wp:attachment":[{"href":"https:\/\/intikisa.pe\/en\/wp-json\/wp\/v2\/media?parent=193"}],"wp:term":[{"taxonomy":"product_cat","embeddable":true,"href":"https:\/\/intikisa.pe\/en\/wp-json\/wp\/v2\/product_cat?post=193"},{"taxonomy":"product_tag","embeddable":true,"href":"https:\/\/intikisa.pe\/en\/wp-json\/wp\/v2\/product_tag?post=193"}],"curies":[{"name":"wp","href":"https:\/\/api.w.org\/{rel}","templated":true}]}}