{"id":194,"date":"2022-04-05T23:27:58","date_gmt":"2022-04-05T23:27:58","guid":{"rendered":"https:\/\/intikisa.pe\/?post_type=product&#038;p=194"},"modified":"2024-11-12T17:44:42","modified_gmt":"2024-11-12T17:44:42","slug":"chocolate-de-taza","status":"publish","type":"product","link":"https:\/\/intikisa.pe\/en\/product\/chocolate-de-taza\/","title":{"rendered":"INTI CHOCOLATE PARA TAZA"},"content":{"rendered":"<p><span style=\"color: #ffffff;\"><strong>Intikisa chocolate de taza contiene 100% cacao lo cual trae muchos beneficios a nuestra salud, ya que presenta una gran concentraci\u00f3n de antioxidantes. Adem\u00e1s es un alimento rico en magnesio y hierro.<\/strong><\/span><\/p>\n<h2><span style=\"color: #ffffff;\"><strong>PROPERTIES:<\/strong><\/span><\/h2>\n<ul>\n<li><span style=\"color: #ffffff;\"><strong>Antioxidante: el cacao y la temperatura caliente ayudan al coraz\u00f3n y presentan un impacto positivo en nuestro organismo.<\/strong><\/span><\/li>\n<li><span style=\"color: #ffffff;\"><strong>Fuente de calcio, para que nuestro cuerpo funcione adecuadamente.<\/strong><\/span><\/li>\n<li><span style=\"color: #ffffff;\"><strong>Reduce el estr\u00e9s: produce alivio y reduce la tensi\u00f3n acumulada.<\/strong><\/span><\/li>\n<li><span style=\"color: #ffffff;\"><strong>Disminuye la inflamaci\u00f3n, sobre todo la retenci\u00f3n de l\u00edquidos.<\/strong><\/span><\/li>\n<li><span style=\"color: #ffffff;\"><strong>Mejora la salud de tu piel.<\/strong><\/span><\/li>\n<li><span style=\"color: #ffffff;\"><strong>Activa la circulaci\u00f3n sangu\u00ednea.<\/strong><\/span><\/li>\n<li><span style=\"color: #ffffff;\"><strong>Mejora el funcionamiento del h\u00edgado.<\/strong><\/span><\/li>\n<li><span style=\"color: #ffffff;\"><strong>Mantiene saludable el cerebro.<\/strong><\/span><\/li>\n<\/ul>","protected":false},"excerpt":{"rendered":"<p><span style=\"color: #ffffff;\"><strong>Intikisa chocolate de taza contiene 100% cacao lo cual trae muchos beneficios a nuestra salud, ya que presenta una gran concentraci\u00f3n de antioxidantes. Adem\u00e1s es un alimento rico en magnesio y hierro.<\/strong><\/span><\/p>","protected":false},"featured_media":3349,"comment_status":"open","ping_status":"closed","template":"","meta":[],"product_cat":[22],"product_tag":[],"class_list":["post-194","product","type-product","status-publish","has-post-thumbnail","hentry","product_cat-chocolate"],"tiered_pricing_type":"fixed","tiered_pricing_fixed_rules":{"5":"15"},"acf":[],"_links":{"self":[{"href":"https:\/\/intikisa.pe\/en\/wp-json\/wp\/v2\/product\/194","targetHints":{"allow":["GET"]}}],"collection":[{"href":"https:\/\/intikisa.pe\/en\/wp-json\/wp\/v2\/product"}],"about":[{"href":"https:\/\/intikisa.pe\/en\/wp-json\/wp\/v2\/types\/product"}],"replies":[{"embeddable":true,"href":"https:\/\/intikisa.pe\/en\/wp-json\/wp\/v2\/comments?post=194"}],"wp:featuredmedia":[{"embeddable":true,"href":"https:\/\/intikisa.pe\/en\/wp-json\/wp\/v2\/media\/3349"}],"wp:attachment":[{"href":"https:\/\/intikisa.pe\/en\/wp-json\/wp\/v2\/media?parent=194"}],"wp:term":[{"taxonomy":"product_cat","embeddable":true,"href":"https:\/\/intikisa.pe\/en\/wp-json\/wp\/v2\/product_cat?post=194"},{"taxonomy":"product_tag","embeddable":true,"href":"https:\/\/intikisa.pe\/en\/wp-json\/wp\/v2\/product_tag?post=194"}],"curies":[{"name":"wp","href":"https:\/\/api.w.org\/{rel}","templated":true}]}}