{"id":3030,"date":"2023-07-25T20:04:18","date_gmt":"2023-07-25T20:04:18","guid":{"rendered":"https:\/\/intikisa.pe\/?post_type=product&#038;p=3030"},"modified":"2025-12-08T13:41:11","modified_gmt":"2025-12-08T18:41:11","slug":"golden-berries","status":"publish","type":"product","link":"https:\/\/intikisa.pe\/en\/product\/golden-berries\/","title":{"rendered":"GOLDEN BERRIES"},"content":{"rendered":"<p><span style=\"color: #ffffff;\"><strong>Nuestros Golden Berries est\u00e1n cargados con antioxidantes, fibra y minerales, este sabroso y peque\u00f1o paquete es un gran aporte de beneficios para la salud. Tambi\u00e9n posee prote\u00ednas que ayudan al desarrollo (aconsejable para los ni\u00f1os) y para mejorar la funci\u00f3n de distintos \u00f3rganos del cuerpo. Asimismo, ayuda a un mejor sistema digestivo, debido a sus alto porcentaje de fibra, permite una mejor salud para aquellos que sufren de problemas digestivos como el estre\u00f1imiento.\u00a0<\/strong><\/span><\/p>","protected":false},"excerpt":{"rendered":"<p><span style=\"color: #ffffff;\"><strong>Nuestros Golden Berries est\u00e1n cargados con antioxidantes, fibra y minerales, este sabroso y peque\u00f1o paquete es un gran aporte de beneficios para la salud. Tambi\u00e9n posee prote\u00ednas que ayudan al desarrollo (aconsejable para los ni\u00f1os) y para mejorar la funci\u00f3n de distintos \u00f3rganos del cuerpo.<\/strong><\/span><\/p>","protected":false},"featured_media":3257,"comment_status":"open","ping_status":"closed","template":"","meta":[],"product_cat":[15],"product_tag":[],"class_list":["post-3030","product","type-product","status-publish","has-post-thumbnail","hentry","product_cat-productos-deshidratados"],"tiered_pricing_type":"fixed","tiered_pricing_fixed_rules":[],"acf":[],"_links":{"self":[{"href":"https:\/\/intikisa.pe\/en\/wp-json\/wp\/v2\/product\/3030","targetHints":{"allow":["GET"]}}],"collection":[{"href":"https:\/\/intikisa.pe\/en\/wp-json\/wp\/v2\/product"}],"about":[{"href":"https:\/\/intikisa.pe\/en\/wp-json\/wp\/v2\/types\/product"}],"replies":[{"embeddable":true,"href":"https:\/\/intikisa.pe\/en\/wp-json\/wp\/v2\/comments?post=3030"}],"wp:featuredmedia":[{"embeddable":true,"href":"https:\/\/intikisa.pe\/en\/wp-json\/wp\/v2\/media\/3257"}],"wp:attachment":[{"href":"https:\/\/intikisa.pe\/en\/wp-json\/wp\/v2\/media?parent=3030"}],"wp:term":[{"taxonomy":"product_cat","embeddable":true,"href":"https:\/\/intikisa.pe\/en\/wp-json\/wp\/v2\/product_cat?post=3030"},{"taxonomy":"product_tag","embeddable":true,"href":"https:\/\/intikisa.pe\/en\/wp-json\/wp\/v2\/product_tag?post=3030"}],"curies":[{"name":"wp","href":"https:\/\/api.w.org\/{rel}","templated":true}]}}