{"id":3033,"date":"2023-07-25T20:08:17","date_gmt":"2023-07-25T20:08:17","guid":{"rendered":"https:\/\/intikisa.pe\/?post_type=product&#038;p=3033"},"modified":"2025-12-08T13:43:07","modified_gmt":"2025-12-08T18:43:07","slug":"cacao-nibs","status":"publish","type":"product","link":"https:\/\/intikisa.pe\/en\/product\/cacao-nibs\/","title":{"rendered":"CACAO NIBS"},"content":{"rendered":"<p><span style=\"color: #ffffff;\"><strong>Nuestros Cacaos Nibs son las semillas del cacao que han sido tostadas, peladas y quebradas en piezas m\u00e1s peque\u00f1as. Sus beneficios a la salud son impecables pues no tienen un proceso m\u00e1s all\u00e1 que elimine sus nutrientes.<\/strong><\/span><\/p>\n<p><span style=\"color: #ffffff;\"><strong><!--more--><\/strong><\/span><\/p>\n<p><span style=\"color: #ffffff;\"><strong>BENEFICIOS:<\/strong><\/span><\/p>\n<ul>\n<li><span style=\"color: #ffffff;\"><strong>Fuente de fibra y prote\u00edna<\/strong><\/span><\/li>\n<li><span style=\"color: #ffffff;\"><strong>Rico en hierro, magnesio y zinc<\/strong><\/span><\/li>\n<li><span style=\"color: #ffffff;\"><strong>Previene enfermedades cardiovasculares<\/strong><\/span><\/li>\n<\/ul>","protected":false},"excerpt":{"rendered":"<p><span style=\"color: #ffffff;\"><strong>Nuestros Cacaos Nibs son las semillas del cacao que han sido tostadas, peladas y quebradas en piezas m\u00e1s peque\u00f1as. Sus beneficios a la salud son impecables pues no tienen un proceso m\u00e1s all\u00e1 que elimine sus nutrientes.<\/strong><\/span><\/p>","protected":false},"featured_media":3258,"comment_status":"open","ping_status":"closed","template":"","meta":[],"product_cat":[22],"product_tag":[],"class_list":["post-3033","product","type-product","status-publish","has-post-thumbnail","hentry","product_cat-chocolate"],"tiered_pricing_type":"fixed","tiered_pricing_fixed_rules":[],"acf":[],"_links":{"self":[{"href":"https:\/\/intikisa.pe\/en\/wp-json\/wp\/v2\/product\/3033","targetHints":{"allow":["GET"]}}],"collection":[{"href":"https:\/\/intikisa.pe\/en\/wp-json\/wp\/v2\/product"}],"about":[{"href":"https:\/\/intikisa.pe\/en\/wp-json\/wp\/v2\/types\/product"}],"replies":[{"embeddable":true,"href":"https:\/\/intikisa.pe\/en\/wp-json\/wp\/v2\/comments?post=3033"}],"wp:featuredmedia":[{"embeddable":true,"href":"https:\/\/intikisa.pe\/en\/wp-json\/wp\/v2\/media\/3258"}],"wp:attachment":[{"href":"https:\/\/intikisa.pe\/en\/wp-json\/wp\/v2\/media?parent=3033"}],"wp:term":[{"taxonomy":"product_cat","embeddable":true,"href":"https:\/\/intikisa.pe\/en\/wp-json\/wp\/v2\/product_cat?post=3033"},{"taxonomy":"product_tag","embeddable":true,"href":"https:\/\/intikisa.pe\/en\/wp-json\/wp\/v2\/product_tag?post=3033"}],"curies":[{"name":"wp","href":"https:\/\/api.w.org\/{rel}","templated":true}]}}