{"id":3042,"date":"2023-07-25T20:29:08","date_gmt":"2023-07-25T20:29:08","guid":{"rendered":"https:\/\/intikisa.pe\/?post_type=product&#038;p=3042"},"modified":"2025-12-08T13:52:40","modified_gmt":"2025-12-08T18:52:40","slug":"camu-camu-powder","status":"publish","type":"product","link":"https:\/\/intikisa.pe\/en\/product\/camu-camu-powder\/","title":{"rendered":"CAMU CAMU POWDER"},"content":{"rendered":"<p><span style=\"color: #ffffff;\"><strong>El polvo de camu camu de Intikisa contiene varios beneficios, como su riqueza en vitamina C, potasio, f\u00f3sforo y niacina. Tambi\u00e9n ayuda al proceso digestivo, previene el envejecimiento prematuro, aumenta la producci\u00f3n de col\u00e1geno y fortalece el sistema inmunol\u00f3gico.<\/strong><\/span><\/p>\n<p><span style=\"color: #ffffff;\"><strong><!--more--><\/strong><\/span><\/p>\n<p><span style=\"color: #ffffff;\"><strong>BENEFICIOS:<\/strong><\/span><\/p>\n<ul>\n<li><span style=\"color: #ffffff;\"><strong>Rico en vitamina C<\/strong><\/span><\/li>\n<li><span style=\"color: #ffffff;\"><strong>Contiene potasio<\/strong><\/span><\/li>\n<li><span style=\"color: #ffffff;\"><strong>Contiene f\u00f3sforo<\/strong><\/span><\/li>\n<li><span style=\"color: #ffffff;\"><strong>Contiene niacina<\/strong><\/span><\/li>\n<\/ul>\n<p><span style=\"color: #ffffff;\"><strong><!--more--><\/strong><\/span><\/p>\n<p><span style=\"color: #ffffff;\"><strong>Kosher certified<\/strong><\/span><\/p>\n<p><img decoding=\"async\" class=\"wp-image-2343 size-full aligncenter lazyload\" data-src=\"http:\/\/intikisa.us\/wp-content\/uploads\/2022\/05\/certificacion-Kosher-siagro-export-100x100-1.png\" alt=\"\" width=\"100\" height=\"100\" src=\"data:image\/svg+xml;base64,PHN2ZyB3aWR0aD0iMSIgaGVpZ2h0PSIxIiB4bWxucz0iaHR0cDovL3d3dy53My5vcmcvMjAwMC9zdmciPjwvc3ZnPg==\" style=\"--smush-placeholder-width: 100px; --smush-placeholder-aspect-ratio: 100\/100;\" \/><\/p>","protected":false},"excerpt":{"rendered":"<p><span style=\"color: #ffffff;\"><strong>El polvo de camu camu de Intikisa contiene varios beneficios, como su riqueza en vitamina C, potasio, f\u00f3sforo y niacina. Tambi\u00e9n ayuda al proceso digestivo, previene el envejecimiento prematuro, aumenta la producci\u00f3n de col\u00e1geno y fortalece el sistema inmunol\u00f3gico.<\/strong><\/span><\/p>","protected":false},"featured_media":3253,"comment_status":"open","ping_status":"closed","template":"","meta":[],"product_cat":[88],"product_tag":[],"class_list":["post-3042","product","type-product","status-publish","has-post-thumbnail","hentry","product_cat-polvo"],"tiered_pricing_type":"fixed","tiered_pricing_fixed_rules":{"6":"24.55"},"acf":[],"_links":{"self":[{"href":"https:\/\/intikisa.pe\/en\/wp-json\/wp\/v2\/product\/3042","targetHints":{"allow":["GET"]}}],"collection":[{"href":"https:\/\/intikisa.pe\/en\/wp-json\/wp\/v2\/product"}],"about":[{"href":"https:\/\/intikisa.pe\/en\/wp-json\/wp\/v2\/types\/product"}],"replies":[{"embeddable":true,"href":"https:\/\/intikisa.pe\/en\/wp-json\/wp\/v2\/comments?post=3042"}],"wp:featuredmedia":[{"embeddable":true,"href":"https:\/\/intikisa.pe\/en\/wp-json\/wp\/v2\/media\/3253"}],"wp:attachment":[{"href":"https:\/\/intikisa.pe\/en\/wp-json\/wp\/v2\/media?parent=3042"}],"wp:term":[{"taxonomy":"product_cat","embeddable":true,"href":"https:\/\/intikisa.pe\/en\/wp-json\/wp\/v2\/product_cat?post=3042"},{"taxonomy":"product_tag","embeddable":true,"href":"https:\/\/intikisa.pe\/en\/wp-json\/wp\/v2\/product_tag?post=3042"}],"curies":[{"name":"wp","href":"https:\/\/api.w.org\/{rel}","templated":true}]}}