{"id":3044,"date":"2023-07-25T20:35:32","date_gmt":"2023-07-25T20:35:32","guid":{"rendered":"https:\/\/intikisa.pe\/?post_type=product&#038;p=3044"},"modified":"2025-12-10T16:48:35","modified_gmt":"2025-12-10T21:48:35","slug":"lucuma-fruit-powder","status":"publish","type":"product","link":"https:\/\/intikisa.pe\/en\/product\/lucuma-fruit-powder\/","title":{"rendered":"LUCUMA FRUIT POWDER"},"content":{"rendered":"<p><strong><span style=\"color: #ffffff;\">La l\u00facuma en polvo Intikisa es un edulcorante bajo en az\u00facar y puede utilizarse como sustituto del az\u00facar. Combina bien con caramelo, chocolate y la mayor\u00eda de las frutas. La l\u00facuma en polvo tambi\u00e9n aporta algo de calcio, hierro, potasio, niacina y vitamina C. Es una gran fuente de carbohidratos buenos, alta en fibra, rica en antioxidantes y repleta de vitaminas y minerales.<!--more--><\/span><\/strong><\/p>\n<p><strong><span style=\"color: #ffffff;\">BENEFICIOS:<\/span><\/strong><\/p>\n<ul>\n<li><strong><span style=\"color: #ffffff;\">Contiene vitamina C<\/span><\/strong><\/li>\n<li><strong><span style=\"color: #ffffff;\">Potasio<\/span><\/strong><\/li>\n<li><strong><span style=\"color: #ffffff;\">Hierro<\/span><\/strong><\/li>\n<li><strong><span style=\"color: #ffffff;\">Calcio<\/span><\/strong><\/li>\n<li><strong><span style=\"color: #ffffff;\">Niacina<\/span><\/strong><\/li>\n<li><strong><span style=\"color: #ffffff;\">Alto contenido en fibra<\/span><\/strong><\/li>\n<li><strong><span style=\"color: #ffffff;\">Rico en antioxidantes<\/span><\/strong><\/li>\n<li><strong><span style=\"color: #ffffff;\">Previene la diabetes<\/span><\/strong><\/li>\n<\/ul>","protected":false},"excerpt":{"rendered":"<p><span style=\"color: #ffffff;\"><strong>La l\u00facuma en polvo Intikisa de 180 gr. es un edulcorante bajo en az\u00facar y puede utilizarse como sustituto del az\u00facar. Combina bien con caramelo, chocolate y la mayor\u00eda de las frutas. La l\u00facuma en polvo tambi\u00e9n aporta algo de calcio, hierro, potasio, niacina y vitamina C. Es una gran fuente de carbohidratos buenos, alta en fibra, rica en antioxidantes y repleta de vitaminas y minerales.<\/strong><\/span><\/p>","protected":false},"featured_media":3252,"comment_status":"open","ping_status":"closed","template":"","meta":[],"product_cat":[88],"product_tag":[],"class_list":["post-3044","product","type-product","status-publish","has-post-thumbnail","hentry","product_cat-polvo"],"tiered_pricing_type":"fixed","tiered_pricing_fixed_rules":{"5":"14.50"},"acf":[],"_links":{"self":[{"href":"https:\/\/intikisa.pe\/en\/wp-json\/wp\/v2\/product\/3044","targetHints":{"allow":["GET"]}}],"collection":[{"href":"https:\/\/intikisa.pe\/en\/wp-json\/wp\/v2\/product"}],"about":[{"href":"https:\/\/intikisa.pe\/en\/wp-json\/wp\/v2\/types\/product"}],"replies":[{"embeddable":true,"href":"https:\/\/intikisa.pe\/en\/wp-json\/wp\/v2\/comments?post=3044"}],"wp:featuredmedia":[{"embeddable":true,"href":"https:\/\/intikisa.pe\/en\/wp-json\/wp\/v2\/media\/3252"}],"wp:attachment":[{"href":"https:\/\/intikisa.pe\/en\/wp-json\/wp\/v2\/media?parent=3044"}],"wp:term":[{"taxonomy":"product_cat","embeddable":true,"href":"https:\/\/intikisa.pe\/en\/wp-json\/wp\/v2\/product_cat?post=3044"},{"taxonomy":"product_tag","embeddable":true,"href":"https:\/\/intikisa.pe\/en\/wp-json\/wp\/v2\/product_tag?post=3044"}],"curies":[{"name":"wp","href":"https:\/\/api.w.org\/{rel}","templated":true}]}}