{"id":3059,"date":"2023-08-03T16:23:45","date_gmt":"2023-08-03T16:23:45","guid":{"rendered":"https:\/\/intikisa.pe\/?post_type=product&#038;p=3059"},"modified":"2025-12-08T13:55:44","modified_gmt":"2025-12-08T18:55:44","slug":"loche-deshidratado","status":"publish","type":"product","link":"https:\/\/intikisa.pe\/en\/product\/loche-deshidratado\/","title":{"rendered":"LOCHE DESHIDRATADO"},"content":{"rendered":"<p><span style=\"color: #ffffff;\">Este producto contiene 100% zapallo loche y no tiene preservantes, fue desarrollado con la idea de que nuestros clientes puedan agregarlo a sus comidas diarias con practicidad. El zapallo loche ha sido valorado como un superalimento desde la antig\u00fcedad por sus extraordinarios atributos nutricionales, el zapallo loche es un cultivo nativo y emblem\u00e1tico de la costa norte peruana y protagonista estrella de su gastronom\u00eda, especialmente en la regi\u00f3n Lambayeque.<!--more--><\/span><\/p>\n<p><span style=\"color: #ffffff;\">PROPERTIES:<\/span><\/p>\n<ul>\n<li><span style=\"color: #ffffff;\">\u00a0Rico en vitamina C, provitamina A, minerales como calcio, f\u00f3sforo, prote\u00ednas, carbohidratos y hierro.<\/span><\/li>\n<li><span style=\"color: #ffffff;\">Protege el revestimiento del est\u00f3mago<\/span><\/li>\n<li><span style=\"color: #ffffff;\">Diur\u00e9tico, antiinflamatorio y bueno para los diab\u00e9ticos.<\/span><\/li>\n<li><span style=\"color: #ffffff;\">El betacaroteno y los antioxidantes que contiene previenen diferentes tipos de c\u00e1ncer.<\/span><\/li>\n<\/ul>\n<p><span style=\"color: #ffffff;\"><!--more--><\/span><\/p>\n<p><span style=\"color: #ffffff;\">Certificado por Krosher.<\/span><\/p>\n<p>&nbsp;<\/p>\n<p><img decoding=\"async\" class=\"aligncenter lazyload\" data-src=\"http:\/\/intikisa.us\/wp-content\/uploads\/2022\/05\/certificacion-Kosher-siagro-export-100x100.png\" alt=\"\" width=\"100\" height=\"100\" src=\"data:image\/svg+xml;base64,PHN2ZyB3aWR0aD0iMSIgaGVpZ2h0PSIxIiB4bWxucz0iaHR0cDovL3d3dy53My5vcmcvMjAwMC9zdmciPjwvc3ZnPg==\" style=\"--smush-placeholder-width: 100px; --smush-placeholder-aspect-ratio: 100\/100;\" \/><\/p>","protected":false},"excerpt":{"rendered":"<p><span style=\"color: #ffffff;\">Este producto contiene 100% zapallo loche y no tiene preservantes, fue elaborado con la idea de que nuestros clientes puedan agregarlo a su comida diaria con practicidad. El zapallo loche ha sido valorado como un superalimento desde la antig\u00fcedad por sus extraordinarios atributos nutricionales, el zapallo loche es un cultivo nativo y emblem\u00e1tico de la costa norte peruana y protagonista estelar de su gastronom\u00eda, especialmente en la regi\u00f3n Lambayeque.<\/span><\/p>","protected":false},"featured_media":3365,"comment_status":"open","ping_status":"closed","template":"","meta":[],"product_cat":[15],"product_tag":[],"class_list":["post-3059","product","type-product","status-publish","has-post-thumbnail","hentry","product_cat-productos-deshidratados"],"tiered_pricing_type":"fixed","tiered_pricing_fixed_rules":[],"acf":[],"_links":{"self":[{"href":"https:\/\/intikisa.pe\/en\/wp-json\/wp\/v2\/product\/3059","targetHints":{"allow":["GET"]}}],"collection":[{"href":"https:\/\/intikisa.pe\/en\/wp-json\/wp\/v2\/product"}],"about":[{"href":"https:\/\/intikisa.pe\/en\/wp-json\/wp\/v2\/types\/product"}],"replies":[{"embeddable":true,"href":"https:\/\/intikisa.pe\/en\/wp-json\/wp\/v2\/comments?post=3059"}],"wp:featuredmedia":[{"embeddable":true,"href":"https:\/\/intikisa.pe\/en\/wp-json\/wp\/v2\/media\/3365"}],"wp:attachment":[{"href":"https:\/\/intikisa.pe\/en\/wp-json\/wp\/v2\/media?parent=3059"}],"wp:term":[{"taxonomy":"product_cat","embeddable":true,"href":"https:\/\/intikisa.pe\/en\/wp-json\/wp\/v2\/product_cat?post=3059"},{"taxonomy":"product_tag","embeddable":true,"href":"https:\/\/intikisa.pe\/en\/wp-json\/wp\/v2\/product_tag?post=3059"}],"curies":[{"name":"wp","href":"https:\/\/api.w.org\/{rel}","templated":true}]}}