{"id":3350,"date":"2023-09-14T02:38:49","date_gmt":"2023-09-14T02:38:49","guid":{"rendered":"https:\/\/intikisa.pe\/?post_type=product&#038;p=3350"},"modified":"2024-08-21T04:24:20","modified_gmt":"2024-08-21T04:24:20","slug":"cacao-powder","status":"publish","type":"product","link":"https:\/\/intikisa.pe\/en\/product\/cacao-powder\/","title":{"rendered":"CACAO POWDER"},"content":{"rendered":"<p><strong><span style=\"color: #ffffff;\">El cacao contiene minerales importantes como el magnesio y el hierro. S\u00f3lo una cucharada de cacao en polvo puede aportar el 10% de las necesidades diarias de magnesio. El magnesio es necesario para cientos de procesos corporales, como las reacciones que favorecen el equilibrio del az\u00facar en sangre, una digesti\u00f3n sana y la relajaci\u00f3n.<\/span><\/strong><\/p>","protected":false},"excerpt":{"rendered":"<p><strong><span style=\"color: #ffffff;\">El cacao contiene minerales importantes como el magnesio y el hierro. S\u00f3lo una cucharada de cacao en polvo puede aportar el 10% de las necesidades diarias de magnesio. El magnesio es necesario para cientos de procesos corporales, como las reacciones que favorecen el equilibrio del az\u00facar en sangre, una digesti\u00f3n sana y la relajaci\u00f3n.<\/span><\/strong><\/p>","protected":false},"featured_media":3351,"comment_status":"open","ping_status":"closed","template":"","meta":[],"product_cat":[22],"product_tag":[],"class_list":["post-3350","product","type-product","status-publish","has-post-thumbnail","hentry","product_cat-chocolate"],"tiered_pricing_type":"fixed","tiered_pricing_fixed_rules":{"2":"19.70","6":"17.85"},"acf":[],"_links":{"self":[{"href":"https:\/\/intikisa.pe\/en\/wp-json\/wp\/v2\/product\/3350","targetHints":{"allow":["GET"]}}],"collection":[{"href":"https:\/\/intikisa.pe\/en\/wp-json\/wp\/v2\/product"}],"about":[{"href":"https:\/\/intikisa.pe\/en\/wp-json\/wp\/v2\/types\/product"}],"replies":[{"embeddable":true,"href":"https:\/\/intikisa.pe\/en\/wp-json\/wp\/v2\/comments?post=3350"}],"wp:featuredmedia":[{"embeddable":true,"href":"https:\/\/intikisa.pe\/en\/wp-json\/wp\/v2\/media\/3351"}],"wp:attachment":[{"href":"https:\/\/intikisa.pe\/en\/wp-json\/wp\/v2\/media?parent=3350"}],"wp:term":[{"taxonomy":"product_cat","embeddable":true,"href":"https:\/\/intikisa.pe\/en\/wp-json\/wp\/v2\/product_cat?post=3350"},{"taxonomy":"product_tag","embeddable":true,"href":"https:\/\/intikisa.pe\/en\/wp-json\/wp\/v2\/product_tag?post=3350"}],"curies":[{"name":"wp","href":"https:\/\/api.w.org\/{rel}","templated":true}]}}