{"id":3370,"date":"2023-09-22T20:13:10","date_gmt":"2023-09-22T20:13:10","guid":{"rendered":"https:\/\/intikisa.pe\/?post_type=product&#038;p=3370"},"modified":"2024-08-06T17:08:30","modified_gmt":"2024-08-06T17:08:30","slug":"chocomani-intikisa","status":"publish","type":"product","link":"https:\/\/intikisa.pe\/en\/product\/chocomani-intikisa\/","title":{"rendered":"CHOCOMAN\u00cd INTIKISA"},"content":{"rendered":"<p><span style=\"color: #ffffff;\">Nuestro Chocoman\u00ed, <b>es una mantequilla que deleita todos tus sentidos<\/b>. Endulzan tus mejores momentos del d\u00eda, a la vez que le aportan energ\u00eda y prote\u00edna a tu organismo. <b>Adem\u00e1s de brindarte prote\u00edna, fibra, potasio y grasas saludables, una porci\u00f3n de mantequilla de man\u00ed te dar\u00e1 3 mg de vitamina E, la cual es antioxidante<\/b>. Tambi\u00e9n obtienes 49 gramos de magnesio, que ayuda a los huesos y la recuperaci\u00f3n de los m\u00fasculos.<\/span><\/p>","protected":false},"excerpt":{"rendered":"<p><span style=\"color: #ffffff;\">Nuestro Chocoman\u00ed, <b>es una mantequilla que deleita todos tus sentidos<\/b>. Endulzan tus mejores momentos del d\u00eda, a la vez que le aportan energ\u00eda y prote\u00edna a tu organismo. <b>Adem\u00e1s de brindarte prote\u00edna, fibra, potasio y grasas saludables, una porci\u00f3n de mantequilla de man\u00ed te dar\u00e1 3 mg de vitamina E, la cual es antioxidante<\/b>. Tambi\u00e9n obtienes 49 gramos de magnesio, que ayuda a los huesos y la recuperaci\u00f3n de los m\u00fasculos.<\/span><\/p>","protected":false},"featured_media":3371,"comment_status":"open","ping_status":"closed","template":"","meta":[],"product_cat":[22,78],"product_tag":[],"class_list":["post-3370","product","type-product","status-publish","has-post-thumbnail","hentry","product_cat-chocolate","product_cat-productos-para-untar"],"tiered_pricing_type":"fixed","tiered_pricing_fixed_rules":[],"acf":[],"_links":{"self":[{"href":"https:\/\/intikisa.pe\/en\/wp-json\/wp\/v2\/product\/3370","targetHints":{"allow":["GET"]}}],"collection":[{"href":"https:\/\/intikisa.pe\/en\/wp-json\/wp\/v2\/product"}],"about":[{"href":"https:\/\/intikisa.pe\/en\/wp-json\/wp\/v2\/types\/product"}],"replies":[{"embeddable":true,"href":"https:\/\/intikisa.pe\/en\/wp-json\/wp\/v2\/comments?post=3370"}],"wp:featuredmedia":[{"embeddable":true,"href":"https:\/\/intikisa.pe\/en\/wp-json\/wp\/v2\/media\/3371"}],"wp:attachment":[{"href":"https:\/\/intikisa.pe\/en\/wp-json\/wp\/v2\/media?parent=3370"}],"wp:term":[{"taxonomy":"product_cat","embeddable":true,"href":"https:\/\/intikisa.pe\/en\/wp-json\/wp\/v2\/product_cat?post=3370"},{"taxonomy":"product_tag","embeddable":true,"href":"https:\/\/intikisa.pe\/en\/wp-json\/wp\/v2\/product_tag?post=3370"}],"curies":[{"name":"wp","href":"https:\/\/api.w.org\/{rel}","templated":true}]}}