{"id":3372,"date":"2023-09-22T20:23:40","date_gmt":"2023-09-22T20:23:40","guid":{"rendered":"https:\/\/intikisa.pe\/?post_type=product&#038;p=3372"},"modified":"2024-08-06T17:09:29","modified_gmt":"2024-08-06T17:09:29","slug":"mantequilla-de-almendras-intikisa","status":"publish","type":"product","link":"https:\/\/intikisa.pe\/en\/product\/mantequilla-de-almendras-intikisa\/","title":{"rendered":"MANTEQUILLA DE ALMENDRAS INTIKISA"},"content":{"rendered":"<p><span style=\"color: #ffffff;\"><strong>Nuestra mantequilla de almendras Intikisa, contiene fibra y grasas saludables, ayudando as\u00ed a la funci\u00f3n digestiva y el tener una dieta saludable, como tambi\u00e9n ayuda a mejorar los niveles de colesterol en la sangre, ayudando al metabolismo a combatir enfermedades cardiovasculares. Adem\u00e1s, ayuda y favorece a la renovaci\u00f3n de la piel ya que contiene VITAMINA E, lo que protege a la piel del da\u00f1o solar. Gracias a su bajo nivel de az\u00facares ayudar\u00e1 a regular los niveles de az\u00facar en tu organismo. Esto convierte a la Mantequilla de Almendras\u00a0en una sabia alternativa para aquellos que sufren o tienen riesgo de padecer diabetes, porque no habr\u00e1 un incremento significativo de az\u00facar o insulina.<\/strong><\/span><\/p>\n<p>&nbsp;<\/p>","protected":false},"excerpt":{"rendered":"<p><span style=\"color: #ffffff;\"><strong>Nuestra mantequilla de almendras Intikisa, contiene fibra y grasas saludables, ayudando as\u00ed a la funci\u00f3n digestiva y el tener una dieta saludable, como tambi\u00e9n ayuda a mejorar los niveles de colesterol en la sangre, ayudando al metabolismo a combatir enfermedades cardiovasculares. Adem\u00e1s, ayuda y favorece a la renovaci\u00f3n de la piel ya que contiene VITAMINA E, lo que protege a la piel del da\u00f1o solar. Gracias a su bajo nivel de az\u00facares ayudar\u00e1 a regular los niveles de az\u00facar en tu organismo. Esto convierte a la Mantequilla de Almendras\u00a0en una sabia alternativa para aquellos que sufren o tienen riesgo de padecer diabetes, porque no habr\u00e1 un incremento significativo de az\u00facar o insulina.<\/strong><\/span><\/p>","protected":false},"featured_media":3373,"comment_status":"open","ping_status":"closed","template":"","meta":[],"product_cat":[78],"product_tag":[],"class_list":["post-3372","product","type-product","status-publish","has-post-thumbnail","hentry","product_cat-productos-para-untar"],"tiered_pricing_type":"fixed","tiered_pricing_fixed_rules":[],"acf":[],"_links":{"self":[{"href":"https:\/\/intikisa.pe\/en\/wp-json\/wp\/v2\/product\/3372","targetHints":{"allow":["GET"]}}],"collection":[{"href":"https:\/\/intikisa.pe\/en\/wp-json\/wp\/v2\/product"}],"about":[{"href":"https:\/\/intikisa.pe\/en\/wp-json\/wp\/v2\/types\/product"}],"replies":[{"embeddable":true,"href":"https:\/\/intikisa.pe\/en\/wp-json\/wp\/v2\/comments?post=3372"}],"wp:featuredmedia":[{"embeddable":true,"href":"https:\/\/intikisa.pe\/en\/wp-json\/wp\/v2\/media\/3373"}],"wp:attachment":[{"href":"https:\/\/intikisa.pe\/en\/wp-json\/wp\/v2\/media?parent=3372"}],"wp:term":[{"taxonomy":"product_cat","embeddable":true,"href":"https:\/\/intikisa.pe\/en\/wp-json\/wp\/v2\/product_cat?post=3372"},{"taxonomy":"product_tag","embeddable":true,"href":"https:\/\/intikisa.pe\/en\/wp-json\/wp\/v2\/product_tag?post=3372"}],"curies":[{"name":"wp","href":"https:\/\/api.w.org\/{rel}","templated":true}]}}