{"id":406,"date":"2022-04-09T20:04:49","date_gmt":"2022-04-09T20:04:49","guid":{"rendered":"https:\/\/intikisa.pe\/?post_type=product&#038;p=406"},"modified":"2025-12-08T13:53:34","modified_gmt":"2025-12-08T18:53:34","slug":"maca-gelatinizada","status":"publish","type":"product","link":"https:\/\/intikisa.pe\/en\/product\/maca-gelatinizada\/","title":{"rendered":"MIX MACA GELATINIZADA"},"content":{"rendered":"<p><span style=\"color: #ffffff;\"><strong>El polvo de maca gelatinizada de Intikisa Per\u00fa est\u00e1 elaborado con maca 100% andina que est\u00e1 llena de propiedades y beneficios para nuestra salud, adem\u00e1s de potenciar nuestra energ\u00eda. IDEAL PARA BATIDOS DE PROTE\u00cdNAS. Este producto contiene 3 tipos de Maca (Negra, amarilla y roja)<\/strong><\/span><\/p>\n<h2><span style=\"color: #ffffff;\"><strong>PROPERTIES:<\/strong><\/span><\/h2>\n<ul>\n<li><span style=\"color: #ffffff;\"><strong>Incrementa la energ\u00eda en forma natural.<\/strong><\/span><\/li>\n<li><span style=\"color: #ffffff;\"><strong>Resistencia y vigor en los atletas.<\/strong><\/span><\/li>\n<li><span style=\"color: #ffffff;\"><strong>Promueve la claridad mental.<\/strong><\/span><\/li>\n<li><span style=\"color: #ffffff;\"><strong>Improves memory.<\/strong><\/span><\/li>\n<li><span style=\"color: #ffffff;\"><strong>Tratamiento ante la impotencia en el hombre y otros desordenes de la fertilidad.<\/strong><\/span><\/li>\n<li><span style=\"color: #ffffff;\"><strong>Regula el periodo Menstrual y los desbalances hormonales en las mujeres.<\/strong><\/span><\/li>\n<\/ul>\n<p>&nbsp;<\/p>\n<p><span style=\"color: #ffffff;\"><strong>Kosher certified<\/strong><\/span><\/p>\n<p><span style=\"color: #ffffff;\"><strong><img decoding=\"async\" class=\"alignnone wp-image-1226 lazyload\" data-src=\"https:\/\/intikisa.pe\/wp-content\/uploads\/2022\/05\/certificacion-Kosher-siagro-export-300x296.png\" alt=\"\" width=\"100\" height=\"100\" data-srcset=\"https:\/\/intikisa.pe\/wp-content\/uploads\/2022\/05\/certificacion-Kosher-siagro-export-300x296.png 300w, https:\/\/intikisa.pe\/wp-content\/uploads\/2022\/05\/certificacion-Kosher-siagro-export-380x375.png 380w, https:\/\/intikisa.pe\/wp-content\/uploads\/2022\/05\/certificacion-Kosher-siagro-export-100x100.png 100w, https:\/\/intikisa.pe\/wp-content\/uploads\/2022\/05\/certificacion-Kosher-siagro-export-150x150.png 150w, https:\/\/intikisa.pe\/wp-content\/uploads\/2022\/05\/certificacion-Kosher-siagro-export.png 400w\" data-sizes=\"(max-width: 100px) 100vw, 100px\" src=\"data:image\/svg+xml;base64,PHN2ZyB3aWR0aD0iMSIgaGVpZ2h0PSIxIiB4bWxucz0iaHR0cDovL3d3dy53My5vcmcvMjAwMC9zdmciPjwvc3ZnPg==\" style=\"--smush-placeholder-width: 100px; --smush-placeholder-aspect-ratio: 100\/100;\" \/><\/strong><\/span><\/p>","protected":false},"excerpt":{"rendered":"<p><span style=\"color: #ffffff;\"><strong>El polvo de maca gelatinizada de Intikisa Per\u00fa est\u00e1 elaborado con maca 100% andina que est\u00e1 llena de propiedades y beneficios para nuestra salud, adem\u00e1s de potenciar nuestra energ\u00eda. IDEAL PARA BATIDOS DE PROTE\u00cdNAS. Este producto contiene 3 tipos de Maca (Negra, amarilla y roja)<\/strong><\/span><\/p>","protected":false},"featured_media":3255,"comment_status":"open","ping_status":"closed","template":"","meta":[],"product_cat":[88],"product_tag":[45],"class_list":["post-406","product","type-product","status-publish","has-post-thumbnail","hentry","product_cat-polvo","product_tag-maca"],"tiered_pricing_type":"fixed","tiered_pricing_fixed_rules":[],"acf":[],"_links":{"self":[{"href":"https:\/\/intikisa.pe\/en\/wp-json\/wp\/v2\/product\/406","targetHints":{"allow":["GET"]}}],"collection":[{"href":"https:\/\/intikisa.pe\/en\/wp-json\/wp\/v2\/product"}],"about":[{"href":"https:\/\/intikisa.pe\/en\/wp-json\/wp\/v2\/types\/product"}],"replies":[{"embeddable":true,"href":"https:\/\/intikisa.pe\/en\/wp-json\/wp\/v2\/comments?post=406"}],"wp:featuredmedia":[{"embeddable":true,"href":"https:\/\/intikisa.pe\/en\/wp-json\/wp\/v2\/media\/3255"}],"wp:attachment":[{"href":"https:\/\/intikisa.pe\/en\/wp-json\/wp\/v2\/media?parent=406"}],"wp:term":[{"taxonomy":"product_cat","embeddable":true,"href":"https:\/\/intikisa.pe\/en\/wp-json\/wp\/v2\/product_cat?post=406"},{"taxonomy":"product_tag","embeddable":true,"href":"https:\/\/intikisa.pe\/en\/wp-json\/wp\/v2\/product_tag?post=406"}],"curies":[{"name":"wp","href":"https:\/\/api.w.org\/{rel}","templated":true}]}}