{"id":4232,"date":"2024-08-20T14:10:15","date_gmt":"2024-08-20T14:10:15","guid":{"rendered":"https:\/\/intikisa.pe\/?post_type=product&#038;p=4232"},"modified":"2024-08-23T03:48:39","modified_gmt":"2024-08-23T03:48:39","slug":"intisal-lavanda-jazmin-y-petalos-de-rosa","status":"publish","type":"product","link":"https:\/\/intikisa.pe\/en\/product\/intisal-lavanda-jazmin-y-petalos-de-rosa\/","title":{"rendered":"INTISAL &#8211; Lavanda jazm\u00edn y p\u00e9talos de rosa"},"content":{"rendered":"<p><strong>Composici\u00f3n <\/strong><\/p>\n<ul>\n<li>Sal de Maras<\/li>\n<li>Lavanda y Jazm\u00edn<\/li>\n<li>P\u00e9talos de Rosas<\/li>\n<\/ul>\n<p><strong>Modo de uso<\/strong><\/p>\n<ol>\n<li>Llenar la ba\u00f1era de agua a temperatura<br \/>\n\u00f3ptima para el cuidado de tu piel.<\/li>\n<li>Disolver la cantidad ideal del producto<br \/>\nseg\u00fan el tama\u00f1o de tu ba\u00f1era.<\/li>\n<li>Introducir el cuerpo en la ba\u00f1era para<br \/>\ndisfrutar y conectar con tu interior.<\/li>\n<\/ol>","protected":false},"excerpt":{"rendered":"<p style=\"text-align: left;\">Calma C\u00f3smika te presenta \u201cSal de ba\u00f1o con Lavanda, Jazm\u00edn y P\u00e9talos de Rosas\u201d, un acompa\u00f1ante ideal para tus ba\u00f1os de relajaci\u00f3n y desintoxicaci\u00f3n con un delicioso aroma de rosas.<\/p>","protected":false},"featured_media":4233,"comment_status":"open","ping_status":"closed","template":"","meta":[],"product_cat":[44],"product_tag":[],"class_list":["post-4232","product","type-product","status-publish","has-post-thumbnail","hentry","product_cat-aceites-naturales"],"tiered_pricing_type":"fixed","tiered_pricing_fixed_rules":[],"acf":[],"_links":{"self":[{"href":"https:\/\/intikisa.pe\/en\/wp-json\/wp\/v2\/product\/4232","targetHints":{"allow":["GET"]}}],"collection":[{"href":"https:\/\/intikisa.pe\/en\/wp-json\/wp\/v2\/product"}],"about":[{"href":"https:\/\/intikisa.pe\/en\/wp-json\/wp\/v2\/types\/product"}],"replies":[{"embeddable":true,"href":"https:\/\/intikisa.pe\/en\/wp-json\/wp\/v2\/comments?post=4232"}],"wp:featuredmedia":[{"embeddable":true,"href":"https:\/\/intikisa.pe\/en\/wp-json\/wp\/v2\/media\/4233"}],"wp:attachment":[{"href":"https:\/\/intikisa.pe\/en\/wp-json\/wp\/v2\/media?parent=4232"}],"wp:term":[{"taxonomy":"product_cat","embeddable":true,"href":"https:\/\/intikisa.pe\/en\/wp-json\/wp\/v2\/product_cat?post=4232"},{"taxonomy":"product_tag","embeddable":true,"href":"https:\/\/intikisa.pe\/en\/wp-json\/wp\/v2\/product_tag?post=4232"}],"curies":[{"name":"wp","href":"https:\/\/api.w.org\/{rel}","templated":true}]}}