{"id":4234,"date":"2024-08-19T19:06:11","date_gmt":"2024-08-19T19:06:11","guid":{"rendered":"https:\/\/intikisa.pe\/?post_type=product&#038;p=4234"},"modified":"2024-08-23T03:53:41","modified_gmt":"2024-08-23T03:53:41","slug":"intisal-eucalipto-y-esencia-de-cristal","status":"publish","type":"product","link":"https:\/\/intikisa.pe\/en\/product\/intisal-eucalipto-y-esencia-de-cristal\/","title":{"rendered":"INTISAL &#8211; Eucalipto y esencia de cristal"},"content":{"rendered":"<p><strong>Composici\u00f3n <\/strong><\/p>\n<ul>\n<li>Sal de Maras<\/li>\n<li>Esencia de Crystal<\/li>\n<li>Eucalipto<\/li>\n<\/ul>\n<p><strong>Modo de uso<\/strong><\/p>\n<ol>\n<li>Llenar la ba\u00f1era de agua a temperatura<br \/>\n\u00f3ptima para el cuidado de tu piel.<\/li>\n<li>Disolver la cantidad ideal del producto<br \/>\nseg\u00fan el tama\u00f1o de tu ba\u00f1era.<\/li>\n<li>Introducir el cuerpo en la ba\u00f1era para<br \/>\ndisfrutar y conectar con tu interior.<\/li>\n<\/ol>","protected":false},"excerpt":{"rendered":"<p>Calma C\u00f3smika te presenta \u201cSal de ba\u00f1o con<br \/>\nEucalipto y Esencia de Crystal\u201d, una excusa<br \/>\ngrandiosa para dedicarnos un momento a<br \/>\nnosotros y poder escuchar nuestro cuerpo.<\/p>","protected":false},"featured_media":4235,"comment_status":"open","ping_status":"closed","template":"","meta":[],"product_cat":[44],"product_tag":[],"class_list":["post-4234","product","type-product","status-publish","has-post-thumbnail","hentry","product_cat-aceites-naturales"],"tiered_pricing_type":"fixed","tiered_pricing_fixed_rules":[],"acf":[],"_links":{"self":[{"href":"https:\/\/intikisa.pe\/en\/wp-json\/wp\/v2\/product\/4234","targetHints":{"allow":["GET"]}}],"collection":[{"href":"https:\/\/intikisa.pe\/en\/wp-json\/wp\/v2\/product"}],"about":[{"href":"https:\/\/intikisa.pe\/en\/wp-json\/wp\/v2\/types\/product"}],"replies":[{"embeddable":true,"href":"https:\/\/intikisa.pe\/en\/wp-json\/wp\/v2\/comments?post=4234"}],"wp:featuredmedia":[{"embeddable":true,"href":"https:\/\/intikisa.pe\/en\/wp-json\/wp\/v2\/media\/4235"}],"wp:attachment":[{"href":"https:\/\/intikisa.pe\/en\/wp-json\/wp\/v2\/media?parent=4234"}],"wp:term":[{"taxonomy":"product_cat","embeddable":true,"href":"https:\/\/intikisa.pe\/en\/wp-json\/wp\/v2\/product_cat?post=4234"},{"taxonomy":"product_tag","embeddable":true,"href":"https:\/\/intikisa.pe\/en\/wp-json\/wp\/v2\/product_tag?post=4234"}],"curies":[{"name":"wp","href":"https:\/\/api.w.org\/{rel}","templated":true}]}}