{"id":4255,"date":"2024-08-20T14:39:52","date_gmt":"2024-08-20T14:39:52","guid":{"rendered":"https:\/\/intikisa.pe\/?post_type=product&#038;p=4255"},"modified":"2024-08-20T14:42:22","modified_gmt":"2024-08-20T14:42:22","slug":"humidificador-220ml","status":"publish","type":"product","link":"https:\/\/intikisa.pe\/en\/product\/humidificador-220ml\/","title":{"rendered":"Humidificador 220ml"},"content":{"rendered":"<p>Estos humidificadores en forma de panda cuenta con una capacidad de 220 ml, son unos adorables dispositivos que ayudan a mantener el aire fresco y h\u00famedo en tu hogar. Con su dise\u00f1o simp\u00e1tico que se asemeja a un panda, son perfectos para a\u00f1adir un toque divertido a la habitaci\u00f3n. Adem\u00e1s de lucir tiernos, estos humidificadores ayudan a combatir la sequedad del aire, lo que puede ser genial para que todos respiren mejor y se sientan m\u00e1s c\u00f3modos. Cuentan con luces de colores y la opci\u00f3n de difundir aromas agradables, \u00a1as\u00ed que no solo son \u00fatiles, sino que tambi\u00e9n crean un ambiente encantador! Sin duda, un compa\u00f1ero adorable para tu bienestar.<\/p>","protected":false},"excerpt":{"rendered":"<p>Los humidificadores en forma de panda son encantadores dispositivos que a\u00f1aden humedad al aire mientras decoran tu espacio de manera divertida. Perfectos para habitaciones infantiles o cualquier lugar acogedor, ayudan a combatir la sequedad, mejoran la respiraci\u00f3n y suelen incluir luces LED y difusores de aroma. Son una forma adorable de cuidar tu bienestar en casa.<\/p>","protected":false},"featured_media":4257,"comment_status":"open","ping_status":"closed","template":"","meta":[],"product_cat":[92],"product_tag":[],"class_list":["post-4255","product","type-product","status-publish","has-post-thumbnail","hentry","product_cat-productos-accesorios"],"tiered_pricing_type":"fixed","tiered_pricing_fixed_rules":[],"acf":[],"_links":{"self":[{"href":"https:\/\/intikisa.pe\/en\/wp-json\/wp\/v2\/product\/4255","targetHints":{"allow":["GET"]}}],"collection":[{"href":"https:\/\/intikisa.pe\/en\/wp-json\/wp\/v2\/product"}],"about":[{"href":"https:\/\/intikisa.pe\/en\/wp-json\/wp\/v2\/types\/product"}],"replies":[{"embeddable":true,"href":"https:\/\/intikisa.pe\/en\/wp-json\/wp\/v2\/comments?post=4255"}],"wp:featuredmedia":[{"embeddable":true,"href":"https:\/\/intikisa.pe\/en\/wp-json\/wp\/v2\/media\/4257"}],"wp:attachment":[{"href":"https:\/\/intikisa.pe\/en\/wp-json\/wp\/v2\/media?parent=4255"}],"wp:term":[{"taxonomy":"product_cat","embeddable":true,"href":"https:\/\/intikisa.pe\/en\/wp-json\/wp\/v2\/product_cat?post=4255"},{"taxonomy":"product_tag","embeddable":true,"href":"https:\/\/intikisa.pe\/en\/wp-json\/wp\/v2\/product_tag?post=4255"}],"curies":[{"name":"wp","href":"https:\/\/api.w.org\/{rel}","templated":true}]}}