{"id":4265,"date":"2024-08-20T14:58:48","date_gmt":"2024-08-20T14:58:48","guid":{"rendered":"https:\/\/intikisa.pe\/?post_type=product&#038;p=4265"},"modified":"2024-08-20T14:59:47","modified_gmt":"2024-08-20T14:59:47","slug":"mini-licuadora-portatil-350ml","status":"publish","type":"product","link":"https:\/\/intikisa.pe\/en\/product\/mini-licuadora-portatil-350ml\/","title":{"rendered":"Mini licuadora port\u00e1til 350ml"},"content":{"rendered":"<p>Presentamos la Mini Licuadora Port\u00e1til, la soluci\u00f3n perfecta para quienes buscan comodidad y versatilidad en la preparaci\u00f3n de batidos. Dise\u00f1ada para adaptarse a tu estilo de vida activo, esta licuadora compacta es ideal para llevar a cualquier lugar, ya sea al gimnasio, la oficina o durante tus viajes. Con su potente motor y cuchillas de acero inoxidable, la Mini Licuadora Port\u00e1til puede triturar frutas, verduras en segundos, permiti\u00e9ndote disfrutar de tus bebidas saludables en un instante. Su dise\u00f1o recargable te ofrece la libertad de usarla sin necesidad de estar conectada a una fuente de energ\u00eda, y su bater\u00eda de larga duraci\u00f3n asegura que siempre est\u00e9 lista para usar.<\/p>","protected":false},"excerpt":{"rendered":"<p>La Mini Licuadora Port\u00e1til es compacta y ligera, dise\u00f1ada para preparar batidos en segundos. Con un potente motor y cuchillas de acero inoxidable, es recargable y perfecta para llevar a cualquier lugar. Su sistema de seguridad y f\u00e1cil limpieza la convierten en la opci\u00f3n ideal para un estilo de vida saludable sobre la marcha.<\/p>","protected":false},"featured_media":4266,"comment_status":"open","ping_status":"closed","template":"","meta":[],"product_cat":[92],"product_tag":[],"class_list":["post-4265","product","type-product","status-publish","has-post-thumbnail","hentry","product_cat-productos-accesorios"],"tiered_pricing_type":"fixed","tiered_pricing_fixed_rules":[],"acf":[],"_links":{"self":[{"href":"https:\/\/intikisa.pe\/en\/wp-json\/wp\/v2\/product\/4265","targetHints":{"allow":["GET"]}}],"collection":[{"href":"https:\/\/intikisa.pe\/en\/wp-json\/wp\/v2\/product"}],"about":[{"href":"https:\/\/intikisa.pe\/en\/wp-json\/wp\/v2\/types\/product"}],"replies":[{"embeddable":true,"href":"https:\/\/intikisa.pe\/en\/wp-json\/wp\/v2\/comments?post=4265"}],"wp:featuredmedia":[{"embeddable":true,"href":"https:\/\/intikisa.pe\/en\/wp-json\/wp\/v2\/media\/4266"}],"wp:attachment":[{"href":"https:\/\/intikisa.pe\/en\/wp-json\/wp\/v2\/media?parent=4265"}],"wp:term":[{"taxonomy":"product_cat","embeddable":true,"href":"https:\/\/intikisa.pe\/en\/wp-json\/wp\/v2\/product_cat?post=4265"},{"taxonomy":"product_tag","embeddable":true,"href":"https:\/\/intikisa.pe\/en\/wp-json\/wp\/v2\/product_tag?post=4265"}],"curies":[{"name":"wp","href":"https:\/\/api.w.org\/{rel}","templated":true}]}}