{"id":4656,"date":"2024-11-23T19:23:10","date_gmt":"2024-11-23T19:23:10","guid":{"rendered":"https:\/\/intikisa.pe\/?post_type=product&#038;p=4656"},"modified":"2025-12-19T10:24:41","modified_gmt":"2025-12-19T15:24:41","slug":"aguaje-powder","status":"publish","type":"product","link":"https:\/\/intikisa.pe\/en\/product\/aguaje-powder\/","title":{"rendered":"Aguaje Powder"},"content":{"rendered":"<p>Fruto agridulce de la Amazon\u00eda peruana con un gran valor nutricional, alto en vitaminas A y C que ayudan en la absorci\u00f3n de hierro, calcio, fitoestr\u00f3genos, importantes para fortalecer el sistema inmunol\u00f3gico.<br \/>\nBeneficios:<\/p>\n<ul>\n<li>Alivia los s\u00edntomas del desequilibrio hormonal.<\/li>\n<li>Reduce el riesgo de c\u00e1ncer de pr\u00f3stata, mama y colon.<\/li>\n<li>Reduce el riesgo de enfermedades card\u00edacas y cardiovasculares.<\/li>\n<li>Previene la p\u00e9rdida de la visi\u00f3n<\/li>\n<\/ul>","protected":false},"excerpt":{"rendered":"<p>El Aguaje al ser un producto de la naturaleza contiene un alto contenido de vitamina A y Vitamina C para la absorci\u00f3n de hierro y calcio, antioxidantes y fitoestr\u00f3genos.<\/p>","protected":false},"featured_media":4659,"comment_status":"open","ping_status":"closed","template":"","meta":[],"product_cat":[88],"product_tag":[],"class_list":["post-4656","product","type-product","status-publish","has-post-thumbnail","hentry","product_cat-polvo"],"tiered_pricing_type":"fixed","tiered_pricing_fixed_rules":[],"acf":[],"_links":{"self":[{"href":"https:\/\/intikisa.pe\/en\/wp-json\/wp\/v2\/product\/4656","targetHints":{"allow":["GET"]}}],"collection":[{"href":"https:\/\/intikisa.pe\/en\/wp-json\/wp\/v2\/product"}],"about":[{"href":"https:\/\/intikisa.pe\/en\/wp-json\/wp\/v2\/types\/product"}],"replies":[{"embeddable":true,"href":"https:\/\/intikisa.pe\/en\/wp-json\/wp\/v2\/comments?post=4656"}],"wp:featuredmedia":[{"embeddable":true,"href":"https:\/\/intikisa.pe\/en\/wp-json\/wp\/v2\/media\/4659"}],"wp:attachment":[{"href":"https:\/\/intikisa.pe\/en\/wp-json\/wp\/v2\/media?parent=4656"}],"wp:term":[{"taxonomy":"product_cat","embeddable":true,"href":"https:\/\/intikisa.pe\/en\/wp-json\/wp\/v2\/product_cat?post=4656"},{"taxonomy":"product_tag","embeddable":true,"href":"https:\/\/intikisa.pe\/en\/wp-json\/wp\/v2\/product_tag?post=4656"}],"curies":[{"name":"wp","href":"https:\/\/api.w.org\/{rel}","templated":true}]}}