{"id":867,"date":"2022-04-20T01:27:01","date_gmt":"2022-04-20T01:27:01","guid":{"rendered":"https:\/\/intikisa.pe\/?post_type=product&#038;p=867"},"modified":"2024-08-06T17:13:31","modified_gmt":"2024-08-06T17:13:31","slug":"mermelada-de-arandanos","status":"publish","type":"product","link":"https:\/\/intikisa.pe\/en\/product\/mermelada-de-arandanos\/","title":{"rendered":"BLUEBERRY JAM"},"content":{"rendered":"<p><span style=\"color: #ffffff;\"><strong>Nuestra mermelada de Ar\u00e1ndanos Intikisa es hecha 100% natural a base de ar\u00e1ndanos selectos, sin preservantes ni endulzantes artificiales. El mejor aliada para esos d\u00eda dulces, acompa\u00f1a tus ma\u00f1anas, tardes o noches con nuestra mermelada m\u00e1s solicitada.<\/strong><\/span><\/p>","protected":false},"excerpt":{"rendered":"<p><span style=\"color: #ffffff;\"><strong>LA MERMELADA DE AR\u00c1NDANOS HECHO CON PURA FRUTA, 100% NATURAL LO CUAL GARANTIZA UN GRAN SABOR Y UN ALTO NIVEL EN VITAMINAS, GARANTIZANDO UN APORTE DE BENEFICIOS PARA SU SALUD.<\/strong><\/span><\/p>","protected":false},"featured_media":3368,"comment_status":"open","ping_status":"closed","template":"","meta":[],"product_cat":[78],"product_tag":[],"class_list":["post-867","product","type-product","status-publish","has-post-thumbnail","hentry","product_cat-productos-para-untar"],"tiered_pricing_type":"fixed","tiered_pricing_fixed_rules":[],"acf":[],"_links":{"self":[{"href":"https:\/\/intikisa.pe\/en\/wp-json\/wp\/v2\/product\/867","targetHints":{"allow":["GET"]}}],"collection":[{"href":"https:\/\/intikisa.pe\/en\/wp-json\/wp\/v2\/product"}],"about":[{"href":"https:\/\/intikisa.pe\/en\/wp-json\/wp\/v2\/types\/product"}],"replies":[{"embeddable":true,"href":"https:\/\/intikisa.pe\/en\/wp-json\/wp\/v2\/comments?post=867"}],"wp:featuredmedia":[{"embeddable":true,"href":"https:\/\/intikisa.pe\/en\/wp-json\/wp\/v2\/media\/3368"}],"wp:attachment":[{"href":"https:\/\/intikisa.pe\/en\/wp-json\/wp\/v2\/media?parent=867"}],"wp:term":[{"taxonomy":"product_cat","embeddable":true,"href":"https:\/\/intikisa.pe\/en\/wp-json\/wp\/v2\/product_cat?post=867"},{"taxonomy":"product_tag","embeddable":true,"href":"https:\/\/intikisa.pe\/en\/wp-json\/wp\/v2\/product_tag?post=867"}],"curies":[{"name":"wp","href":"https:\/\/api.w.org\/{rel}","templated":true}]}}